{"id":11465,"date":"2021-12-09T11:46:47","date_gmt":"2021-12-09T10:46:47","guid":{"rendered":"http:\/\/h2sys.fr\/quienes-somos\/nuestros-valores\/"},"modified":"2022-01-17T14:40:22","modified_gmt":"2022-01-17T13:40:22","slug":"nuestros-valores","status":"publish","type":"page","link":"https:\/\/h2sys.fr\/es\/quienes-somos\/nuestros-valores\/","title":{"rendered":"Nuestros valores"},"content":{"rendered":"<p><div class=\"fusion-fullwidth fullwidth-box fusion-builder-row-1 fusion-flex-container fusion-parallax-none hundred-percent-fullwidth non-hundred-percent-height-scrolling\" style=\"--link_hover_color: #ffffff;--link_color: #eeeeee;--awb-border-radius-top-left:0px;--awb-border-radius-top-right:0px;--awb-border-radius-bottom-right:0px;--awb-border-radius-bottom-left:0px;--awb-padding-top:60px;--awb-padding-bottom:60px;--awb-background-image:url(&quot;http:\/\/h2sys.fr\/wp-content\/uploads\/2021\/08\/bg-bleu-300x111.jpg&quot;);--awb-background-size:cover;--awb-flex-wrap:wrap;\" ><div class=\"fusion-builder-row fusion-row fusion-flex-align-items-flex-start fusion-flex-content-wrap\" style=\"width:104% !important;max-width:104% !important;margin-left: calc(-4% \/ 2 );margin-right: calc(-4% \/ 2 );\"><div class=\"fusion-layout-column fusion_builder_column fusion-builder-column-0 fusion_builder_column_3_5 3_5 fusion-flex-column\" style=\"--awb-bg-size:cover;--awb-width-large:60%;--awb-margin-top-large:0px;--awb-spacing-right-large:3.2%;--awb-margin-bottom-large:0px;--awb-spacing-left-large:3.2%;--awb-width-medium:60%;--awb-order-medium:0;--awb-spacing-right-medium:3.2%;--awb-spacing-left-medium:3.2%;--awb-width-small:100%;--awb-order-small:0;--awb-spacing-right-small:1.92%;--awb-spacing-left-small:1.92%;\"><div class=\"fusion-column-wrapper fusion-column-has-shadow fusion-flex-justify-content-flex-start fusion-content-layout-column\"><div class=\"fusion-title title fusion-title-1 fusion-sep-none fusion-title-text fusion-title-size-two\" style=\"--awb-margin-top:0px;--awb-margin-bottom:30px;--awb-font-size:30px;\"><h2 class=\"fusion-title-heading title-heading-left\" style=\"margin:0;font-size:1em;\"><p>Nuestra\u00a0<span style=\"color: #2478bd;\"><strong>misi\u00f3n:<\/strong><\/span> participar activamentet\u00a0<span style=\"color: #2478bd;\"><strong>en la transici\u00f3n energ\u00e9tica<\/strong><\/span><\/p>\n<p>&nbsp;<\/p><\/h2><\/div><div class=\"fusion-text fusion-text-1\"><p>H2SYS promueve las tecnolog\u00edas de combustible de hidr\u00f3geno para apoyar la <strong>transici\u00f3n energ\u00e9tica<\/strong>.<\/p>\n<p>El <a href=\"http:\/\/h2sys.fr\/es\/tecnologias\/hidrogeno\/\">hidr\u00f3geno<\/a> es una de las mejores soluciones para el almacenamiento sostenible de energ\u00eda procedente de fuentes renovables (solar, e\u00f3lica, etc.). Las soluciones H2SYS permiten convertir el hidr\u00f3geno en electricidad y calor, <strong>sin emisiones de CO2<\/strong> y de forma silenciosa.<\/p>\n<p>La energ\u00eda el\u00e9ctrica se genera a partir de una energ\u00eda qu\u00edmica, el hidr\u00f3geno, y se almacena eficazmente en los sistemas para optimizar su uso. Luego se libera cuando el usuario lo necesita, con mayor eficiencia que los motores de combusti\u00f3n existentes.<\/p>\n<p>Gracias a los progresos realizados en materia de investigaci\u00f3n y a la experiencia y las competencias de <a href=\"http:\/\/h2sys.fr\/es\/quienes-somos\/nuestro-equipo\/\">nuestro equipo<\/a>, hoy podemos ofrecer soluciones innovadoras y respetuosas con el medio ambiente a los agentes econ\u00f3micos e industriales.<\/p>\n<\/div><\/div><\/div><div class=\"fusion-layout-column fusion_builder_column fusion-builder-column-1 fusion_builder_column_2_5 2_5 fusion-flex-column\" style=\"--awb-bg-size:cover;--awb-width-large:40%;--awb-margin-top-large:0px;--awb-spacing-right-large:4.8%;--awb-margin-bottom-large:0px;--awb-spacing-left-large:4.8%;--awb-width-medium:40%;--awb-order-medium:0;--awb-spacing-right-medium:4.8%;--awb-spacing-left-medium:4.8%;--awb-width-small:100%;--awb-order-small:0;--awb-spacing-right-small:1.92%;--awb-spacing-left-small:1.92%;\"><div class=\"fusion-column-wrapper fusion-column-has-shadow fusion-flex-justify-content-flex-start fusion-content-layout-column\"><div class=\"fusion-image-element \" style=\"--awb-margin-bottom:20px;--awb-caption-title-font-family:var(--h2_typography-font-family);--awb-caption-title-font-weight:var(--h2_typography-font-weight);--awb-caption-title-font-style:var(--h2_typography-font-style);--awb-caption-title-size:var(--h2_typography-font-size);--awb-caption-title-transform:var(--h2_typography-text-transform);--awb-caption-title-line-height:var(--h2_typography-line-height);--awb-caption-title-letter-spacing:var(--h2_typography-letter-spacing);\"><span class=\" fusion-imageframe imageframe-none imageframe-1 hover-type-none\"><img decoding=\"async\" width=\"1920\" height=\"1279\" title=\"nature-3294632_1920\" src=\"https:\/\/h2sys.fr\/wp-content\/uploads\/2021\/12\/nature-3294632_1920.jpg\" alt class=\"img-responsive wp-image-12707\" srcset=\"https:\/\/h2sys.fr\/wp-content\/uploads\/2021\/12\/nature-3294632_1920-200x133.jpg 200w, https:\/\/h2sys.fr\/wp-content\/uploads\/2021\/12\/nature-3294632_1920-400x266.jpg 400w, https:\/\/h2sys.fr\/wp-content\/uploads\/2021\/12\/nature-3294632_1920-600x400.jpg 600w, https:\/\/h2sys.fr\/wp-content\/uploads\/2021\/12\/nature-3294632_1920-800x533.jpg 800w, https:\/\/h2sys.fr\/wp-content\/uploads\/2021\/12\/nature-3294632_1920-1200x799.jpg 1200w, https:\/\/h2sys.fr\/wp-content\/uploads\/2021\/12\/nature-3294632_1920.jpg 1920w\" sizes=\"(max-width: 768px) 100vw, 600px\" \/><\/span><\/div><\/div><\/div><\/div><\/div><div class=\"fusion-fullwidth fullwidth-box fusion-builder-row-2 fusion-flex-container fusion-parallax-none hundred-percent-fullwidth non-hundred-percent-height-scrolling\" style=\"--awb-border-radius-top-left:0px;--awb-border-radius-top-right:0px;--awb-border-radius-bottom-right:0px;--awb-border-radius-bottom-left:0px;--awb-padding-top:60px;--awb-padding-bottom:60px;--awb-background-image:url(&quot;http:\/\/h2sys.fr\/wp-content\/uploads\/2021\/08\/bg-bleu-fonce-300x111.jpg&quot;);--awb-background-size:cover;--awb-flex-wrap:wrap;\" ><div class=\"fusion-builder-row fusion-row fusion-flex-align-items-flex-start fusion-flex-content-wrap\" style=\"width:104% !important;max-width:104% !important;margin-left: calc(-4% \/ 2 );margin-right: calc(-4% \/ 2 );\"><div class=\"fusion-layout-column fusion_builder_column fusion-builder-column-2 fusion_builder_column_2_5 2_5 fusion-flex-column\" style=\"--awb-bg-size:cover;--awb-width-large:40%;--awb-margin-top-large:0px;--awb-spacing-right-large:4.8%;--awb-margin-bottom-large:0px;--awb-spacing-left-large:4.8%;--awb-width-medium:40%;--awb-order-medium:0;--awb-spacing-right-medium:4.8%;--awb-spacing-left-medium:4.8%;--awb-width-small:100%;--awb-order-small:0;--awb-spacing-right-small:1.92%;--awb-spacing-left-small:1.92%;\"><div class=\"fusion-column-wrapper fusion-column-has-shadow fusion-flex-justify-content-flex-start fusion-content-layout-column\"><div class=\"fusion-image-element \" style=\"--awb-margin-bottom:20px;--awb-caption-title-font-family:var(--h2_typography-font-family);--awb-caption-title-font-weight:var(--h2_typography-font-weight);--awb-caption-title-font-style:var(--h2_typography-font-style);--awb-caption-title-size:var(--h2_typography-font-size);--awb-caption-title-transform:var(--h2_typography-text-transform);--awb-caption-title-line-height:var(--h2_typography-line-height);--awb-caption-title-letter-spacing:var(--h2_typography-letter-spacing);\"><span class=\" fusion-imageframe imageframe-none imageframe-2 hover-type-none\"><img decoding=\"async\" width=\"300\" height=\"295\" title=\"bulle\" src=\"http:\/\/h2sys.fr\/wp-content\/uploads\/2021\/12\/bulle-300x295.jpeg\" alt class=\"img-responsive wp-image-10854\" srcset=\"https:\/\/h2sys.fr\/wp-content\/uploads\/2021\/12\/bulle-200x197.jpeg 200w, https:\/\/h2sys.fr\/wp-content\/uploads\/2021\/12\/bulle-400x393.jpeg 400w, https:\/\/h2sys.fr\/wp-content\/uploads\/2021\/12\/bulle-600x590.jpeg 600w, https:\/\/h2sys.fr\/wp-content\/uploads\/2021\/12\/bulle.jpeg 610w\" sizes=\"(max-width: 768px) 100vw, 600px\" \/><\/span><\/div><\/div><\/div><div class=\"fusion-layout-column fusion_builder_column fusion-builder-column-3 fusion_builder_column_3_5 3_5 fusion-flex-column\" style=\"--awb-bg-size:cover;--awb-width-large:60%;--awb-margin-top-large:0px;--awb-spacing-right-large:3.2%;--awb-margin-bottom-large:0px;--awb-spacing-left-large:3.2%;--awb-width-medium:60%;--awb-order-medium:0;--awb-spacing-right-medium:3.2%;--awb-spacing-left-medium:3.2%;--awb-width-small:100%;--awb-order-small:0;--awb-spacing-right-small:1.92%;--awb-spacing-left-small:1.92%;\"><div class=\"fusion-column-wrapper fusion-column-has-shadow fusion-flex-justify-content-flex-start fusion-content-layout-column\"><div class=\"fusion-title title fusion-title-2 fusion-sep-none fusion-title-text fusion-title-size-two\" style=\"--awb-text-color:#ffffff;--awb-margin-top:0px;--awb-margin-bottom:30px;--awb-font-size:30px;\"><h2 class=\"fusion-title-heading title-heading-left\" style=\"margin:0;font-size:1em;\">De nuestra misi\u00f3n a <strong>nuestros valores<\/strong><\/h2><\/div><div class=\"fusion-text fusion-text-2\" style=\"--awb-text-color:#ffffff;\"><p>Desde su creaci\u00f3n, H2SYS ha desarrollado fuertes valores que comparte con todos sus empleados.<\/p>\n<p>Estos valores contribuyen a la creaci\u00f3n de la identidad propia de nuestra empresa.<\/p>\n<p>\u00abNuestra fuerza reside en nuestro deseo de crear un esp\u00edritu de equipo y mantener una aut\u00e9ntica cultura de servicio demostrando rigor y responsabilidad. Pero tambi\u00e9n en la voluntad de situar al cliente en el centro de nuestras preocupaciones y de nuestra organizaci\u00f3n para proporcionarle una completa satisfacci\u00f3n.<\/p>\n<p>En una preocupaci\u00f3n constante por ofrecer el mejor servicio a sus clientes, H2SYS es una empresa decididamente volcada hacia el futuro, y hacia la total satisfacci\u00f3n de sus clientes.<\/p>\n<p>La empresa debe su \u00e9xito a los equipos que participan en su desarrollo cada d\u00eda.<\/p>\n<p>En efecto, deseosos de participar activamente en la transici\u00f3n energ\u00e9tica y de satisfacer las necesidades de nuestros clientes, los equipos trabajan en cohesi\u00f3n y en constante investigaci\u00f3n, para proponer y desarrollar soluciones tecnol\u00f3gicas adecuadas, innovadoras y respetuosas con el medio ambiente y alcanzar as\u00ed la excelencia cient\u00edfica y t\u00e9cnica.<\/p>\n<\/div><\/div><\/div><\/div><\/div><div class=\"fusion-fullwidth fullwidth-box fusion-builder-row-3 fusion-flex-container nonhundred-percent-fullwidth non-hundred-percent-height-scrolling\" style=\"--link_hover_color: #2478bd;--link_color: #2e3030;--awb-border-radius-top-left:0px;--awb-border-radius-top-right:0px;--awb-border-radius-bottom-right:0px;--awb-border-radius-bottom-left:0px;--awb-padding-top:60px;--awb-flex-wrap:wrap;\" ><div class=\"fusion-builder-row fusion-row fusion-flex-align-items-flex-start fusion-flex-content-wrap\" style=\"max-width:1331.2px;margin-left: calc(-4% \/ 2 );margin-right: calc(-4% \/ 2 );\"><div class=\"fusion-layout-column fusion_builder_column fusion-builder-column-4 fusion_builder_column_1_1 1_1 fusion-flex-column\" style=\"--awb-bg-size:cover;--awb-width-large:100%;--awb-margin-top-large:0px;--awb-spacing-right-large:1.92%;--awb-margin-bottom-large:0px;--awb-spacing-left-large:1.92%;--awb-width-medium:100%;--awb-order-medium:0;--awb-spacing-right-medium:1.92%;--awb-spacing-left-medium:1.92%;--awb-width-small:100%;--awb-order-small:0;--awb-spacing-right-small:1.92%;--awb-spacing-left-small:1.92%;\"><div class=\"fusion-column-wrapper fusion-column-has-shadow fusion-flex-justify-content-flex-start fusion-content-layout-column\"><div class=\"fusion-title title fusion-title-3 fusion-sep-none fusion-title-text fusion-title-size-two\" style=\"--awb-margin-top:0px;--awb-margin-bottom:30px;--awb-font-size:30px;\"><h2 class=\"fusion-title-heading title-heading-left\" style=\"margin:0;font-size:1em;\"><p><span style=\"color: #2478bd;\"><b>Descubre\u00a0<\/b><\/span>tambi\u00e9n<\/p>\n<p>&nbsp;<\/p><\/h2><\/div><\/div><\/div><div class=\"fusion-layout-column fusion_builder_column fusion-builder-column-5 fusion_builder_column_1_3 1_3 fusion-flex-column\" style=\"--awb-bg-size:cover;--awb-width-large:33.333333333333%;--awb-margin-top-large:0px;--awb-spacing-right-large:5.76%;--awb-margin-bottom-large:30px;--awb-spacing-left-large:5.76%;--awb-width-medium:33.333333333333%;--awb-order-medium:0;--awb-spacing-right-medium:5.76%;--awb-spacing-left-medium:5.76%;--awb-width-small:100%;--awb-order-small:0;--awb-spacing-right-small:1.92%;--awb-spacing-left-small:1.92%;\"><div class=\"fusion-column-wrapper fusion-column-has-shadow fusion-flex-justify-content-flex-start fusion-content-layout-column\"><div class=\"fusion-image-element \" style=\"text-align:center;--awb-liftup-border-radius:20px;--awb-margin-bottom:20px;--awb-caption-title-font-family:var(--h2_typography-font-family);--awb-caption-title-font-weight:var(--h2_typography-font-weight);--awb-caption-title-font-style:var(--h2_typography-font-style);--awb-caption-title-size:var(--h2_typography-font-size);--awb-caption-title-transform:var(--h2_typography-text-transform);--awb-caption-title-line-height:var(--h2_typography-line-height);--awb-caption-title-letter-spacing:var(--h2_typography-letter-spacing);\"><div class=\"awb-image-frame awb-image-frame-3 imageframe-liftup imageframe-3\"><span class=\" fusion-imageframe imageframe-none imageframe-3\" style=\"border-radius:20px;\"><a class=\"fusion-no-lightbox\" href=\"http:\/\/h2sys.fr\/es\/quienes-somos\/nuestra-historia\/\" target=\"_self\" aria-label=\"mini-nos-valeurs\"><img decoding=\"async\" width=\"536\" height=\"332\" src=\"http:\/\/h2sys.fr\/wp-content\/uploads\/2021\/08\/mini-nos-valeurs.jpg\" alt class=\"img-responsive wp-image-11212\" srcset=\"https:\/\/h2sys.fr\/wp-content\/uploads\/2021\/08\/mini-nos-valeurs-200x124.jpg 200w, https:\/\/h2sys.fr\/wp-content\/uploads\/2021\/08\/mini-nos-valeurs-400x248.jpg 400w, https:\/\/h2sys.fr\/wp-content\/uploads\/2021\/08\/mini-nos-valeurs.jpg 536w\" sizes=\"(max-width: 768px) 100vw, 400px\" \/><\/a><\/span><\/div><\/div><div class=\"fusion-title title fusion-title-4 fusion-sep-none fusion-title-center fusion-title-text fusion-title-size-three\" style=\"--awb-margin-top:0px;--awb-margin-bottom:0px;--awb-font-size:20px;\"><h3 class=\"fusion-title-heading title-heading-center\" style=\"margin:0;font-size:1em;\"><a href=\"http:\/\/h2sys.fr\/es\/quienes-somos\/nuestra-historia\/\" class=\"awb-custom-text-color awb-custom-text-hover-color\" target=\"_self\">Nuestra historia<\/a><\/h3><\/div><\/div><\/div>\n<div class=\"fusion-layout-column fusion_builder_column fusion-builder-column-6 fusion_builder_column_1_3 1_3 fusion-flex-column\" style=\"--awb-bg-size:cover;--awb-width-large:33.333333333333%;--awb-margin-top-large:0px;--awb-spacing-right-large:5.76%;--awb-margin-bottom-large:30px;--awb-spacing-left-large:5.76%;--awb-width-medium:33.333333333333%;--awb-order-medium:0;--awb-spacing-right-medium:5.76%;--awb-spacing-left-medium:5.76%;--awb-width-small:100%;--awb-order-small:0;--awb-spacing-right-small:1.92%;--awb-spacing-left-small:1.92%;\"><div class=\"fusion-column-wrapper fusion-column-has-shadow fusion-flex-justify-content-flex-start fusion-content-layout-column\"><div class=\"fusion-image-element \" style=\"text-align:center;--awb-liftup-border-radius:20px;--awb-margin-bottom:20px;--awb-caption-title-font-family:var(--h2_typography-font-family);--awb-caption-title-font-weight:var(--h2_typography-font-weight);--awb-caption-title-font-style:var(--h2_typography-font-style);--awb-caption-title-size:var(--h2_typography-font-size);--awb-caption-title-transform:var(--h2_typography-text-transform);--awb-caption-title-line-height:var(--h2_typography-line-height);--awb-caption-title-letter-spacing:var(--h2_typography-letter-spacing);\"><div class=\"awb-image-frame awb-image-frame-4 imageframe-liftup imageframe-4\"><span class=\" fusion-imageframe imageframe-none imageframe-4\" style=\"border-radius:20px;\"><a class=\"fusion-no-lightbox\" href=\"http:\/\/h2sys.fr\/es\/quienes-somos\/nuestra-experiencia\/\" target=\"_self\" aria-label=\"mini-savoir-faire\"><img decoding=\"async\" width=\"536\" height=\"332\" src=\"http:\/\/h2sys.fr\/wp-content\/uploads\/2021\/08\/mini-savoir-faire.jpg\" alt class=\"img-responsive wp-image-11220\" srcset=\"https:\/\/h2sys.fr\/wp-content\/uploads\/2021\/08\/mini-savoir-faire-200x124.jpg 200w, https:\/\/h2sys.fr\/wp-content\/uploads\/2021\/08\/mini-savoir-faire-400x248.jpg 400w, https:\/\/h2sys.fr\/wp-content\/uploads\/2021\/08\/mini-savoir-faire.jpg 536w\" sizes=\"(max-width: 768px) 100vw, 400px\" \/><\/a><\/span><\/div><\/div><div class=\"fusion-title title fusion-title-5 fusion-sep-none fusion-title-center fusion-title-text fusion-title-size-three\" style=\"--awb-margin-top:0px;--awb-margin-bottom:0px;--awb-font-size:20px;\"><h3 class=\"fusion-title-heading title-heading-center\" style=\"margin:0;font-size:1em;\"><a href=\"http:\/\/h2sys.fr\/es\/quienes-somos\/nuestra-experiencia\/\" class=\"awb-custom-text-color awb-custom-text-hover-color\" target=\"_self\">Nuestra experiencia<\/a><\/h3><\/div><\/div><\/div>\n<div class=\"fusion-layout-column fusion_builder_column fusion-builder-column-7 fusion_builder_column_1_3 1_3 fusion-flex-column\" style=\"--awb-bg-size:cover;--awb-width-large:33.333333333333%;--awb-margin-top-large:0px;--awb-spacing-right-large:5.76%;--awb-margin-bottom-large:30px;--awb-spacing-left-large:5.76%;--awb-width-medium:33.333333333333%;--awb-order-medium:0;--awb-spacing-right-medium:5.76%;--awb-spacing-left-medium:5.76%;--awb-width-small:100%;--awb-order-small:0;--awb-spacing-right-small:1.92%;--awb-spacing-left-small:1.92%;\"><div class=\"fusion-column-wrapper fusion-column-has-shadow fusion-flex-justify-content-flex-start fusion-content-layout-column\"><div class=\"fusion-image-element \" style=\"text-align:center;--awb-liftup-border-radius:20px;--awb-margin-bottom:20px;--awb-caption-title-font-family:var(--h2_typography-font-family);--awb-caption-title-font-weight:var(--h2_typography-font-weight);--awb-caption-title-font-style:var(--h2_typography-font-style);--awb-caption-title-size:var(--h2_typography-font-size);--awb-caption-title-transform:var(--h2_typography-text-transform);--awb-caption-title-line-height:var(--h2_typography-line-height);--awb-caption-title-letter-spacing:var(--h2_typography-letter-spacing);\"><div class=\"awb-image-frame awb-image-frame-5 imageframe-liftup imageframe-5\"><span class=\" fusion-imageframe imageframe-none imageframe-5\" style=\"border-radius:20px;\"><a class=\"fusion-no-lightbox\" href=\"http:\/\/h2sys.fr\/es\/quienes-somos\/nuestra-experiencia\/\" target=\"_self\" aria-label=\"mini-savoir-faire\"><img decoding=\"async\" width=\"536\" height=\"332\" src=\"http:\/\/h2sys.fr\/wp-content\/uploads\/2021\/08\/mini-savoir-faire.jpg\" alt class=\"img-responsive wp-image-11220\" srcset=\"https:\/\/h2sys.fr\/wp-content\/uploads\/2021\/08\/mini-savoir-faire-200x124.jpg 200w, https:\/\/h2sys.fr\/wp-content\/uploads\/2021\/08\/mini-savoir-faire-400x248.jpg 400w, https:\/\/h2sys.fr\/wp-content\/uploads\/2021\/08\/mini-savoir-faire.jpg 536w\" sizes=\"(max-width: 768px) 100vw, 400px\" \/><\/a><\/span><\/div><\/div><div class=\"fusion-title title fusion-title-6 fusion-sep-none fusion-title-center fusion-title-text fusion-title-size-three\" style=\"--awb-margin-top:0px;--awb-margin-bottom:0px;--awb-font-size:20px;\"><h3 class=\"fusion-title-heading title-heading-center\" style=\"margin:0;font-size:1em;\"><a href=\"http:\/\/h2sys.fr\/es\/quienes-somos\/nuestra-experiencia\/\" class=\"awb-custom-text-color awb-custom-text-hover-color\" target=\"_self\">Nuestra experiencia<\/a><\/h3><\/div><\/div><\/div>\n<\/div><\/div><\/p>\n","protected":false},"excerpt":{"rendered":"","protected":false},"author":1,"featured_media":0,"parent":11164,"menu_order":0,"comment_status":"closed","ping_status":"closed","template":"100-width.php","meta":{"footnotes":""},"class_list":["post-11465","page","type-page","status-publish","hentry"],"yoast_head":"<!-- This site is optimized with the Yoast SEO plugin v20.5 - https:\/\/yoast.com\/wordpress\/plugins\/seo\/ -->\n<title>Nuestros valores - H2SYS<\/title>\n<meta name=\"robots\" content=\"index, follow, max-snippet:-1, max-image-preview:large, max-video-preview:-1\" \/>\n<link rel=\"canonical\" href=\"https:\/\/h2sys.fr\/es\/quienes-somos\/nuestros-valores\/\" \/>\n<meta property=\"og:locale\" content=\"es_ES\" \/>\n<meta property=\"og:type\" content=\"article\" \/>\n<meta property=\"og:title\" content=\"Nuestros valores - H2SYS\" \/>\n<meta property=\"og:url\" content=\"https:\/\/h2sys.fr\/es\/quienes-somos\/nuestros-valores\/\" \/>\n<meta property=\"og:site_name\" content=\"H2SYS\" \/>\n<meta property=\"article:modified_time\" content=\"2022-01-17T13:40:22+00:00\" \/>\n<meta name=\"twitter:card\" content=\"summary_large_image\" \/>\n<meta name=\"twitter:label1\" content=\"Tiempo de lectura\" \/>\n\t<meta name=\"twitter:data1\" content=\"11 minutos\" \/>\n<script type=\"application\/ld+json\" class=\"yoast-schema-graph\">{\"@context\":\"https:\/\/schema.org\",\"@graph\":[{\"@type\":\"WebPage\",\"@id\":\"https:\/\/h2sys.fr\/es\/quienes-somos\/nuestros-valores\/\",\"url\":\"https:\/\/h2sys.fr\/es\/quienes-somos\/nuestros-valores\/\",\"name\":\"Nuestros valores - H2SYS\",\"isPartOf\":{\"@id\":\"https:\/\/h2sys.fr\/#website\"},\"datePublished\":\"2021-12-09T10:46:47+00:00\",\"dateModified\":\"2022-01-17T13:40:22+00:00\",\"breadcrumb\":{\"@id\":\"https:\/\/h2sys.fr\/es\/quienes-somos\/nuestros-valores\/#breadcrumb\"},\"inLanguage\":\"es\",\"potentialAction\":[{\"@type\":\"ReadAction\",\"target\":[\"https:\/\/h2sys.fr\/es\/quienes-somos\/nuestros-valores\/\"]}]},{\"@type\":\"BreadcrumbList\",\"@id\":\"https:\/\/h2sys.fr\/es\/quienes-somos\/nuestros-valores\/#breadcrumb\",\"itemListElement\":[{\"@type\":\"ListItem\",\"position\":1,\"name\":\"Qui\u00e9nes somos\",\"item\":\"https:\/\/h2sys.fr\/es\/quienes-somos\/\"},{\"@type\":\"ListItem\",\"position\":2,\"name\":\"Nuestros valores\"}]},{\"@type\":\"WebSite\",\"@id\":\"https:\/\/h2sys.fr\/#website\",\"url\":\"https:\/\/h2sys.fr\/\",\"name\":\"H2SYS\",\"description\":\"Un site utilisant WordPress\",\"publisher\":{\"@id\":\"https:\/\/h2sys.fr\/#organization\"},\"potentialAction\":[{\"@type\":\"SearchAction\",\"target\":{\"@type\":\"EntryPoint\",\"urlTemplate\":\"https:\/\/h2sys.fr\/?s={search_term_string}\"},\"query-input\":\"required name=search_term_string\"}],\"inLanguage\":\"es\"},{\"@type\":\"Organization\",\"@id\":\"https:\/\/h2sys.fr\/#organization\",\"name\":\"H2SYS\",\"url\":\"https:\/\/h2sys.fr\/\",\"logo\":{\"@type\":\"ImageObject\",\"inLanguage\":\"es\",\"@id\":\"https:\/\/h2sys.fr\/#\/schema\/logo\/image\/\",\"url\":\"https:\/\/h2sys.fr\/wp-content\/uploads\/2021\/08\/LOGO-FOOTER.png\",\"contentUrl\":\"https:\/\/h2sys.fr\/wp-content\/uploads\/2021\/08\/LOGO-FOOTER.png\",\"width\":311,\"height\":202,\"caption\":\"H2SYS\"},\"image\":{\"@id\":\"https:\/\/h2sys.fr\/#\/schema\/logo\/image\/\"}}]}<\/script>\n<!-- \/ Yoast SEO plugin. -->","yoast_head_json":{"title":"Nuestros valores - H2SYS","robots":{"index":"index","follow":"follow","max-snippet":"max-snippet:-1","max-image-preview":"max-image-preview:large","max-video-preview":"max-video-preview:-1"},"canonical":"https:\/\/h2sys.fr\/es\/quienes-somos\/nuestros-valores\/","og_locale":"es_ES","og_type":"article","og_title":"Nuestros valores - H2SYS","og_url":"https:\/\/h2sys.fr\/es\/quienes-somos\/nuestros-valores\/","og_site_name":"H2SYS","article_modified_time":"2022-01-17T13:40:22+00:00","twitter_card":"summary_large_image","twitter_misc":{"Tiempo de lectura":"11 minutos"},"schema":{"@context":"https:\/\/schema.org","@graph":[{"@type":"WebPage","@id":"https:\/\/h2sys.fr\/es\/quienes-somos\/nuestros-valores\/","url":"https:\/\/h2sys.fr\/es\/quienes-somos\/nuestros-valores\/","name":"Nuestros valores - H2SYS","isPartOf":{"@id":"https:\/\/h2sys.fr\/#website"},"datePublished":"2021-12-09T10:46:47+00:00","dateModified":"2022-01-17T13:40:22+00:00","breadcrumb":{"@id":"https:\/\/h2sys.fr\/es\/quienes-somos\/nuestros-valores\/#breadcrumb"},"inLanguage":"es","potentialAction":[{"@type":"ReadAction","target":["https:\/\/h2sys.fr\/es\/quienes-somos\/nuestros-valores\/"]}]},{"@type":"BreadcrumbList","@id":"https:\/\/h2sys.fr\/es\/quienes-somos\/nuestros-valores\/#breadcrumb","itemListElement":[{"@type":"ListItem","position":1,"name":"Qui\u00e9nes somos","item":"https:\/\/h2sys.fr\/es\/quienes-somos\/"},{"@type":"ListItem","position":2,"name":"Nuestros valores"}]},{"@type":"WebSite","@id":"https:\/\/h2sys.fr\/#website","url":"https:\/\/h2sys.fr\/","name":"H2SYS","description":"Un site utilisant WordPress","publisher":{"@id":"https:\/\/h2sys.fr\/#organization"},"potentialAction":[{"@type":"SearchAction","target":{"@type":"EntryPoint","urlTemplate":"https:\/\/h2sys.fr\/?s={search_term_string}"},"query-input":"required name=search_term_string"}],"inLanguage":"es"},{"@type":"Organization","@id":"https:\/\/h2sys.fr\/#organization","name":"H2SYS","url":"https:\/\/h2sys.fr\/","logo":{"@type":"ImageObject","inLanguage":"es","@id":"https:\/\/h2sys.fr\/#\/schema\/logo\/image\/","url":"https:\/\/h2sys.fr\/wp-content\/uploads\/2021\/08\/LOGO-FOOTER.png","contentUrl":"https:\/\/h2sys.fr\/wp-content\/uploads\/2021\/08\/LOGO-FOOTER.png","width":311,"height":202,"caption":"H2SYS"},"image":{"@id":"https:\/\/h2sys.fr\/#\/schema\/logo\/image\/"}}]}},"_links":{"self":[{"href":"https:\/\/h2sys.fr\/es\/wp-json\/wp\/v2\/pages\/11465","targetHints":{"allow":["GET"]}}],"collection":[{"href":"https:\/\/h2sys.fr\/es\/wp-json\/wp\/v2\/pages"}],"about":[{"href":"https:\/\/h2sys.fr\/es\/wp-json\/wp\/v2\/types\/page"}],"author":[{"embeddable":true,"href":"https:\/\/h2sys.fr\/es\/wp-json\/wp\/v2\/users\/1"}],"replies":[{"embeddable":true,"href":"https:\/\/h2sys.fr\/es\/wp-json\/wp\/v2\/comments?post=11465"}],"version-history":[{"count":19,"href":"https:\/\/h2sys.fr\/es\/wp-json\/wp\/v2\/pages\/11465\/revisions"}],"predecessor-version":[{"id":13218,"href":"https:\/\/h2sys.fr\/es\/wp-json\/wp\/v2\/pages\/11465\/revisions\/13218"}],"up":[{"embeddable":true,"href":"https:\/\/h2sys.fr\/es\/wp-json\/wp\/v2\/pages\/11164"}],"wp:attachment":[{"href":"https:\/\/h2sys.fr\/es\/wp-json\/wp\/v2\/media?parent=11465"}],"curies":[{"name":"wp","href":"https:\/\/api.w.org\/{rel}","templated":true}]}}