{"id":11357,"date":"2021-12-09T10:06:32","date_gmt":"2021-12-09T09:06:32","guid":{"rendered":"http:\/\/h2sys.fr\/tecnologias\/hibridacion-tecnologica\/"},"modified":"2021-12-22T11:03:25","modified_gmt":"2021-12-22T10:03:25","slug":"hibridacion-tecnologica","status":"publish","type":"page","link":"https:\/\/h2sys.fr\/es\/tecnologias\/hibridacion-tecnologica\/","title":{"rendered":"Hibridaci\u00f3n tecnol\u00f3gica"},"content":{"rendered":"<p><div class=\"fusion-fullwidth fullwidth-box fusion-builder-row-1 fusion-flex-container hundred-percent-fullwidth non-hundred-percent-height-scrolling\" style=\"--awb-border-radius-top-left:0px;--awb-border-radius-top-right:0px;--awb-border-radius-bottom-right:0px;--awb-border-radius-bottom-left:0px;--awb-padding-top:20px;--awb-padding-bottom:60px;--awb-flex-wrap:wrap;\" ><div class=\"fusion-builder-row fusion-row fusion-flex-align-items-flex-start fusion-flex-content-wrap\" style=\"width:104% !important;max-width:104% !important;margin-left: calc(-4% \/ 2 );margin-right: calc(-4% \/ 2 );\"><div class=\"fusion-layout-column fusion_builder_column fusion-builder-column-0 fusion_builder_column_3_5 3_5 fusion-flex-column\" style=\"--awb-bg-size:cover;--awb-width-large:60%;--awb-margin-top-large:0px;--awb-spacing-right-large:3.2%;--awb-margin-bottom-large:0px;--awb-spacing-left-large:3.2%;--awb-width-medium:60%;--awb-order-medium:0;--awb-spacing-right-medium:3.2%;--awb-spacing-left-medium:3.2%;--awb-width-small:100%;--awb-order-small:0;--awb-spacing-right-small:1.92%;--awb-spacing-left-small:1.92%;\"><div class=\"fusion-column-wrapper fusion-column-has-shadow fusion-flex-justify-content-flex-start fusion-content-layout-column\"><div class=\"fusion-title title fusion-title-1 fusion-sep-none fusion-title-text fusion-title-size-two\" style=\"--awb-margin-top:0px;--awb-margin-bottom:30px;--awb-font-size:30px;\"><h2 class=\"fusion-title-heading title-heading-left\" style=\"margin:0;font-size:1em;\">\u00bfQu\u00e9 es la hibridaci\u00f3n tecnol\u00f3gica?<\/h2><\/div><div class=\"fusion-text fusion-text-1\"><p>La combinaci\u00f3n de dos fuentes de energ\u00eda de distinta naturaleza consiste en la hibridaci\u00f3n.<\/p>\n<p>Este concepto abre un campo de investigaci\u00f3n m\u00e1s amplio que si consideramos una sola tecnolog\u00eda para satisfacer un problema energ\u00e9tico: la hibridaci\u00f3n permitir\u00e1 considerar el dimensionamiento de las fuentes desde diferentes \u00e1ngulos para satisfacer uno o varios criterios.<\/p>\n<p>En el caso de una necesidad expresada en t\u00e9rminos de un ciclo de uso (potencia el\u00e9ctrica en funci\u00f3n del tiempo, por ejemplo), la consideraci\u00f3n del dimensionamiento \u00f3ptimo de los componentes pretende satisfacer la necesidad energ\u00e9tica inicial en t\u00e9rminos de rendimiento, a lo que se asocian, entre otros, los objetivos de eficiencia del sistema, durabilidad de los componentes, fiabilidad y coste econ\u00f3mico global.<\/p>\n<p>A continuaci\u00f3n, el dise\u00f1o de los componentes se modifica en funci\u00f3n del peso asignado a cada uno de los criterios tomados en consideraci\u00f3n.<\/p>\n<p>Detr\u00e1s de la hibridaci\u00f3n y el dimensionamiento de los componentes, aparece necesariamente la noci\u00f3n de control de los flujos de energ\u00eda entre las diferentes fuentes y la posibilidad de aplicar una estrategia de gesti\u00f3n energ\u00e9tica \u00f3ptima a nivel del sistema para alcanzar los objetivos previstos.<\/p>\n<\/div><\/div><\/div><div class=\"fusion-layout-column fusion_builder_column fusion-builder-column-1 fusion_builder_column_2_5 2_5 fusion-flex-column\" style=\"--awb-bg-size:cover;--awb-width-large:40%;--awb-margin-top-large:0px;--awb-spacing-right-large:4.8%;--awb-margin-bottom-large:0px;--awb-spacing-left-large:4.8%;--awb-width-medium:40%;--awb-order-medium:0;--awb-spacing-right-medium:4.8%;--awb-spacing-left-medium:4.8%;--awb-width-small:100%;--awb-order-small:0;--awb-spacing-right-small:1.92%;--awb-spacing-left-small:1.92%;\"><div class=\"fusion-column-wrapper fusion-column-has-shadow fusion-flex-justify-content-flex-start fusion-content-layout-column\"><div class=\"fusion-image-element \" style=\"--awb-caption-title-font-family:var(--h2_typography-font-family);--awb-caption-title-font-weight:var(--h2_typography-font-weight);--awb-caption-title-font-style:var(--h2_typography-font-style);--awb-caption-title-size:var(--h2_typography-font-size);--awb-caption-title-transform:var(--h2_typography-text-transform);--awb-caption-title-line-height:var(--h2_typography-line-height);--awb-caption-title-letter-spacing:var(--h2_typography-letter-spacing);\"><span class=\" fusion-imageframe imageframe-none imageframe-1 hover-type-none\"><img decoding=\"async\" width=\"1024\" height=\"599\" title=\"Hibridaci\u00f3n tecnol\u00f3gica\" src=\"http:\/\/h2sys.fr\/wp-content\/uploads\/2021\/08\/hybridation-technologique-1024x599.jpg\" alt class=\"img-responsive wp-image-11359\" srcset=\"https:\/\/h2sys.fr\/wp-content\/uploads\/2021\/08\/hybridation-technologique-200x117.jpg 200w, https:\/\/h2sys.fr\/wp-content\/uploads\/2021\/08\/hybridation-technologique-400x234.jpg 400w, https:\/\/h2sys.fr\/wp-content\/uploads\/2021\/08\/hybridation-technologique-600x351.jpg 600w, https:\/\/h2sys.fr\/wp-content\/uploads\/2021\/08\/hybridation-technologique-800x468.jpg 800w, https:\/\/h2sys.fr\/wp-content\/uploads\/2021\/08\/hybridation-technologique-1200x702.jpg 1200w, https:\/\/h2sys.fr\/wp-content\/uploads\/2021\/08\/hybridation-technologique.jpg 1920w\" sizes=\"(max-width: 768px) 100vw, 600px\" \/><\/span><\/div><\/div><\/div><\/div><\/div><div class=\"fusion-fullwidth fullwidth-box fusion-builder-row-2 fusion-flex-container nonhundred-percent-fullwidth non-hundred-percent-height-scrolling\" style=\"--link_hover_color: #2478bd;--link_color: #2e3030;--awb-border-radius-top-left:0px;--awb-border-radius-top-right:0px;--awb-border-radius-bottom-right:0px;--awb-border-radius-bottom-left:0px;--awb-padding-top:60px;--awb-flex-wrap:wrap;\" ><div class=\"fusion-builder-row fusion-row fusion-flex-align-items-flex-start fusion-flex-content-wrap\" style=\"max-width:1331.2px;margin-left: calc(-4% \/ 2 );margin-right: calc(-4% \/ 2 );\"><div class=\"fusion-layout-column fusion_builder_column fusion-builder-column-2 fusion_builder_column_1_1 1_1 fusion-flex-column\" style=\"--awb-bg-size:cover;--awb-width-large:100%;--awb-margin-top-large:0px;--awb-spacing-right-large:1.92%;--awb-margin-bottom-large:0px;--awb-spacing-left-large:1.92%;--awb-width-medium:100%;--awb-order-medium:0;--awb-spacing-right-medium:1.92%;--awb-spacing-left-medium:1.92%;--awb-width-small:100%;--awb-order-small:0;--awb-spacing-right-small:1.92%;--awb-spacing-left-small:1.92%;\"><div class=\"fusion-column-wrapper fusion-column-has-shadow fusion-flex-justify-content-flex-start fusion-content-layout-column\"><div class=\"fusion-title title fusion-title-2 fusion-sep-none fusion-title-text fusion-title-size-two\" style=\"--awb-margin-top:0px;--awb-margin-bottom:30px;--awb-font-size:30px;\"><h2 class=\"fusion-title-heading title-heading-left\" style=\"margin:0;font-size:1em;\"><span style=\"color: #2478bd;\"><b>Descubre <\/b><\/span>tambi\u00e9n<\/h2><\/div><\/div><\/div><div class=\"fusion-layout-column fusion_builder_column fusion-builder-column-3 fusion_builder_column_1_3 1_3 fusion-flex-column\" style=\"--awb-bg-size:cover;--awb-width-large:33.333333333333%;--awb-margin-top-large:0px;--awb-spacing-right-large:5.76%;--awb-margin-bottom-large:30px;--awb-spacing-left-large:5.76%;--awb-width-medium:33.333333333333%;--awb-order-medium:0;--awb-spacing-right-medium:5.76%;--awb-spacing-left-medium:5.76%;--awb-width-small:100%;--awb-order-small:0;--awb-spacing-right-small:1.92%;--awb-spacing-left-small:1.92%;\"><div class=\"fusion-column-wrapper fusion-column-has-shadow fusion-flex-justify-content-flex-start fusion-content-layout-column\"><div class=\"fusion-image-element \" style=\"text-align:center;--awb-liftup-border-radius:20px;--awb-margin-bottom:20px;--awb-caption-title-font-family:var(--h2_typography-font-family);--awb-caption-title-font-weight:var(--h2_typography-font-weight);--awb-caption-title-font-style:var(--h2_typography-font-style);--awb-caption-title-size:var(--h2_typography-font-size);--awb-caption-title-transform:var(--h2_typography-text-transform);--awb-caption-title-line-height:var(--h2_typography-line-height);--awb-caption-title-letter-spacing:var(--h2_typography-letter-spacing);\"><div class=\"awb-image-frame awb-image-frame-2 imageframe-liftup imageframe-2\"><span class=\" fusion-imageframe imageframe-none imageframe-2\" style=\"border-radius:20px;\"><a class=\"fusion-no-lightbox\" href=\"http:\/\/h2sys.fr\/es\/productos\/sistema-de-pila-de-combustible-pem\/\" target=\"_self\" aria-label=\"Pila\"><img decoding=\"async\" width=\"536\" height=\"332\" src=\"http:\/\/h2sys.fr\/wp-content\/uploads\/2021\/08\/mini-pile.jpg\" alt class=\"img-responsive wp-image-10941\" srcset=\"https:\/\/h2sys.fr\/wp-content\/uploads\/2021\/08\/mini-pile-200x124.jpg 200w, https:\/\/h2sys.fr\/wp-content\/uploads\/2021\/08\/mini-pile-400x248.jpg 400w, https:\/\/h2sys.fr\/wp-content\/uploads\/2021\/08\/mini-pile.jpg 536w\" sizes=\"(max-width: 768px) 100vw, 400px\" \/><\/a><\/span><\/div><\/div><div class=\"fusion-title title fusion-title-3 fusion-sep-none fusion-title-center fusion-title-text fusion-title-size-three\" style=\"--awb-margin-top:0px;--awb-margin-bottom:0px;--awb-font-size:20px;\"><h3 class=\"fusion-title-heading title-heading-center\" style=\"margin:0;font-size:1em;\"><a href=\"http:\/\/h2sys.fr\/es\/productos\/sistema-de-pila-de-combustible-pem\/\" class=\"awb-custom-text-color awb-custom-text-hover-color\" target=\"_self\">Sistema de pila de combustible PEM<\/a><\/h3><\/div><\/div><\/div>\n<div class=\"fusion-layout-column fusion_builder_column fusion-builder-column-4 fusion_builder_column_1_3 1_3 fusion-flex-column\" style=\"--awb-bg-size:cover;--awb-width-large:33.333333333333%;--awb-margin-top-large:0px;--awb-spacing-right-large:5.76%;--awb-margin-bottom-large:30px;--awb-spacing-left-large:5.76%;--awb-width-medium:33.333333333333%;--awb-order-medium:0;--awb-spacing-right-medium:5.76%;--awb-spacing-left-medium:5.76%;--awb-width-small:100%;--awb-order-small:0;--awb-spacing-right-small:1.92%;--awb-spacing-left-small:1.92%;\"><div class=\"fusion-column-wrapper fusion-column-has-shadow fusion-flex-justify-content-flex-start fusion-content-layout-column\"><div class=\"fusion-image-element \" style=\"text-align:center;--awb-liftup-border-radius:20px;--awb-margin-bottom:20px;--awb-caption-title-font-family:var(--h2_typography-font-family);--awb-caption-title-font-weight:var(--h2_typography-font-weight);--awb-caption-title-font-style:var(--h2_typography-font-style);--awb-caption-title-size:var(--h2_typography-font-size);--awb-caption-title-transform:var(--h2_typography-text-transform);--awb-caption-title-line-height:var(--h2_typography-line-height);--awb-caption-title-letter-spacing:var(--h2_typography-letter-spacing);\"><div class=\"awb-image-frame awb-image-frame-3 imageframe-liftup imageframe-3\"><span class=\" fusion-imageframe imageframe-none imageframe-3\" style=\"border-radius:20px;\"><a class=\"fusion-no-lightbox\" href=\"http:\/\/h2sys.fr\/es\/servicios\/un-sistema-hibrido-a-medida\/\" target=\"_self\" aria-label=\"H\u00edbrido\"><img decoding=\"async\" width=\"536\" height=\"332\" src=\"http:\/\/h2sys.fr\/wp-content\/uploads\/2021\/08\/mini-hybride.jpg\" alt class=\"img-responsive wp-image-10915\" srcset=\"https:\/\/h2sys.fr\/wp-content\/uploads\/2021\/08\/mini-hybride-200x124.jpg 200w, https:\/\/h2sys.fr\/wp-content\/uploads\/2021\/08\/mini-hybride-400x248.jpg 400w, https:\/\/h2sys.fr\/wp-content\/uploads\/2021\/08\/mini-hybride.jpg 536w\" sizes=\"(max-width: 768px) 100vw, 400px\" \/><\/a><\/span><\/div><\/div><div class=\"fusion-title title fusion-title-4 fusion-sep-none fusion-title-center fusion-title-text fusion-title-size-three\" style=\"--awb-margin-top:0px;--awb-margin-bottom:0px;--awb-font-size:20px;\"><h3 class=\"fusion-title-heading title-heading-center\" style=\"margin:0;font-size:1em;\"><a href=\"http:\/\/h2sys.fr\/es\/servicios\/un-sistema-hibrido-a-medida\/\" class=\"awb-custom-text-color awb-custom-text-hover-color\" target=\"_self\">Un sistema h\u00edbrido a medida<\/a><\/h3><\/div><\/div><\/div>\n<div class=\"fusion-layout-column fusion_builder_column fusion-builder-column-5 fusion_builder_column_1_3 1_3 fusion-flex-column\" style=\"--awb-bg-size:cover;--awb-width-large:33.333333333333%;--awb-margin-top-large:0px;--awb-spacing-right-large:5.76%;--awb-margin-bottom-large:30px;--awb-spacing-left-large:5.76%;--awb-width-medium:33.333333333333%;--awb-order-medium:0;--awb-spacing-right-medium:5.76%;--awb-spacing-left-medium:5.76%;--awb-width-small:100%;--awb-order-small:0;--awb-spacing-right-small:1.92%;--awb-spacing-left-small:1.92%;\"><div class=\"fusion-column-wrapper fusion-column-has-shadow fusion-flex-justify-content-flex-start fusion-content-layout-column\"><div class=\"fusion-image-element \" style=\"text-align:center;--awb-liftup-border-radius:20px;--awb-margin-bottom:20px;--awb-caption-title-font-family:var(--h2_typography-font-family);--awb-caption-title-font-weight:var(--h2_typography-font-weight);--awb-caption-title-font-style:var(--h2_typography-font-style);--awb-caption-title-size:var(--h2_typography-font-size);--awb-caption-title-transform:var(--h2_typography-text-transform);--awb-caption-title-line-height:var(--h2_typography-line-height);--awb-caption-title-letter-spacing:var(--h2_typography-letter-spacing);\"><div class=\"awb-image-frame awb-image-frame-4 imageframe-liftup imageframe-4\"><span class=\" fusion-imageframe imageframe-none imageframe-4\" style=\"border-radius:20px;\"><a class=\"fusion-no-lightbox\" href=\"http:\/\/h2sys.fr\/es\/servicios\/arquitecto-del-proyecto-h2\/\" target=\"_self\" aria-label=\"mini-architecte\"><img decoding=\"async\" width=\"536\" height=\"332\" src=\"http:\/\/h2sys.fr\/wp-content\/uploads\/2021\/08\/mini-architecte.jpg\" alt class=\"img-responsive wp-image-11276\" srcset=\"https:\/\/h2sys.fr\/wp-content\/uploads\/2021\/08\/mini-architecte-200x124.jpg 200w, https:\/\/h2sys.fr\/wp-content\/uploads\/2021\/08\/mini-architecte-400x248.jpg 400w, https:\/\/h2sys.fr\/wp-content\/uploads\/2021\/08\/mini-architecte.jpg 536w\" sizes=\"(max-width: 768px) 100vw, 400px\" \/><\/a><\/span><\/div><\/div><div class=\"fusion-title title fusion-title-5 fusion-sep-none fusion-title-center fusion-title-text fusion-title-size-three\" style=\"--awb-margin-top:0px;--awb-margin-bottom:0px;--awb-font-size:20px;\"><h3 class=\"fusion-title-heading title-heading-center\" style=\"margin:0;font-size:1em;\"><a href=\"http:\/\/h2sys.fr\/es\/servicios\/arquitecto-del-proyecto-h2\/\" class=\"awb-custom-text-color awb-custom-text-hover-color\" target=\"_self\">Arquitecto del proyecto H2<\/a><\/h3><\/div><\/div><\/div>\n<\/div><\/div><\/p>\n","protected":false},"excerpt":{"rendered":"","protected":false},"author":1,"featured_media":0,"parent":11329,"menu_order":0,"comment_status":"closed","ping_status":"closed","template":"100-width.php","meta":{"footnotes":""},"class_list":["post-11357","page","type-page","status-publish","hentry"],"yoast_head":"<!-- This site is optimized with the Yoast SEO plugin v20.5 - https:\/\/yoast.com\/wordpress\/plugins\/seo\/ -->\n<title>Hibridaci\u00f3n tecnol\u00f3gica - H2SYS<\/title>\n<meta name=\"robots\" content=\"index, follow, max-snippet:-1, max-image-preview:large, max-video-preview:-1\" \/>\n<link rel=\"canonical\" href=\"https:\/\/h2sys.fr\/technologies\/hybridation-technologique\/\" \/>\n<meta property=\"og:locale\" content=\"es_ES\" \/>\n<meta property=\"og:type\" content=\"article\" \/>\n<meta property=\"og:title\" content=\"Hibridaci\u00f3n tecnol\u00f3gica - H2SYS\" \/>\n<meta property=\"og:url\" content=\"https:\/\/h2sys.fr\/technologies\/hybridation-technologique\/\" \/>\n<meta property=\"og:site_name\" content=\"H2SYS\" \/>\n<meta property=\"article:modified_time\" content=\"2021-12-22T10:03:25+00:00\" \/>\n<meta name=\"twitter:card\" content=\"summary_large_image\" \/>\n<meta name=\"twitter:label1\" content=\"Tiempo de lectura\" \/>\n\t<meta name=\"twitter:data1\" content=\"7 minutos\" \/>\n<script type=\"application\/ld+json\" class=\"yoast-schema-graph\">{\"@context\":\"https:\/\/schema.org\",\"@graph\":[{\"@type\":\"WebPage\",\"@id\":\"https:\/\/h2sys.fr\/technologies\/hybridation-technologique\/\",\"url\":\"https:\/\/h2sys.fr\/technologies\/hybridation-technologique\/\",\"name\":\"Hibridaci\u00f3n tecnol\u00f3gica - H2SYS\",\"isPartOf\":{\"@id\":\"https:\/\/h2sys.fr\/#website\"},\"datePublished\":\"2021-12-09T09:06:32+00:00\",\"dateModified\":\"2021-12-22T10:03:25+00:00\",\"breadcrumb\":{\"@id\":\"https:\/\/h2sys.fr\/technologies\/hybridation-technologique\/#breadcrumb\"},\"inLanguage\":\"es\",\"potentialAction\":[{\"@type\":\"ReadAction\",\"target\":[\"https:\/\/h2sys.fr\/technologies\/hybridation-technologique\/\"]}]},{\"@type\":\"BreadcrumbList\",\"@id\":\"https:\/\/h2sys.fr\/technologies\/hybridation-technologique\/#breadcrumb\",\"itemListElement\":[{\"@type\":\"ListItem\",\"position\":1,\"name\":\"Tecnolog\u00edas\",\"item\":\"https:\/\/h2sys.fr\/technologies\/\"},{\"@type\":\"ListItem\",\"position\":2,\"name\":\"Hibridaci\u00f3n tecnol\u00f3gica\"}]},{\"@type\":\"WebSite\",\"@id\":\"https:\/\/h2sys.fr\/#website\",\"url\":\"https:\/\/h2sys.fr\/\",\"name\":\"H2SYS\",\"description\":\"Un site utilisant WordPress\",\"publisher\":{\"@id\":\"https:\/\/h2sys.fr\/#organization\"},\"potentialAction\":[{\"@type\":\"SearchAction\",\"target\":{\"@type\":\"EntryPoint\",\"urlTemplate\":\"https:\/\/h2sys.fr\/?s={search_term_string}\"},\"query-input\":\"required name=search_term_string\"}],\"inLanguage\":\"es\"},{\"@type\":\"Organization\",\"@id\":\"https:\/\/h2sys.fr\/#organization\",\"name\":\"H2SYS\",\"url\":\"https:\/\/h2sys.fr\/\",\"logo\":{\"@type\":\"ImageObject\",\"inLanguage\":\"es\",\"@id\":\"https:\/\/h2sys.fr\/#\/schema\/logo\/image\/\",\"url\":\"https:\/\/h2sys.fr\/wp-content\/uploads\/2021\/08\/LOGO-FOOTER.png\",\"contentUrl\":\"https:\/\/h2sys.fr\/wp-content\/uploads\/2021\/08\/LOGO-FOOTER.png\",\"width\":311,\"height\":202,\"caption\":\"H2SYS\"},\"image\":{\"@id\":\"https:\/\/h2sys.fr\/#\/schema\/logo\/image\/\"}}]}<\/script>\n<!-- \/ Yoast SEO plugin. -->","yoast_head_json":{"title":"Hibridaci\u00f3n tecnol\u00f3gica - H2SYS","robots":{"index":"index","follow":"follow","max-snippet":"max-snippet:-1","max-image-preview":"max-image-preview:large","max-video-preview":"max-video-preview:-1"},"canonical":"https:\/\/h2sys.fr\/technologies\/hybridation-technologique\/","og_locale":"es_ES","og_type":"article","og_title":"Hibridaci\u00f3n tecnol\u00f3gica - H2SYS","og_url":"https:\/\/h2sys.fr\/technologies\/hybridation-technologique\/","og_site_name":"H2SYS","article_modified_time":"2021-12-22T10:03:25+00:00","twitter_card":"summary_large_image","twitter_misc":{"Tiempo de lectura":"7 minutos"},"schema":{"@context":"https:\/\/schema.org","@graph":[{"@type":"WebPage","@id":"https:\/\/h2sys.fr\/technologies\/hybridation-technologique\/","url":"https:\/\/h2sys.fr\/technologies\/hybridation-technologique\/","name":"Hibridaci\u00f3n tecnol\u00f3gica - H2SYS","isPartOf":{"@id":"https:\/\/h2sys.fr\/#website"},"datePublished":"2021-12-09T09:06:32+00:00","dateModified":"2021-12-22T10:03:25+00:00","breadcrumb":{"@id":"https:\/\/h2sys.fr\/technologies\/hybridation-technologique\/#breadcrumb"},"inLanguage":"es","potentialAction":[{"@type":"ReadAction","target":["https:\/\/h2sys.fr\/technologies\/hybridation-technologique\/"]}]},{"@type":"BreadcrumbList","@id":"https:\/\/h2sys.fr\/technologies\/hybridation-technologique\/#breadcrumb","itemListElement":[{"@type":"ListItem","position":1,"name":"Tecnolog\u00edas","item":"https:\/\/h2sys.fr\/technologies\/"},{"@type":"ListItem","position":2,"name":"Hibridaci\u00f3n tecnol\u00f3gica"}]},{"@type":"WebSite","@id":"https:\/\/h2sys.fr\/#website","url":"https:\/\/h2sys.fr\/","name":"H2SYS","description":"Un site utilisant WordPress","publisher":{"@id":"https:\/\/h2sys.fr\/#organization"},"potentialAction":[{"@type":"SearchAction","target":{"@type":"EntryPoint","urlTemplate":"https:\/\/h2sys.fr\/?s={search_term_string}"},"query-input":"required name=search_term_string"}],"inLanguage":"es"},{"@type":"Organization","@id":"https:\/\/h2sys.fr\/#organization","name":"H2SYS","url":"https:\/\/h2sys.fr\/","logo":{"@type":"ImageObject","inLanguage":"es","@id":"https:\/\/h2sys.fr\/#\/schema\/logo\/image\/","url":"https:\/\/h2sys.fr\/wp-content\/uploads\/2021\/08\/LOGO-FOOTER.png","contentUrl":"https:\/\/h2sys.fr\/wp-content\/uploads\/2021\/08\/LOGO-FOOTER.png","width":311,"height":202,"caption":"H2SYS"},"image":{"@id":"https:\/\/h2sys.fr\/#\/schema\/logo\/image\/"}}]}},"_links":{"self":[{"href":"https:\/\/h2sys.fr\/es\/wp-json\/wp\/v2\/pages\/11357","targetHints":{"allow":["GET"]}}],"collection":[{"href":"https:\/\/h2sys.fr\/es\/wp-json\/wp\/v2\/pages"}],"about":[{"href":"https:\/\/h2sys.fr\/es\/wp-json\/wp\/v2\/types\/page"}],"author":[{"embeddable":true,"href":"https:\/\/h2sys.fr\/es\/wp-json\/wp\/v2\/users\/1"}],"replies":[{"embeddable":true,"href":"https:\/\/h2sys.fr\/es\/wp-json\/wp\/v2\/comments?post=11357"}],"version-history":[{"count":20,"href":"https:\/\/h2sys.fr\/es\/wp-json\/wp\/v2\/pages\/11357\/revisions"}],"predecessor-version":[{"id":12635,"href":"https:\/\/h2sys.fr\/es\/wp-json\/wp\/v2\/pages\/11357\/revisions\/12635"}],"up":[{"embeddable":true,"href":"https:\/\/h2sys.fr\/es\/wp-json\/wp\/v2\/pages\/11329"}],"wp:attachment":[{"href":"https:\/\/h2sys.fr\/es\/wp-json\/wp\/v2\/media?parent=11357"}],"curies":[{"name":"wp","href":"https:\/\/api.w.org\/{rel}","templated":true}]}}