{"id":11304,"date":"2021-12-09T10:01:29","date_gmt":"2021-12-09T09:01:29","guid":{"rendered":"http:\/\/h2sys.fr\/servicios\/range-extender\/"},"modified":"2022-07-18T16:26:58","modified_gmt":"2022-07-18T14:26:58","slug":"range-extender","status":"publish","type":"page","link":"https:\/\/h2sys.fr\/es\/servicios\/range-extender\/","title":{"rendered":"Range Extender"},"content":{"rendered":"<p><div class=\"fusion-fullwidth fullwidth-box fusion-builder-row-1 fusion-flex-container nonhundred-percent-fullwidth non-hundred-percent-height-scrolling\" style=\"--awb-border-radius-top-left:0px;--awb-border-radius-top-right:0px;--awb-border-radius-bottom-right:0px;--awb-border-radius-bottom-left:0px;--awb-padding-top:20px;--awb-padding-bottom:60px;--awb-flex-wrap:wrap;\" ><div class=\"fusion-builder-row fusion-row fusion-flex-align-items-flex-start fusion-flex-content-wrap\" style=\"max-width:1331.2px;margin-left: calc(-4% \/ 2 );margin-right: calc(-4% \/ 2 );\"><div class=\"fusion-layout-column fusion_builder_column fusion-builder-column-0 fusion_builder_column_2_3 2_3 fusion-flex-column\" style=\"--awb-bg-size:cover;--awb-width-large:66.666666666667%;--awb-margin-top-large:0px;--awb-spacing-right-large:2.88%;--awb-margin-bottom-large:0px;--awb-spacing-left-large:2.88%;--awb-width-medium:66.666666666667%;--awb-order-medium:0;--awb-spacing-right-medium:2.88%;--awb-spacing-left-medium:2.88%;--awb-width-small:100%;--awb-order-small:0;--awb-spacing-right-small:1.92%;--awb-spacing-left-small:1.92%;\"><div class=\"fusion-column-wrapper fusion-column-has-shadow fusion-flex-justify-content-flex-start fusion-content-layout-column\"><div class=\"fusion-title title fusion-title-1 fusion-sep-none fusion-title-text fusion-title-size-two\" style=\"--awb-margin-top:0px;--awb-margin-bottom:30px;--awb-font-size:30px;\"><h2 class=\"fusion-title-heading title-heading-left\" style=\"margin:0;font-size:1em;\"><strong style=\"color: #2478bd;\">Ampliadores de autonom\u00eda (range-extender)<\/strong>\u00a0para veh\u00edculos y m\u00e1quinas el\u00e9ctricas<\/h2><\/div><div class=\"fusion-title title fusion-title-2 fusion-sep-none fusion-title-text fusion-title-size-three\" style=\"--awb-margin-top:0px;--awb-margin-bottom:0px;--awb-sep-color:#99cdea;--awb-font-size:20px;\"><h3 class=\"fusion-title-heading title-heading-left\" style=\"font-family:&quot;Barlow&quot;;font-style:normal;font-weight:600;margin:0;font-size:1em;\">Un conjunto de pila de combustible de hidr\u00f3geno y dep\u00f3sito controlado por un supervisor H2SYS<\/h3><\/div><div class=\"fusion-separator fusion-full-width-sep\" style=\"align-self: center;margin-left: auto;margin-right: auto;margin-top:20px;margin-bottom:20px;width:100%;\"><\/div><div class=\"fusion-content-boxes content-boxes columns row fusion-columns-4 fusion-columns-total-4 fusion-content-boxes-1 content-boxes-icon-on-top content-left hexagone\" style=\"--awb-margin-bottom:60px;--awb-hover-accent-color:#000000;--awb-circle-hover-accent-color:transparent;\" data-animationOffset=\"top-into-view\"><div style=\"--awb-backgroundcolor:rgba(255,255,255,0);\" class=\"fusion-column content-box-column content-box-column content-box-column-1 col-lg-3 col-md-3 col-sm-3 fusion-content-box-hover content-box-column-first-in-row\"><div class=\"col content-box-wrapper content-wrapper link-area-link-icon content-icon-wrapper-yes icon-hover-animation-none\" data-animationOffset=\"top-into-view\"><div class=\"heading heading-with-icon icon-left\"><div class=\"icon\"><span ><i style=\"background-color:transparent;border-color:transparent;height:auto;width: 50px;line-height:normal;font-size:50px;\" aria-hidden=\"true\" class=\"fontawesome-icon fa-expand-arrows-alt fas circle-no\"><\/i><\/span><\/div><h4 class=\"content-box-heading\" style=\"--h4_typography-font-size:20px;line-height:25px;\">Cantidad H2 ajustable<\/h4><\/div><\/div><\/div><div style=\"--awb-backgroundcolor:rgba(255,255,255,0);\" class=\"fusion-column content-box-column content-box-column content-box-column-2 col-lg-3 col-md-3 col-sm-3 fusion-content-box-hover \"><div class=\"col content-box-wrapper content-wrapper link-area-link-icon content-icon-wrapper-yes icon-hover-animation-none\" data-animationOffset=\"top-into-view\"><div class=\"heading heading-with-icon icon-left\"><div class=\"icon\"><span ><i style=\"background-color:transparent;border-color:transparent;height:auto;width: 50px;line-height:normal;font-size:50px;\" aria-hidden=\"true\" class=\"fontawesome-icon fa-battery-bolt fas circle-no\"><\/i><\/span><\/div><h4 class=\"content-box-heading\" style=\"--h4_typography-font-size:20px;line-height:25px;\">Potencia de la pila ajustable<\/h4><\/div><\/div><\/div><div style=\"--awb-backgroundcolor:rgba(255,255,255,0);\" class=\"fusion-column content-box-column content-box-column content-box-column-3 col-lg-3 col-md-3 col-sm-3 fusion-content-box-hover \"><div class=\"col content-box-wrapper content-wrapper link-area-link-icon content-icon-wrapper-yes icon-hover-animation-none\" data-animationOffset=\"top-into-view\"><div class=\"heading heading-with-icon icon-left\"><div class=\"icon\"><span ><i style=\"background-color:transparent;border-color:transparent;height:auto;width: 50px;line-height:normal;font-size:50px;\" aria-hidden=\"true\" class=\"fontawesome-icon fa-magic fas circle-no\"><\/i><\/span><\/div><h4 class=\"content-box-heading\" style=\"--h4_typography-font-size:20px;line-height:25px;\">Integraci\u00f3n simplificada<\/h4><\/div><\/div><\/div><div style=\"--awb-backgroundcolor:rgba(255,255,255,0);\" class=\"fusion-column content-box-column content-box-column content-box-column-4 col-lg-3 col-md-3 col-sm-3 fusion-content-box-hover content-box-column-last content-box-column-last-in-row\"><div class=\"col content-box-wrapper content-wrapper link-area-link-icon content-icon-wrapper-yes icon-hover-animation-none\" data-animationOffset=\"top-into-view\"><div class=\"heading heading-with-icon icon-left\"><div class=\"icon\"><span ><i style=\"background-color:transparent;border-color:transparent;height:auto;width: 50px;line-height:normal;font-size:50px;\" aria-hidden=\"true\" class=\"fontawesome-icon fa-thumbs-up fas circle-no\"><\/i><\/span><\/div><h4 class=\"content-box-heading\" style=\"--h4_typography-font-size:20px;line-height:25px;\">Apoyo y certificaci\u00f3n de proyectos<\/h4><\/div><\/div><\/div><div class=\"fusion-clearfix\"><\/div><\/div><div ><a class=\"fusion-button button-flat fusion-button-default-size button-default fusion-button-default button-1 fusion-button-default-span fusion-button-default-type\" target=\"_self\" href=\"#\"><span class=\"fusion-button-text awb-button__text awb-button__text--default\">Ejemplos y logros<\/span><\/a><\/div><\/div><\/div><div class=\"fusion-layout-column fusion_builder_column fusion-builder-column-1 fusion_builder_column_1_3 1_3 fusion-flex-column\" style=\"--awb-bg-size:cover;--awb-width-large:33.333333333333%;--awb-margin-top-large:0px;--awb-spacing-right-large:5.76%;--awb-margin-bottom-large:0px;--awb-spacing-left-large:5.76%;--awb-width-medium:33.333333333333%;--awb-order-medium:0;--awb-spacing-right-medium:5.76%;--awb-spacing-left-medium:5.76%;--awb-width-small:100%;--awb-order-small:0;--awb-spacing-right-small:1.92%;--awb-spacing-left-small:1.92%;\"><div class=\"fusion-column-wrapper fusion-column-has-shadow fusion-flex-justify-content-flex-start fusion-content-layout-column\"><ul style=\"--awb-iconcolor:#2478bd;--awb-line-height:27.2px;--awb-icon-width:27.2px;--awb-icon-height:27.2px;--awb-icon-margin:11.2px;--awb-content-margin:38.4px;\" class=\"fusion-checklist fusion-checklist-1 fusion-checklist-default type-icons product-checklist\"><li class=\"fusion-li-item\" style=\"\"><span class=\"icon-wrapper circle-no\"><i class=\"fusion-li-icon fa-arrow-alt-circle-right fas\" aria-hidden=\"true\"><\/i><\/span><div class=\"fusion-li-item-content\">\n<p>Cumple con las normas el\u00e9ctricas: CE, EMC, Baja Tensi\u00f3n, Directiva de M\u00e1quinas<\/p>\n<\/div><\/li><li class=\"fusion-li-item\" style=\"\"><span class=\"icon-wrapper circle-no\"><i class=\"fusion-li-icon fa-arrow-alt-circle-right fas\" aria-hidden=\"true\"><\/i><\/span><div class=\"fusion-li-item-content\">\n<p>Cumple con las normas de los dep\u00f3sitos: EC79\/2009, R134 et\/ou PED<\/p>\n<\/div><\/li><li class=\"fusion-li-item\" style=\"\"><span class=\"icon-wrapper circle-no\"><i class=\"fusion-li-icon fa-arrow-alt-circle-right fas\" aria-hidden=\"true\"><\/i><\/span><div class=\"fusion-li-item-content\">\n<p>Integraci\u00f3n en el veh\u00edculo o en la m\u00e1quina el\u00e9ctrica<\/p>\n<\/div><\/li><li class=\"fusion-li-item\" style=\"\"><span class=\"icon-wrapper circle-no\"><i class=\"fusion-li-icon fa-arrow-alt-circle-right fas\" aria-hidden=\"true\"><\/i><\/span><div class=\"fusion-li-item-content\">\n<p>Tensi\u00f3n de salida est\u00e1ndar: 24-48-100 Vdc<\/p>\n<\/div><\/li><li class=\"fusion-li-item\" style=\"\"><span class=\"icon-wrapper circle-no\"><i class=\"fusion-li-icon fa-arrow-alt-circle-right fas\" aria-hidden=\"true\"><\/i><\/span><div class=\"fusion-li-item-content\">\n<p>Supervisor de H2SYS: comunicando Canbus 2.0A<\/p>\n<\/div><\/li><li class=\"fusion-li-item\" style=\"\"><span class=\"icon-wrapper circle-no\"><i class=\"fusion-li-icon fa-arrow-alt-circle-right fas\" aria-hidden=\"true\"><\/i><\/span><div class=\"fusion-li-item-content\">\n<p>Posible apoyo al proyecto de integraci\u00f3n<\/p>\n<\/div><\/li><\/ul><\/div><\/div><\/div><\/div><div class=\"fusion-fullwidth fullwidth-box fusion-builder-row-2 fusion-flex-container nonhundred-percent-fullwidth non-hundred-percent-height-scrolling\" style=\"--awb-border-radius-top-left:0px;--awb-border-radius-top-right:0px;--awb-border-radius-bottom-right:0px;--awb-border-radius-bottom-left:0px;--awb-flex-wrap:wrap;\" ><div class=\"fusion-builder-row fusion-row fusion-flex-align-items-flex-start fusion-flex-content-wrap\" style=\"max-width:1331.2px;margin-left: calc(-4% \/ 2 );margin-right: calc(-4% \/ 2 );\"><div class=\"fusion-layout-column fusion_builder_column fusion-builder-column-2 fusion_builder_column_2_3 2_3 fusion-flex-column\" style=\"--awb-bg-size:cover;--awb-width-large:66.666666666667%;--awb-margin-top-large:0px;--awb-spacing-right-large:2.88%;--awb-margin-bottom-large:0px;--awb-spacing-left-large:2.88%;--awb-width-medium:66.666666666667%;--awb-order-medium:0;--awb-spacing-right-medium:2.88%;--awb-spacing-left-medium:2.88%;--awb-width-small:100%;--awb-order-small:0;--awb-spacing-right-small:1.92%;--awb-spacing-left-small:1.92%;\"><div class=\"fusion-column-wrapper fusion-column-has-shadow fusion-flex-justify-content-flex-start fusion-content-layout-column\"><div class=\"fusion-title title fusion-title-3 fusion-sep-none fusion-title-text fusion-title-size-two\" style=\"--awb-margin-top:0px;--awb-margin-bottom:30px;--awb-font-size:30px;\"><h2 class=\"fusion-title-heading title-heading-left\" style=\"margin:0;font-size:1em;\">Descripci\u00f3n del\u00a0<span style=\"color: #2478bd;\"><strong>producto<\/strong><\/span><\/h2><\/div><div class=\"fusion-text fusion-text-1\"><p>H2SYS ofrece extensores de autonom\u00eda &#8211; com\u00fanmente llamados Range Extenders &#8211; para veh\u00edculos y m\u00e1quinas el\u00e9ctricas.<\/p>\n<p>El extensor de autonom\u00eda consiste en una pila de combustible Aircell acoplada a un dep\u00f3sito de hidr\u00f3geno de tipo III o IV con todos sus auxiliares (cabezal del dep\u00f3sito, sensor de presi\u00f3n, TPRD). A petici\u00f3n del cliente, H2SYS puede suministrar un chasis para soportar el equipo o se puede entregar en bloques separados.<\/p>\n<p>Una tarjeta de supervisi\u00f3n se utiliza para controlar el conjunto \u00abdep\u00f3sito &#8211; pila de combustible\u00bb en funci\u00f3n de la informaci\u00f3n descendente comunicada a trav\u00e9s del protocolo Canbus desde las bater\u00edas de alimentaci\u00f3n.<\/p>\n<p>Sobre la base de un proyecto, H2SYS puede trabajar en la unidad de potencia a la salida de la pila de combustible (bloque convertidor y contactores) y asistir a los fabricantes en todas las etapas de integraci\u00f3n (dise\u00f1o mec\u00e1nico, c\u00e1lculos ATEX, FMEA y FTA, montaje del prototipo y pruebas en H2SYS, certificaci\u00f3n, formaci\u00f3n de mantenimiento).<\/p>\n<p>Los extensores de autonom\u00eda se basan exclusivamente en la gama H2SYS Aircell. Para requisitos de potencia m\u00e1s elevados, el equipo puede proporcionar sistemas de c\u00e1todo cerrado para los que hay que realizar una integraci\u00f3n y selecci\u00f3n espec\u00edfica de auxiliares.<\/p>\n<\/div><div ><a class=\"fusion-button button-flat fusion-button-default-size button-default fusion-button-default button-2 fusion-button-default-span fusion-button-default-type\" target=\"_self\" href=\"https:\/\/h2sys.fr\/wp-content\/uploads\/2022\/07\/FT701-V1-062022-ENRANGE.pdf\"><span class=\"fusion-button-text awb-button__text awb-button__text--default\">Caracter\u00edsticas del producto<\/span><\/a><\/div><\/div><\/div><div class=\"fusion-layout-column fusion_builder_column fusion-builder-column-3 fusion_builder_column_1_3 1_3 fusion-flex-column\" style=\"--awb-bg-size:cover;--awb-width-large:33.333333333333%;--awb-margin-top-large:0px;--awb-spacing-right-large:5.76%;--awb-margin-bottom-large:0px;--awb-spacing-left-large:5.76%;--awb-width-medium:33.333333333333%;--awb-order-medium:0;--awb-spacing-right-medium:5.76%;--awb-spacing-left-medium:5.76%;--awb-width-small:100%;--awb-order-small:0;--awb-spacing-right-small:1.92%;--awb-spacing-left-small:1.92%;\"><div class=\"fusion-column-wrapper fusion-column-has-shadow fusion-flex-justify-content-center fusion-content-layout-column\"><div class=\"fusion-image-element \" style=\"--awb-caption-title-font-family:var(--h2_typography-font-family);--awb-caption-title-font-weight:var(--h2_typography-font-weight);--awb-caption-title-font-style:var(--h2_typography-font-style);--awb-caption-title-size:var(--h2_typography-font-size);--awb-caption-title-transform:var(--h2_typography-text-transform);--awb-caption-title-line-height:var(--h2_typography-line-height);--awb-caption-title-letter-spacing:var(--h2_typography-letter-spacing);\"><span class=\" fusion-imageframe imageframe-none imageframe-1 hover-type-none\"><img decoding=\"async\" width=\"300\" height=\"225\" title=\"Range Extender\" src=\"http:\/\/h2sys.fr\/wp-content\/uploads\/2021\/12\/IMG_20210825_121657-300x225.jpg\" alt class=\"img-responsive wp-image-10359\" srcset=\"https:\/\/h2sys.fr\/wp-content\/uploads\/2021\/12\/IMG_20210825_121657-200x150.jpg 200w, https:\/\/h2sys.fr\/wp-content\/uploads\/2021\/12\/IMG_20210825_121657-400x300.jpg 400w, https:\/\/h2sys.fr\/wp-content\/uploads\/2021\/12\/IMG_20210825_121657-600x450.jpg 600w, https:\/\/h2sys.fr\/wp-content\/uploads\/2021\/12\/IMG_20210825_121657-800x600.jpg 800w, https:\/\/h2sys.fr\/wp-content\/uploads\/2021\/12\/IMG_20210825_121657-1200x900.jpg 1200w, https:\/\/h2sys.fr\/wp-content\/uploads\/2021\/12\/IMG_20210825_121657-scaled.jpg 2560w\" sizes=\"(max-width: 768px) 100vw, 400px\" \/><\/span><\/div><\/div><\/div><\/div><\/div><\/p>\n","protected":false},"excerpt":{"rendered":"","protected":false},"author":1,"featured_media":0,"parent":11274,"menu_order":0,"comment_status":"closed","ping_status":"closed","template":"","meta":{"footnotes":""},"class_list":["post-11304","page","type-page","status-publish","hentry"],"yoast_head":"<!-- This site is optimized with the Yoast SEO plugin v20.5 - https:\/\/yoast.com\/wordpress\/plugins\/seo\/ -->\n<title>Range Extender - H2SYS<\/title>\n<meta name=\"description\" content=\"Ampl\u00ede la autonom\u00eda de sus veh\u00edculos y m\u00e1quinas el\u00e9ctricas con un extensor de autonom\u00eda, que consiste en una pila de combustible de hidr\u00f3geno acoplada a un dep\u00f3sito.\" \/>\n<meta name=\"robots\" content=\"index, follow, max-snippet:-1, max-image-preview:large, max-video-preview:-1\" \/>\n<link rel=\"canonical\" href=\"https:\/\/h2sys.fr\/es\/servicios\/range-extender\/\" \/>\n<meta property=\"og:locale\" content=\"es_ES\" \/>\n<meta property=\"og:type\" content=\"article\" \/>\n<meta property=\"og:title\" content=\"Range Extender - H2SYS\" \/>\n<meta property=\"og:description\" content=\"Ampl\u00ede la autonom\u00eda de sus veh\u00edculos y m\u00e1quinas el\u00e9ctricas con un extensor de autonom\u00eda, que consiste en una pila de combustible de hidr\u00f3geno acoplada a un dep\u00f3sito.\" \/>\n<meta property=\"og:url\" content=\"https:\/\/h2sys.fr\/es\/servicios\/range-extender\/\" \/>\n<meta property=\"og:site_name\" content=\"H2SYS\" \/>\n<meta property=\"article:modified_time\" content=\"2022-07-18T14:26:58+00:00\" \/>\n<meta name=\"twitter:card\" content=\"summary_large_image\" \/>\n<meta name=\"twitter:label1\" content=\"Tiempo de lectura\" \/>\n\t<meta name=\"twitter:data1\" content=\"16 minutos\" \/>\n<script type=\"application\/ld+json\" class=\"yoast-schema-graph\">{\"@context\":\"https:\/\/schema.org\",\"@graph\":[{\"@type\":\"WebPage\",\"@id\":\"https:\/\/h2sys.fr\/es\/servicios\/range-extender\/\",\"url\":\"https:\/\/h2sys.fr\/es\/servicios\/range-extender\/\",\"name\":\"Range Extender - H2SYS\",\"isPartOf\":{\"@id\":\"https:\/\/h2sys.fr\/#website\"},\"datePublished\":\"2021-12-09T09:01:29+00:00\",\"dateModified\":\"2022-07-18T14:26:58+00:00\",\"description\":\"Ampl\u00ede la autonom\u00eda de sus veh\u00edculos y m\u00e1quinas el\u00e9ctricas con un extensor de autonom\u00eda, que consiste en una pila de combustible de hidr\u00f3geno acoplada a un dep\u00f3sito.\",\"breadcrumb\":{\"@id\":\"https:\/\/h2sys.fr\/es\/servicios\/range-extender\/#breadcrumb\"},\"inLanguage\":\"es\",\"potentialAction\":[{\"@type\":\"ReadAction\",\"target\":[\"https:\/\/h2sys.fr\/es\/servicios\/range-extender\/\"]}]},{\"@type\":\"BreadcrumbList\",\"@id\":\"https:\/\/h2sys.fr\/es\/servicios\/range-extender\/#breadcrumb\",\"itemListElement\":[{\"@type\":\"ListItem\",\"position\":1,\"name\":\"Servicios\",\"item\":\"https:\/\/h2sys.fr\/es\/servicios\/\"},{\"@type\":\"ListItem\",\"position\":2,\"name\":\"Range Extender\"}]},{\"@type\":\"WebSite\",\"@id\":\"https:\/\/h2sys.fr\/#website\",\"url\":\"https:\/\/h2sys.fr\/\",\"name\":\"H2SYS\",\"description\":\"Un site utilisant WordPress\",\"publisher\":{\"@id\":\"https:\/\/h2sys.fr\/#organization\"},\"potentialAction\":[{\"@type\":\"SearchAction\",\"target\":{\"@type\":\"EntryPoint\",\"urlTemplate\":\"https:\/\/h2sys.fr\/?s={search_term_string}\"},\"query-input\":\"required name=search_term_string\"}],\"inLanguage\":\"es\"},{\"@type\":\"Organization\",\"@id\":\"https:\/\/h2sys.fr\/#organization\",\"name\":\"H2SYS\",\"url\":\"https:\/\/h2sys.fr\/\",\"logo\":{\"@type\":\"ImageObject\",\"inLanguage\":\"es\",\"@id\":\"https:\/\/h2sys.fr\/#\/schema\/logo\/image\/\",\"url\":\"https:\/\/h2sys.fr\/wp-content\/uploads\/2021\/08\/LOGO-FOOTER.png\",\"contentUrl\":\"https:\/\/h2sys.fr\/wp-content\/uploads\/2021\/08\/LOGO-FOOTER.png\",\"width\":311,\"height\":202,\"caption\":\"H2SYS\"},\"image\":{\"@id\":\"https:\/\/h2sys.fr\/#\/schema\/logo\/image\/\"}}]}<\/script>\n<!-- \/ Yoast SEO plugin. -->","yoast_head_json":{"title":"Range Extender - H2SYS","description":"Ampl\u00ede la autonom\u00eda de sus veh\u00edculos y m\u00e1quinas el\u00e9ctricas con un extensor de autonom\u00eda, que consiste en una pila de combustible de hidr\u00f3geno acoplada a un dep\u00f3sito.","robots":{"index":"index","follow":"follow","max-snippet":"max-snippet:-1","max-image-preview":"max-image-preview:large","max-video-preview":"max-video-preview:-1"},"canonical":"https:\/\/h2sys.fr\/es\/servicios\/range-extender\/","og_locale":"es_ES","og_type":"article","og_title":"Range Extender - H2SYS","og_description":"Ampl\u00ede la autonom\u00eda de sus veh\u00edculos y m\u00e1quinas el\u00e9ctricas con un extensor de autonom\u00eda, que consiste en una pila de combustible de hidr\u00f3geno acoplada a un dep\u00f3sito.","og_url":"https:\/\/h2sys.fr\/es\/servicios\/range-extender\/","og_site_name":"H2SYS","article_modified_time":"2022-07-18T14:26:58+00:00","twitter_card":"summary_large_image","twitter_misc":{"Tiempo de lectura":"16 minutos"},"schema":{"@context":"https:\/\/schema.org","@graph":[{"@type":"WebPage","@id":"https:\/\/h2sys.fr\/es\/servicios\/range-extender\/","url":"https:\/\/h2sys.fr\/es\/servicios\/range-extender\/","name":"Range Extender - H2SYS","isPartOf":{"@id":"https:\/\/h2sys.fr\/#website"},"datePublished":"2021-12-09T09:01:29+00:00","dateModified":"2022-07-18T14:26:58+00:00","description":"Ampl\u00ede la autonom\u00eda de sus veh\u00edculos y m\u00e1quinas el\u00e9ctricas con un extensor de autonom\u00eda, que consiste en una pila de combustible de hidr\u00f3geno acoplada a un dep\u00f3sito.","breadcrumb":{"@id":"https:\/\/h2sys.fr\/es\/servicios\/range-extender\/#breadcrumb"},"inLanguage":"es","potentialAction":[{"@type":"ReadAction","target":["https:\/\/h2sys.fr\/es\/servicios\/range-extender\/"]}]},{"@type":"BreadcrumbList","@id":"https:\/\/h2sys.fr\/es\/servicios\/range-extender\/#breadcrumb","itemListElement":[{"@type":"ListItem","position":1,"name":"Servicios","item":"https:\/\/h2sys.fr\/es\/servicios\/"},{"@type":"ListItem","position":2,"name":"Range Extender"}]},{"@type":"WebSite","@id":"https:\/\/h2sys.fr\/#website","url":"https:\/\/h2sys.fr\/","name":"H2SYS","description":"Un site utilisant WordPress","publisher":{"@id":"https:\/\/h2sys.fr\/#organization"},"potentialAction":[{"@type":"SearchAction","target":{"@type":"EntryPoint","urlTemplate":"https:\/\/h2sys.fr\/?s={search_term_string}"},"query-input":"required name=search_term_string"}],"inLanguage":"es"},{"@type":"Organization","@id":"https:\/\/h2sys.fr\/#organization","name":"H2SYS","url":"https:\/\/h2sys.fr\/","logo":{"@type":"ImageObject","inLanguage":"es","@id":"https:\/\/h2sys.fr\/#\/schema\/logo\/image\/","url":"https:\/\/h2sys.fr\/wp-content\/uploads\/2021\/08\/LOGO-FOOTER.png","contentUrl":"https:\/\/h2sys.fr\/wp-content\/uploads\/2021\/08\/LOGO-FOOTER.png","width":311,"height":202,"caption":"H2SYS"},"image":{"@id":"https:\/\/h2sys.fr\/#\/schema\/logo\/image\/"}}]}},"_links":{"self":[{"href":"https:\/\/h2sys.fr\/es\/wp-json\/wp\/v2\/pages\/11304","targetHints":{"allow":["GET"]}}],"collection":[{"href":"https:\/\/h2sys.fr\/es\/wp-json\/wp\/v2\/pages"}],"about":[{"href":"https:\/\/h2sys.fr\/es\/wp-json\/wp\/v2\/types\/page"}],"author":[{"embeddable":true,"href":"https:\/\/h2sys.fr\/es\/wp-json\/wp\/v2\/users\/1"}],"replies":[{"embeddable":true,"href":"https:\/\/h2sys.fr\/es\/wp-json\/wp\/v2\/comments?post=11304"}],"version-history":[{"count":22,"href":"https:\/\/h2sys.fr\/es\/wp-json\/wp\/v2\/pages\/11304\/revisions"}],"predecessor-version":[{"id":16512,"href":"https:\/\/h2sys.fr\/es\/wp-json\/wp\/v2\/pages\/11304\/revisions\/16512"}],"up":[{"embeddable":true,"href":"https:\/\/h2sys.fr\/es\/wp-json\/wp\/v2\/pages\/11274"}],"wp:attachment":[{"href":"https:\/\/h2sys.fr\/es\/wp-json\/wp\/v2\/media?parent=11304"}],"curies":[{"name":"wp","href":"https:\/\/api.w.org\/{rel}","templated":true}]}}