{"id":11251,"date":"2021-12-09T09:50:23","date_gmt":"2021-12-09T08:50:23","guid":{"rendered":"http:\/\/h2sys.fr\/quienes-somos\/notre-savoir-faire\/"},"modified":"2022-01-17T14:29:24","modified_gmt":"2022-01-17T13:29:24","slug":"nuestra-experiencia","status":"publish","type":"page","link":"https:\/\/h2sys.fr\/es\/quienes-somos\/nuestra-experiencia\/","title":{"rendered":"Nuestra experiencia"},"content":{"rendered":"<p><div class=\"fusion-fullwidth fullwidth-box fusion-builder-row-1 fusion-flex-container hundred-percent-fullwidth non-hundred-percent-height-scrolling\" style=\"--awb-border-radius-top-left:0px;--awb-border-radius-top-right:0px;--awb-border-radius-bottom-right:0px;--awb-border-radius-bottom-left:0px;--awb-padding-top:20px;--awb-padding-bottom:60px;--awb-flex-wrap:wrap;\" ><div class=\"fusion-builder-row fusion-row fusion-flex-align-items-flex-start fusion-flex-content-wrap\" style=\"width:104% !important;max-width:104% !important;margin-left: calc(-4% \/ 2 );margin-right: calc(-4% \/ 2 );\"><div class=\"fusion-layout-column fusion_builder_column fusion-builder-column-0 fusion_builder_column_1_1 1_1 fusion-flex-column\" style=\"--awb-bg-size:cover;--awb-width-large:100%;--awb-margin-top-large:0px;--awb-spacing-right-large:1.92%;--awb-margin-bottom-large:0px;--awb-spacing-left-large:1.92%;--awb-width-medium:100%;--awb-order-medium:0;--awb-spacing-right-medium:1.92%;--awb-spacing-left-medium:1.92%;--awb-width-small:100%;--awb-order-small:0;--awb-spacing-right-small:1.92%;--awb-spacing-left-small:1.92%;\"><div class=\"fusion-column-wrapper fusion-column-has-shadow fusion-flex-justify-content-flex-start fusion-content-layout-column\"><div class=\"fusion-title title fusion-title-1 fusion-sep-none fusion-title-text fusion-title-size-two\" style=\"--awb-margin-top:0px;--awb-margin-bottom:30px;--awb-font-size:30px;\"><h2 class=\"fusion-title-heading title-heading-left\" style=\"margin:0;font-size:1em;\"><span style=\"color: #2478bd;\"><strong>Investigadores<\/strong><\/span> apasionados e\u00a0<span style=\"color: #2478bd;\"><strong>ingenieros<\/strong><\/span> creativos<\/h2><\/div><div class=\"fusion-content-boxes content-boxes columns row fusion-columns-3 fusion-columns-total-3 fusion-content-boxes-1 content-boxes-icon-on-top content-left hexagone\" style=\"--awb-margin-bottom:60px;--awb-hover-accent-color:#000000;--awb-circle-hover-accent-color:transparent;\" data-animationOffset=\"top-into-view\"><div style=\"--awb-backgroundcolor:rgba(255,255,255,0);\" class=\"fusion-column content-box-column content-box-column content-box-column-1 col-lg-4 col-md-4 col-sm-4 fusion-content-box-hover content-box-column-first-in-row\"><div class=\"col content-box-wrapper content-wrapper link-area-link-icon content-icon-wrapper-yes icon-hover-animation-none\" data-animationOffset=\"top-into-view\"><div class=\"heading heading-with-icon icon-left\"><div class=\"icon\"><span ><i style=\"background-color:transparent;border-color:transparent;height:auto;width: 50px;line-height:normal;font-size:50px;\" aria-hidden=\"true\" class=\"fontawesome-icon fa-calculator fas circle-no\"><\/i><\/span><\/div><h4 class=\"content-box-heading\" style=\"--h4_typography-font-size:20px;line-height:25px;\">Hibridaci\u00f3n tecnol\u00f3gica : 1+1 =1<\/h4><\/div><div class=\"fusion-clearfix\"><\/div><div class=\"content-container\">\n<p>La encrucijada y la integraci\u00f3n de varias tecnolog\u00edas permiten combinar sus ventajas para abordar nuevos problemas de la indua. La hibridaci\u00f3n, para formar una soluci\u00f3n exitosa, requiere un conocimiento profundo de las tecnolog\u00edas y de su funcionamiento en un sistema.<br \/>\nEl dise\u00f1o y montaje de estas soluciones es la actividad principal de H2SYS.<\/p>\n<\/div><\/div><\/div><div style=\"--awb-backgroundcolor:rgba(255,255,255,0);\" class=\"fusion-column content-box-column content-box-column content-box-column-2 col-lg-4 col-md-4 col-sm-4 fusion-content-box-hover \"><div class=\"col content-box-wrapper content-wrapper link-area-link-icon content-icon-wrapper-yes icon-hover-animation-none\" data-animationOffset=\"top-into-view\"><div class=\"heading heading-with-icon icon-left\"><div class=\"icon\"><span ><i style=\"background-color:transparent;border-color:transparent;height:auto;width: 50px;line-height:normal;font-size:50px;\" aria-hidden=\"true\" class=\"fontawesome-icon fa-charging-station fas circle-no\"><\/i><\/span><\/div><h4 class=\"content-box-heading\" style=\"--h4_typography-font-size:20px;line-height:25px;\">Dimensionamiento el\u00e9ctrico<\/h4><\/div><div class=\"fusion-clearfix\"><\/div><div class=\"content-container\">\n<p>Dimensionar con \u00e9xito es el reto de encontrar el mejor compromiso entre potencia y energ\u00eda, teniendo en cuenta los distintos y variados usos de un equipo o sistema.<br \/>\nEl equipo de H2SYS analiza en profundidad las necesidades energ\u00e9ticas del consumidor, los diferentes modos de funcionamiento del aparato y los posibles cambios de uso.<br \/>\nAl reunir estos datos, H2SYS realiza los c\u00e1lculos necesarios para el dimensionamiento \u00f3ptimo de las fuentes de energ\u00eda y potencia.<\/p>\n<p>Traducci\u00f3n realizada con la versi\u00f3n gratuita del traductor www.DeepL.com\/Translator<\/p>\n<\/div><\/div><\/div><div style=\"--awb-backgroundcolor:rgba(255,255,255,0);\" class=\"fusion-column content-box-column content-box-column content-box-column-3 col-lg-4 col-md-4 col-sm-4 fusion-content-box-hover content-box-column-last content-box-column-last-in-row\"><div class=\"col content-box-wrapper content-wrapper link-area-link-icon content-icon-wrapper-yes icon-hover-animation-none\" data-animationOffset=\"top-into-view\"><div class=\"heading heading-with-icon icon-left\"><div class=\"icon\"><span ><i style=\"background-color:transparent;border-color:transparent;height:auto;width: 50px;line-height:normal;font-size:50px;\" aria-hidden=\"true\" class=\"fontawesome-icon fa-cubes fas circle-no\"><\/i><\/span><\/div><h4 class=\"content-box-heading\" style=\"--h4_typography-font-size:20px;line-height:25px;\">Gesti\u00f3n y almacenamiento de energ\u00eda<\/h4><\/div><div class=\"fusion-clearfix\"><\/div><div class=\"content-container\">\n<p>Los leitmotiv de un gestor energ\u00e9tico son ajustar la producci\u00f3n y el consumo y minimizar el consumo de energ\u00eda para limitar los costes.<br \/>\nH2SYS dise\u00f1a algoritmos que optimizan los flujos de energ\u00eda en funci\u00f3n del consumo y de los par\u00e1metros vitales del sistema.<\/p>\n<\/div><\/div><\/div><div class=\"fusion-clearfix\"><\/div><\/div><\/div><\/div><\/div><\/div><div class=\"fusion-fullwidth fullwidth-box fusion-builder-row-2 fusion-flex-container fusion-parallax-none nonhundred-percent-fullwidth non-hundred-percent-height-scrolling\" style=\"--link_hover_color: #99cdea;--link_color: #ffffff;--awb-border-radius-top-left:0px;--awb-border-radius-top-right:0px;--awb-border-radius-bottom-right:0px;--awb-border-radius-bottom-left:0px;--awb-padding-top:60px;--awb-padding-bottom:60px;--awb-background-image:url(&quot;http:\/\/h2sys.fr\/wp-content\/uploads\/2021\/08\/bg-bleu-fonce.jpg&quot;);--awb-background-size:cover;--awb-flex-wrap:wrap;\" ><div class=\"fusion-builder-row fusion-row fusion-flex-align-items-flex-start fusion-flex-justify-content-center fusion-flex-content-wrap\" style=\"max-width:1331.2px;margin-left: calc(-4% \/ 2 );margin-right: calc(-4% \/ 2 );\"><div class=\"fusion-layout-column fusion_builder_column fusion-builder-column-1 fusion_builder_column_3_4 3_4 fusion-flex-column\" style=\"--awb-bg-size:cover;--awb-width-large:75%;--awb-margin-top-large:0px;--awb-spacing-right-large:2.56%;--awb-margin-bottom-large:0px;--awb-spacing-left-large:2.56%;--awb-width-medium:75%;--awb-order-medium:0;--awb-spacing-right-medium:2.56%;--awb-spacing-left-medium:2.56%;--awb-width-small:100%;--awb-order-small:0;--awb-spacing-right-small:1.92%;--awb-spacing-left-small:1.92%;\"><div class=\"fusion-column-wrapper fusion-column-has-shadow fusion-flex-justify-content-flex-start fusion-content-layout-column\"><div class=\"fusion-text fusion-text-1\" style=\"--awb-content-alignment:center;--awb-font-size:20px;--awb-text-color:#ffffff;\"><p>\u00abEl saber hacer de H2SYS es la reuni\u00f3n de investigadores\u00a0<b>apasionados<\/b>\u00a0ingenieros\u00a0<b>creativos<\/b> que trabajan juntos para imaginar y construir las <strong>soluciones del futuro<\/strong>.\u00bb<\/p>\n<\/div><div style=\"text-align:center;\"><a class=\"fusion-button button-flat fusion-button-default-size button-custom fusion-button-default button-1 fusion-button-default-span fusion-button-default-type\" style=\"--button_accent_color:#ffffff;--button_border_color:#ffffff;--button_accent_hover_color:#2478bd;--button_border_hover_color:#ffffff;--button_gradient_top_color:rgba(36,120,189,0);--button_gradient_bottom_color:rgba(36,120,189,0);--button_gradient_top_color_hover:#ffffff;--button_gradient_bottom_color_hover:#ffffff;\" target=\"_self\" href=\"https:\/\/h2sys.fr\/es\/productos\/generador-electrico-hidrogeno\/\"><span class=\"fusion-button-text awb-button__text awb-button__text--default\">Vea nuestras soluciones de hidr\u00f3geno<\/span><\/a><\/div><\/div><\/div><\/div><\/div><div class=\"fusion-fullwidth fullwidth-box fusion-builder-row-3 fusion-flex-container nonhundred-percent-fullwidth non-hundred-percent-height-scrolling\" style=\"--link_hover_color: #2478bd;--link_color: #2e3030;--awb-border-radius-top-left:0px;--awb-border-radius-top-right:0px;--awb-border-radius-bottom-right:0px;--awb-border-radius-bottom-left:0px;--awb-padding-top:60px;--awb-flex-wrap:wrap;\" ><div class=\"fusion-builder-row fusion-row fusion-flex-align-items-flex-start fusion-flex-content-wrap\" style=\"max-width:1331.2px;margin-left: calc(-4% \/ 2 );margin-right: calc(-4% \/ 2 );\"><div class=\"fusion-layout-column fusion_builder_column fusion-builder-column-2 fusion_builder_column_1_1 1_1 fusion-flex-column\" style=\"--awb-bg-size:cover;--awb-width-large:100%;--awb-margin-top-large:0px;--awb-spacing-right-large:1.92%;--awb-margin-bottom-large:0px;--awb-spacing-left-large:1.92%;--awb-width-medium:100%;--awb-order-medium:0;--awb-spacing-right-medium:1.92%;--awb-spacing-left-medium:1.92%;--awb-width-small:100%;--awb-order-small:0;--awb-spacing-right-small:1.92%;--awb-spacing-left-small:1.92%;\"><div class=\"fusion-column-wrapper fusion-column-has-shadow fusion-flex-justify-content-flex-start fusion-content-layout-column\"><div class=\"fusion-title title fusion-title-2 fusion-sep-none fusion-title-text fusion-title-size-two\" style=\"--awb-margin-top:0px;--awb-margin-bottom:30px;--awb-font-size:30px;\"><h2 class=\"fusion-title-heading title-heading-left\" style=\"margin:0;font-size:1em;\"><span style=\"color: #2478bd;\"><b>Descubre<\/b><\/span>\u00a0tambi\u00e9n<\/h2><\/div><\/div><\/div><div class=\"fusion-layout-column fusion_builder_column fusion-builder-column-3 fusion_builder_column_1_3 1_3 fusion-flex-column\" style=\"--awb-bg-size:cover;--awb-width-large:33.333333333333%;--awb-margin-top-large:0px;--awb-spacing-right-large:5.76%;--awb-margin-bottom-large:30px;--awb-spacing-left-large:5.76%;--awb-width-medium:33.333333333333%;--awb-order-medium:0;--awb-spacing-right-medium:5.76%;--awb-spacing-left-medium:5.76%;--awb-width-small:100%;--awb-order-small:0;--awb-spacing-right-small:1.92%;--awb-spacing-left-small:1.92%;\"><div class=\"fusion-column-wrapper fusion-column-has-shadow fusion-flex-justify-content-flex-start fusion-content-layout-column\"><div class=\"fusion-image-element \" style=\"text-align:center;--awb-liftup-border-radius:20px;--awb-margin-bottom:20px;--awb-caption-title-font-family:var(--h2_typography-font-family);--awb-caption-title-font-weight:var(--h2_typography-font-weight);--awb-caption-title-font-style:var(--h2_typography-font-style);--awb-caption-title-size:var(--h2_typography-font-size);--awb-caption-title-transform:var(--h2_typography-text-transform);--awb-caption-title-line-height:var(--h2_typography-line-height);--awb-caption-title-letter-spacing:var(--h2_typography-letter-spacing);\"><div class=\"awb-image-frame awb-image-frame-1 imageframe-liftup imageframe-1\"><span class=\" fusion-imageframe imageframe-none imageframe-1\" style=\"border-radius:20px;\"><a class=\"fusion-no-lightbox\" href=\"http:\/\/h2sys.fr\/es\/quienes-somos\/nuestro-equipo\/\" target=\"_self\" aria-label=\"mini-equipe\"><img decoding=\"async\" width=\"536\" height=\"332\" src=\"http:\/\/h2sys.fr\/wp-content\/uploads\/2021\/08\/mini-equipe.jpg\" alt class=\"img-responsive wp-image-11216\" srcset=\"https:\/\/h2sys.fr\/wp-content\/uploads\/2021\/08\/mini-equipe-200x124.jpg 200w, https:\/\/h2sys.fr\/wp-content\/uploads\/2021\/08\/mini-equipe-400x248.jpg 400w, https:\/\/h2sys.fr\/wp-content\/uploads\/2021\/08\/mini-equipe.jpg 536w\" sizes=\"(max-width: 768px) 100vw, 400px\" \/><\/a><\/span><\/div><\/div><div class=\"fusion-title title fusion-title-3 fusion-sep-none fusion-title-center fusion-title-text fusion-title-size-three\" style=\"--awb-margin-top:0px;--awb-margin-bottom:0px;--awb-font-size:20px;\"><h3 class=\"fusion-title-heading title-heading-center\" style=\"margin:0;font-size:1em;\"><a href=\"http:\/\/h2sys.fr\/es\/quienes-somos\/nuestro-equipo\/\" class=\"awb-custom-text-color awb-custom-text-hover-color\" target=\"_self\">Nuestro equipo<\/a><\/h3><\/div><\/div><\/div>\n<div class=\"fusion-layout-column fusion_builder_column fusion-builder-column-4 fusion_builder_column_1_3 1_3 fusion-flex-column\" style=\"--awb-bg-size:cover;--awb-width-large:33.333333333333%;--awb-margin-top-large:0px;--awb-spacing-right-large:5.76%;--awb-margin-bottom-large:30px;--awb-spacing-left-large:5.76%;--awb-width-medium:33.333333333333%;--awb-order-medium:0;--awb-spacing-right-medium:5.76%;--awb-spacing-left-medium:5.76%;--awb-width-small:100%;--awb-order-small:0;--awb-spacing-right-small:1.92%;--awb-spacing-left-small:1.92%;\"><div class=\"fusion-column-wrapper fusion-column-has-shadow fusion-flex-justify-content-flex-start fusion-content-layout-column\"><div class=\"fusion-image-element \" style=\"text-align:center;--awb-liftup-border-radius:20px;--awb-margin-bottom:20px;--awb-caption-title-font-family:var(--h2_typography-font-family);--awb-caption-title-font-weight:var(--h2_typography-font-weight);--awb-caption-title-font-style:var(--h2_typography-font-style);--awb-caption-title-size:var(--h2_typography-font-size);--awb-caption-title-transform:var(--h2_typography-text-transform);--awb-caption-title-line-height:var(--h2_typography-line-height);--awb-caption-title-letter-spacing:var(--h2_typography-letter-spacing);\"><div class=\"awb-image-frame awb-image-frame-2 imageframe-liftup imageframe-2\"><span class=\" fusion-imageframe imageframe-none imageframe-2\" style=\"border-radius:20px;\"><a class=\"fusion-no-lightbox\" href=\"http:\/\/h2sys.fr\/es\/quienes-somos\/nuestros-valores\/\" target=\"_self\" aria-label=\"mini-nos-valeurs\"><img decoding=\"async\" width=\"536\" height=\"332\" src=\"http:\/\/h2sys.fr\/wp-content\/uploads\/2021\/08\/mini-nos-valeurs.jpg\" alt class=\"img-responsive wp-image-11212\" srcset=\"https:\/\/h2sys.fr\/wp-content\/uploads\/2021\/08\/mini-nos-valeurs-200x124.jpg 200w, https:\/\/h2sys.fr\/wp-content\/uploads\/2021\/08\/mini-nos-valeurs-400x248.jpg 400w, https:\/\/h2sys.fr\/wp-content\/uploads\/2021\/08\/mini-nos-valeurs.jpg 536w\" sizes=\"(max-width: 768px) 100vw, 400px\" \/><\/a><\/span><\/div><\/div><div class=\"fusion-title title fusion-title-4 fusion-sep-none fusion-title-center fusion-title-text fusion-title-size-three\" style=\"--awb-margin-top:0px;--awb-margin-bottom:0px;--awb-font-size:20px;\"><h3 class=\"fusion-title-heading title-heading-center\" style=\"margin:0;font-size:1em;\"><a href=\"http:\/\/h2sys.fr\/es\/quienes-somos\/nuestros-valores\/\" class=\"awb-custom-text-color awb-custom-text-hover-color\" target=\"_self\">Nuestros valores<\/a><\/h3><\/div><\/div><\/div>\n<div class=\"fusion-layout-column fusion_builder_column fusion-builder-column-5 fusion_builder_column_1_3 1_3 fusion-flex-column\" style=\"--awb-bg-size:cover;--awb-width-large:33.333333333333%;--awb-margin-top-large:0px;--awb-spacing-right-large:5.76%;--awb-margin-bottom-large:30px;--awb-spacing-left-large:5.76%;--awb-width-medium:33.333333333333%;--awb-order-medium:0;--awb-spacing-right-medium:5.76%;--awb-spacing-left-medium:5.76%;--awb-width-small:100%;--awb-order-small:0;--awb-spacing-right-small:1.92%;--awb-spacing-left-small:1.92%;\"><div class=\"fusion-column-wrapper fusion-column-has-shadow fusion-flex-justify-content-flex-start fusion-content-layout-column\"><div class=\"fusion-image-element \" style=\"text-align:center;--awb-liftup-border-radius:20px;--awb-margin-bottom:20px;--awb-caption-title-font-family:var(--h2_typography-font-family);--awb-caption-title-font-weight:var(--h2_typography-font-weight);--awb-caption-title-font-style:var(--h2_typography-font-style);--awb-caption-title-size:var(--h2_typography-font-size);--awb-caption-title-transform:var(--h2_typography-text-transform);--awb-caption-title-line-height:var(--h2_typography-line-height);--awb-caption-title-letter-spacing:var(--h2_typography-letter-spacing);\"><div class=\"awb-image-frame awb-image-frame-3 imageframe-liftup imageframe-3\"><span class=\" fusion-imageframe imageframe-none imageframe-3\" style=\"border-radius:20px;\"><a class=\"fusion-no-lightbox\" href=\"http:\/\/h2sys.fr\/es\/quienes-somos\/afiliaciones-y-asociaciones\/\" target=\"_self\" aria-label=\"mini-partenaires\"><img decoding=\"async\" width=\"536\" height=\"332\" src=\"http:\/\/h2sys.fr\/wp-content\/uploads\/2021\/08\/mini-partenaires.jpg\" alt class=\"img-responsive wp-image-11208\" srcset=\"https:\/\/h2sys.fr\/wp-content\/uploads\/2021\/08\/mini-partenaires-200x124.jpg 200w, https:\/\/h2sys.fr\/wp-content\/uploads\/2021\/08\/mini-partenaires-400x248.jpg 400w, https:\/\/h2sys.fr\/wp-content\/uploads\/2021\/08\/mini-partenaires.jpg 536w\" sizes=\"(max-width: 768px) 100vw, 400px\" \/><\/a><\/span><\/div><\/div><div class=\"fusion-title title fusion-title-5 fusion-sep-none fusion-title-center fusion-title-text fusion-title-size-three\" style=\"--awb-margin-top:0px;--awb-margin-bottom:0px;--awb-font-size:20px;\"><h3 class=\"fusion-title-heading title-heading-center\" style=\"margin:0;font-size:1em;\"><a href=\"http:\/\/h2sys.fr\/es\/quienes-somos\/afiliaciones-y-asociaciones\/\" class=\"awb-custom-text-color awb-custom-text-hover-color\" target=\"_self\">Afiliaciones y asociaciones<\/a><\/h3><\/div><\/div><\/div>\n<\/div><\/div><\/p>\n","protected":false},"excerpt":{"rendered":"","protected":false},"author":1,"featured_media":0,"parent":11164,"menu_order":0,"comment_status":"closed","ping_status":"closed","template":"100-width.php","meta":{"footnotes":""},"class_list":["post-11251","page","type-page","status-publish","hentry"],"yoast_head":"<!-- This site is optimized with the Yoast SEO plugin v20.5 - https:\/\/yoast.com\/wordpress\/plugins\/seo\/ -->\n<title>Nuestra experiencia - H2SYS<\/title>\n<meta name=\"robots\" content=\"index, follow, max-snippet:-1, max-image-preview:large, max-video-preview:-1\" \/>\n<link rel=\"canonical\" href=\"https:\/\/h2sys.fr\/es\/quienes-somos\/nuestra-experiencia\/\" \/>\n<meta property=\"og:locale\" content=\"es_ES\" \/>\n<meta property=\"og:type\" content=\"article\" \/>\n<meta property=\"og:title\" content=\"Nuestra experiencia - H2SYS\" \/>\n<meta property=\"og:url\" content=\"https:\/\/h2sys.fr\/es\/quienes-somos\/nuestra-experiencia\/\" \/>\n<meta property=\"og:site_name\" content=\"H2SYS\" \/>\n<meta property=\"article:modified_time\" content=\"2022-01-17T13:29:24+00:00\" \/>\n<meta name=\"twitter:card\" content=\"summary_large_image\" \/>\n<meta name=\"twitter:label1\" content=\"Tiempo de lectura\" \/>\n\t<meta name=\"twitter:data1\" content=\"10 minutos\" \/>\n<script type=\"application\/ld+json\" class=\"yoast-schema-graph\">{\"@context\":\"https:\/\/schema.org\",\"@graph\":[{\"@type\":\"WebPage\",\"@id\":\"https:\/\/h2sys.fr\/es\/quienes-somos\/nuestra-experiencia\/\",\"url\":\"https:\/\/h2sys.fr\/es\/quienes-somos\/nuestra-experiencia\/\",\"name\":\"Nuestra experiencia - H2SYS\",\"isPartOf\":{\"@id\":\"https:\/\/h2sys.fr\/#website\"},\"datePublished\":\"2021-12-09T08:50:23+00:00\",\"dateModified\":\"2022-01-17T13:29:24+00:00\",\"breadcrumb\":{\"@id\":\"https:\/\/h2sys.fr\/es\/quienes-somos\/nuestra-experiencia\/#breadcrumb\"},\"inLanguage\":\"es\",\"potentialAction\":[{\"@type\":\"ReadAction\",\"target\":[\"https:\/\/h2sys.fr\/es\/quienes-somos\/nuestra-experiencia\/\"]}]},{\"@type\":\"BreadcrumbList\",\"@id\":\"https:\/\/h2sys.fr\/es\/quienes-somos\/nuestra-experiencia\/#breadcrumb\",\"itemListElement\":[{\"@type\":\"ListItem\",\"position\":1,\"name\":\"Qui\u00e9nes somos\",\"item\":\"https:\/\/h2sys.fr\/es\/quienes-somos\/\"},{\"@type\":\"ListItem\",\"position\":2,\"name\":\"Nuestra experiencia\"}]},{\"@type\":\"WebSite\",\"@id\":\"https:\/\/h2sys.fr\/#website\",\"url\":\"https:\/\/h2sys.fr\/\",\"name\":\"H2SYS\",\"description\":\"Un site utilisant WordPress\",\"publisher\":{\"@id\":\"https:\/\/h2sys.fr\/#organization\"},\"potentialAction\":[{\"@type\":\"SearchAction\",\"target\":{\"@type\":\"EntryPoint\",\"urlTemplate\":\"https:\/\/h2sys.fr\/?s={search_term_string}\"},\"query-input\":\"required name=search_term_string\"}],\"inLanguage\":\"es\"},{\"@type\":\"Organization\",\"@id\":\"https:\/\/h2sys.fr\/#organization\",\"name\":\"H2SYS\",\"url\":\"https:\/\/h2sys.fr\/\",\"logo\":{\"@type\":\"ImageObject\",\"inLanguage\":\"es\",\"@id\":\"https:\/\/h2sys.fr\/#\/schema\/logo\/image\/\",\"url\":\"https:\/\/h2sys.fr\/wp-content\/uploads\/2021\/08\/LOGO-FOOTER.png\",\"contentUrl\":\"https:\/\/h2sys.fr\/wp-content\/uploads\/2021\/08\/LOGO-FOOTER.png\",\"width\":311,\"height\":202,\"caption\":\"H2SYS\"},\"image\":{\"@id\":\"https:\/\/h2sys.fr\/#\/schema\/logo\/image\/\"}}]}<\/script>\n<!-- \/ Yoast SEO plugin. -->","yoast_head_json":{"title":"Nuestra experiencia - H2SYS","robots":{"index":"index","follow":"follow","max-snippet":"max-snippet:-1","max-image-preview":"max-image-preview:large","max-video-preview":"max-video-preview:-1"},"canonical":"https:\/\/h2sys.fr\/es\/quienes-somos\/nuestra-experiencia\/","og_locale":"es_ES","og_type":"article","og_title":"Nuestra experiencia - H2SYS","og_url":"https:\/\/h2sys.fr\/es\/quienes-somos\/nuestra-experiencia\/","og_site_name":"H2SYS","article_modified_time":"2022-01-17T13:29:24+00:00","twitter_card":"summary_large_image","twitter_misc":{"Tiempo de lectura":"10 minutos"},"schema":{"@context":"https:\/\/schema.org","@graph":[{"@type":"WebPage","@id":"https:\/\/h2sys.fr\/es\/quienes-somos\/nuestra-experiencia\/","url":"https:\/\/h2sys.fr\/es\/quienes-somos\/nuestra-experiencia\/","name":"Nuestra experiencia - H2SYS","isPartOf":{"@id":"https:\/\/h2sys.fr\/#website"},"datePublished":"2021-12-09T08:50:23+00:00","dateModified":"2022-01-17T13:29:24+00:00","breadcrumb":{"@id":"https:\/\/h2sys.fr\/es\/quienes-somos\/nuestra-experiencia\/#breadcrumb"},"inLanguage":"es","potentialAction":[{"@type":"ReadAction","target":["https:\/\/h2sys.fr\/es\/quienes-somos\/nuestra-experiencia\/"]}]},{"@type":"BreadcrumbList","@id":"https:\/\/h2sys.fr\/es\/quienes-somos\/nuestra-experiencia\/#breadcrumb","itemListElement":[{"@type":"ListItem","position":1,"name":"Qui\u00e9nes somos","item":"https:\/\/h2sys.fr\/es\/quienes-somos\/"},{"@type":"ListItem","position":2,"name":"Nuestra experiencia"}]},{"@type":"WebSite","@id":"https:\/\/h2sys.fr\/#website","url":"https:\/\/h2sys.fr\/","name":"H2SYS","description":"Un site utilisant WordPress","publisher":{"@id":"https:\/\/h2sys.fr\/#organization"},"potentialAction":[{"@type":"SearchAction","target":{"@type":"EntryPoint","urlTemplate":"https:\/\/h2sys.fr\/?s={search_term_string}"},"query-input":"required name=search_term_string"}],"inLanguage":"es"},{"@type":"Organization","@id":"https:\/\/h2sys.fr\/#organization","name":"H2SYS","url":"https:\/\/h2sys.fr\/","logo":{"@type":"ImageObject","inLanguage":"es","@id":"https:\/\/h2sys.fr\/#\/schema\/logo\/image\/","url":"https:\/\/h2sys.fr\/wp-content\/uploads\/2021\/08\/LOGO-FOOTER.png","contentUrl":"https:\/\/h2sys.fr\/wp-content\/uploads\/2021\/08\/LOGO-FOOTER.png","width":311,"height":202,"caption":"H2SYS"},"image":{"@id":"https:\/\/h2sys.fr\/#\/schema\/logo\/image\/"}}]}},"_links":{"self":[{"href":"https:\/\/h2sys.fr\/es\/wp-json\/wp\/v2\/pages\/11251","targetHints":{"allow":["GET"]}}],"collection":[{"href":"https:\/\/h2sys.fr\/es\/wp-json\/wp\/v2\/pages"}],"about":[{"href":"https:\/\/h2sys.fr\/es\/wp-json\/wp\/v2\/types\/page"}],"author":[{"embeddable":true,"href":"https:\/\/h2sys.fr\/es\/wp-json\/wp\/v2\/users\/1"}],"replies":[{"embeddable":true,"href":"https:\/\/h2sys.fr\/es\/wp-json\/wp\/v2\/comments?post=11251"}],"version-history":[{"count":15,"href":"https:\/\/h2sys.fr\/es\/wp-json\/wp\/v2\/pages\/11251\/revisions"}],"predecessor-version":[{"id":13210,"href":"https:\/\/h2sys.fr\/es\/wp-json\/wp\/v2\/pages\/11251\/revisions\/13210"}],"up":[{"embeddable":true,"href":"https:\/\/h2sys.fr\/es\/wp-json\/wp\/v2\/pages\/11164"}],"wp:attachment":[{"href":"https:\/\/h2sys.fr\/es\/wp-json\/wp\/v2\/media?parent=11251"}],"curies":[{"name":"wp","href":"https:\/\/api.w.org\/{rel}","templated":true}]}}