{"id":11044,"date":"2021-12-08T19:14:11","date_gmt":"2021-12-08T18:14:11","guid":{"rendered":"http:\/\/h2sys.fr\/informacion-legal\/"},"modified":"2021-12-22T11:50:10","modified_gmt":"2021-12-22T10:50:10","slug":"informacion-legal","status":"publish","type":"page","link":"https:\/\/h2sys.fr\/es\/informacion-legal\/","title":{"rendered":"Informaci\u00f3n legal"},"content":{"rendered":"<h2 class=\"fusion-responsive-typography-calculated\" data-fontsize=\"40\" data-lineheight=\"48px\">EDITOR DEL SITIO<\/h2>\n<p>H2SYS<br \/>\n19 rue Becquerel<br \/>\n90000 Belfort<br \/>\nT\u00e9l. 03 39 03 40 93<\/p>\n<h2 class=\"fusion-responsive-typography-calculated\" data-fontsize=\"40\" data-lineheight=\"48px\">DIRECTOR DE LA PUBLICACI\u00d3N<\/h2>\n<p>S\u00e9bastien Faivre &#8211; CEO<\/p>\n<h2 class=\"fusion-responsive-typography-calculated\" data-fontsize=\"40\" data-lineheight=\"48px\">ALOJAMIENTO DEL SITIO<\/h2>\n<p>1&amp;1 Internet SARL<br \/>\n7, place de la Gare<br \/>\nBP 70109<br \/>\n57201 Sarreguemines Cedex<\/p>\n<p>SARL con un capital de 100 000 EUR<br \/>\nRCS Sarreguemines B 431 303 775<br \/>\nSIRET 431 303 775 000 16<br \/>\nC\u00f3digo APE: 6201Z<br \/>\nIdentificaci\u00f3n intracomunitaria FR 13 431303775<\/p>\n<h2 class=\"fusion-responsive-typography-calculated\" data-fontsize=\"40\" data-lineheight=\"48px\">CREACI\u00d3N DEL SITIO<\/h2>\n<p>Tema: Avada Theme de <a href=\"http:\/\/theme-fusion.com\/\">Theme Fusion<\/a><br \/>\nEste sitio utiliza el CMS WordPress<\/p>\n<h3 class=\"fusion-responsive-typography-calculated\" data-fontsize=\"32\" data-lineheight=\"41.6px\">CREACI\u00d3N DE ENLACES A ESTE SITIO<\/h3>\n<p>H2SYS autoriza el establecimiento de enlaces de hipertexto a sus p\u00e1ginas, siempre que<\/p>\n<p>que estos enlaces no sean creados mediante la t\u00e9cnica del \u00abdeep link\u00bb y, por consiguiente, que la activaci\u00f3n del enlace no deje dudas sobre la direcci\u00f3n del sitio visitado y que se muestre en una ventana del navegador independiente de la ventana original,<br \/>\nque estos enlaces no sean creados mediante la t\u00e9cnica del \u00abdeep link\u00bb y, por tanto, que la activaci\u00f3n del enlace no deje lugar a dudas sobre la direcci\u00f3n del sitio visitado y que se muestre en una ventana del navegador independiente de la ventana original,<br \/>\nque estos enlaces no est\u00e1n relacionados con ning\u00fan sitio de Internet que difunda informaci\u00f3n de car\u00e1cter discriminatorio, racista, pornogr\u00e1fico, xen\u00f3fobo, ped\u00f3filo o que, en general, pueda atentar contra la moral o las buenas costumbres.<\/p>\n<h3 class=\"fusion-responsive-typography-calculated\" data-fontsize=\"32\" data-lineheight=\"41.6px\">ADVERTENCIA SOBRE EL CONTENIDO<\/h3>\n<p>A pesar de todo el cuidado puesto en preservar la integridad de la informaci\u00f3n y los documentos puestos en l\u00ednea, no se puede excluir totalmente la presencia de errores. H2SYS no se hace responsable de estos errores fortuitos.<\/p>\n<h3 class=\"fusion-responsive-typography-calculated\" data-fontsize=\"32\" data-lineheight=\"41.6px\">PROTECCI\u00d3N DE DATOS PERSONALES<\/h3>\n<p>No se recoge ninguna informaci\u00f3n personal sin su conocimiento. No se transmite ninguna informaci\u00f3n personal a terceros.<\/p>\n<h3 class=\"fusion-responsive-typography-calculated\" data-fontsize=\"32\" data-lineheight=\"41.6px\">LEY APLICABLE<\/h3>\n<p>Tanto este sitio como los t\u00e9rminos y condiciones de su uso se rigen por la legislaci\u00f3n francesa, independientemente del lugar de uso o conexi\u00f3n. En caso de litigio, y despu\u00e9s de que hayan fracasado todos los intentos de encontrar una soluci\u00f3n amistosa, los tribunales franceses ser\u00e1n los \u00fanicos competentes para conocer el litigio.<\/p>\n","protected":false},"excerpt":{"rendered":"<p>EDITOR DEL SITIO H2SYS 19 rue Becquerel 90000 Belfort T\u00e9l.  [&#8230;]<\/p>\n","protected":false},"author":1,"featured_media":0,"parent":0,"menu_order":0,"comment_status":"closed","ping_status":"closed","template":"","meta":{"footnotes":""},"class_list":["post-11044","page","type-page","status-publish","hentry"],"yoast_head":"<!-- This site is optimized with the Yoast SEO plugin v20.5 - https:\/\/yoast.com\/wordpress\/plugins\/seo\/ -->\n<title>Informaci\u00f3n legal - H2SYS<\/title>\n<meta name=\"robots\" content=\"index, follow, max-snippet:-1, max-image-preview:large, max-video-preview:-1\" \/>\n<link rel=\"canonical\" href=\"https:\/\/h2sys.fr\/es\/informacion-legal\/\" \/>\n<meta property=\"og:locale\" content=\"es_ES\" \/>\n<meta property=\"og:type\" content=\"article\" \/>\n<meta property=\"og:title\" content=\"Informaci\u00f3n legal - H2SYS\" \/>\n<meta property=\"og:description\" content=\"EDITOR DEL SITIO H2SYS 19 rue Becquerel 90000 Belfort T\u00e9l. [...]\" \/>\n<meta property=\"og:url\" content=\"https:\/\/h2sys.fr\/es\/informacion-legal\/\" \/>\n<meta property=\"og:site_name\" content=\"H2SYS\" \/>\n<meta property=\"article:modified_time\" content=\"2021-12-22T10:50:10+00:00\" \/>\n<meta name=\"twitter:card\" content=\"summary_large_image\" \/>\n<meta name=\"twitter:label1\" content=\"Tiempo de lectura\" \/>\n\t<meta name=\"twitter:data1\" content=\"2 minutos\" \/>\n<script type=\"application\/ld+json\" class=\"yoast-schema-graph\">{\"@context\":\"https:\/\/schema.org\",\"@graph\":[{\"@type\":\"WebPage\",\"@id\":\"https:\/\/h2sys.fr\/es\/informacion-legal\/\",\"url\":\"https:\/\/h2sys.fr\/es\/informacion-legal\/\",\"name\":\"Informaci\u00f3n legal - H2SYS\",\"isPartOf\":{\"@id\":\"https:\/\/h2sys.fr\/#website\"},\"datePublished\":\"2021-12-08T18:14:11+00:00\",\"dateModified\":\"2021-12-22T10:50:10+00:00\",\"inLanguage\":\"es\",\"potentialAction\":[{\"@type\":\"ReadAction\",\"target\":[\"https:\/\/h2sys.fr\/es\/informacion-legal\/\"]}]},{\"@type\":\"WebSite\",\"@id\":\"https:\/\/h2sys.fr\/#website\",\"url\":\"https:\/\/h2sys.fr\/\",\"name\":\"H2SYS\",\"description\":\"Un site utilisant WordPress\",\"publisher\":{\"@id\":\"https:\/\/h2sys.fr\/#organization\"},\"potentialAction\":[{\"@type\":\"SearchAction\",\"target\":{\"@type\":\"EntryPoint\",\"urlTemplate\":\"https:\/\/h2sys.fr\/?s={search_term_string}\"},\"query-input\":\"required name=search_term_string\"}],\"inLanguage\":\"es\"},{\"@type\":\"Organization\",\"@id\":\"https:\/\/h2sys.fr\/#organization\",\"name\":\"H2SYS\",\"url\":\"https:\/\/h2sys.fr\/\",\"logo\":{\"@type\":\"ImageObject\",\"inLanguage\":\"es\",\"@id\":\"https:\/\/h2sys.fr\/#\/schema\/logo\/image\/\",\"url\":\"https:\/\/h2sys.fr\/wp-content\/uploads\/2021\/08\/LOGO-FOOTER.png\",\"contentUrl\":\"https:\/\/h2sys.fr\/wp-content\/uploads\/2021\/08\/LOGO-FOOTER.png\",\"width\":311,\"height\":202,\"caption\":\"H2SYS\"},\"image\":{\"@id\":\"https:\/\/h2sys.fr\/#\/schema\/logo\/image\/\"}}]}<\/script>\n<!-- \/ Yoast SEO plugin. -->","yoast_head_json":{"title":"Informaci\u00f3n legal - H2SYS","robots":{"index":"index","follow":"follow","max-snippet":"max-snippet:-1","max-image-preview":"max-image-preview:large","max-video-preview":"max-video-preview:-1"},"canonical":"https:\/\/h2sys.fr\/es\/informacion-legal\/","og_locale":"es_ES","og_type":"article","og_title":"Informaci\u00f3n legal - H2SYS","og_description":"EDITOR DEL SITIO H2SYS 19 rue Becquerel 90000 Belfort T\u00e9l. [...]","og_url":"https:\/\/h2sys.fr\/es\/informacion-legal\/","og_site_name":"H2SYS","article_modified_time":"2021-12-22T10:50:10+00:00","twitter_card":"summary_large_image","twitter_misc":{"Tiempo de lectura":"2 minutos"},"schema":{"@context":"https:\/\/schema.org","@graph":[{"@type":"WebPage","@id":"https:\/\/h2sys.fr\/es\/informacion-legal\/","url":"https:\/\/h2sys.fr\/es\/informacion-legal\/","name":"Informaci\u00f3n legal - H2SYS","isPartOf":{"@id":"https:\/\/h2sys.fr\/#website"},"datePublished":"2021-12-08T18:14:11+00:00","dateModified":"2021-12-22T10:50:10+00:00","inLanguage":"es","potentialAction":[{"@type":"ReadAction","target":["https:\/\/h2sys.fr\/es\/informacion-legal\/"]}]},{"@type":"WebSite","@id":"https:\/\/h2sys.fr\/#website","url":"https:\/\/h2sys.fr\/","name":"H2SYS","description":"Un site utilisant WordPress","publisher":{"@id":"https:\/\/h2sys.fr\/#organization"},"potentialAction":[{"@type":"SearchAction","target":{"@type":"EntryPoint","urlTemplate":"https:\/\/h2sys.fr\/?s={search_term_string}"},"query-input":"required name=search_term_string"}],"inLanguage":"es"},{"@type":"Organization","@id":"https:\/\/h2sys.fr\/#organization","name":"H2SYS","url":"https:\/\/h2sys.fr\/","logo":{"@type":"ImageObject","inLanguage":"es","@id":"https:\/\/h2sys.fr\/#\/schema\/logo\/image\/","url":"https:\/\/h2sys.fr\/wp-content\/uploads\/2021\/08\/LOGO-FOOTER.png","contentUrl":"https:\/\/h2sys.fr\/wp-content\/uploads\/2021\/08\/LOGO-FOOTER.png","width":311,"height":202,"caption":"H2SYS"},"image":{"@id":"https:\/\/h2sys.fr\/#\/schema\/logo\/image\/"}}]}},"_links":{"self":[{"href":"https:\/\/h2sys.fr\/es\/wp-json\/wp\/v2\/pages\/11044","targetHints":{"allow":["GET"]}}],"collection":[{"href":"https:\/\/h2sys.fr\/es\/wp-json\/wp\/v2\/pages"}],"about":[{"href":"https:\/\/h2sys.fr\/es\/wp-json\/wp\/v2\/types\/page"}],"author":[{"embeddable":true,"href":"https:\/\/h2sys.fr\/es\/wp-json\/wp\/v2\/users\/1"}],"replies":[{"embeddable":true,"href":"https:\/\/h2sys.fr\/es\/wp-json\/wp\/v2\/comments?post=11044"}],"version-history":[{"count":3,"href":"https:\/\/h2sys.fr\/es\/wp-json\/wp\/v2\/pages\/11044\/revisions"}],"predecessor-version":[{"id":12680,"href":"https:\/\/h2sys.fr\/es\/wp-json\/wp\/v2\/pages\/11044\/revisions\/12680"}],"wp:attachment":[{"href":"https:\/\/h2sys.fr\/es\/wp-json\/wp\/v2\/media?parent=11044"}],"curies":[{"name":"wp","href":"https:\/\/api.w.org\/{rel}","templated":true}]}}