{"id":11042,"date":"2021-12-08T19:13:37","date_gmt":"2021-12-08T18:13:37","guid":{"rendered":"http:\/\/h2sys.fr\/politica-de-privacidad\/"},"modified":"2021-12-22T12:07:24","modified_gmt":"2021-12-22T11:07:24","slug":"politica-de-privacidad","status":"publish","type":"page","link":"https:\/\/h2sys.fr\/es\/politica-de-privacidad\/","title":{"rendered":"Pol\u00edtica de privacidad"},"content":{"rendered":"<p>La pol\u00edtica de privacidad de H2SYS es accesible desde nuestros sitios web (en adelante, \u00ablos sitios\u00bb): desde cada p\u00e1gina del sitio web <a href=\"http:\/\/www.h2sys.fr\">www.h2sys.fr<\/a> (en adelante, \u00abel sitio\u00bb) haciendo clic en el enlace de la pol\u00edtica de privacidad al final de la p\u00e1gina.<\/p>\n<h2 class=\"fusion-responsive-typography-calculated\" data-fontsize=\"44\" data-lineheight=\"39.6px\">1. Informaci\u00f3n general<\/h2>\n<p>H2SYS cumple con las disposiciones del Reglamento europeo (2016\/679) de 4 de mayo de 2016 relativo a la protecci\u00f3n de las personas f\u00edsicas en lo que respecta al tratamiento de datos personales y a la libre circulaci\u00f3n de estos datos y con las disposiciones de la Ley francesa de protecci\u00f3n de datos de 6 de enero de 1978 (modificada el 6 de agosto de 2004) (en adelante, la \u00abLey de protecci\u00f3n de datos\u00bb). Por ello, H2SYS ha declarado la recogida y el tratamiento de sus datos personales a la Comisi\u00f3n Nacional de la Inform\u00e1tica y las Libertades (CNIL), a trav\u00e9s del responsable de la protecci\u00f3n de datos de H2SYS (en adelante, el \u00abRPD\u00bb). Puede ponerse en contacto con el responsable de la protecci\u00f3n de datos a trav\u00e9s del formulario de contacto o en la siguiente direcci\u00f3n<\/p>\n<p>Departamento de Protecci\u00f3n de Datos<br \/>\nH2SYS<br \/>\n19 rue Becquerel<br \/>\n90000 Belfort<\/p>\n<p>Esta p\u00e1gina detalla el marco de nuestra pol\u00edtica de privacidad inform\u00e1ndole en particular sobre los siguientes temas:<\/p>\n<p>\u00bfCu\u00e1l es la naturaleza de los datos personales recogidos por H2SYS?<br \/>\n\u00bfC\u00f3mo se recogen sus datos personales y qu\u00e9 medidas toma H2SYS para garantizar su protecci\u00f3n?<br \/>\n\u00bfCon qu\u00e9 fines recoge H2SYS sus datos personales?<br \/>\n\u00bfQui\u00e9n es el responsable del tratamiento de sus datos personales recogidos por H2SYS?<br \/>\n\u00bfC\u00f3mo puede ejercer sus derechos sobre sus datos personales?<\/p>\n<h2 class=\"fusion-responsive-typography-calculated\" data-fontsize=\"44\" data-lineheight=\"39.6px\">2. Datos personales<\/h2>\n<p>Los \u00abdatos personales\u00bb se refieren a la informaci\u00f3n sobre usted como persona f\u00edsica, que usted comunica voluntariamente rellenando un formulario en el sitio web o durante una llamada telef\u00f3nica, o que H2SYS recoge en el marco de su navegaci\u00f3n y que, sea cual sea su naturaleza, le permite identificarle, directamente o no (basta con que sea simplemente identificable). Por lo tanto, los datos personales incluyen datos nominativos (como su nombre, su apellido, su correo electr\u00f3nico, su n\u00famero de tel\u00e9fono, etc.) y datos de identificaci\u00f3n electr\u00f3nica disponibles en o desde su terminal (ordenador, smartphone o tableta), como \u00abcookies\u00bb o \u00abdirecciones IP\u00bb. Le recordamos que los datos de identificaci\u00f3n electr\u00f3nica permiten identificar su terminal de conexi\u00f3n o las p\u00e1ginas consultadas en el sitio durante su navegaci\u00f3n y, por lo general, son insuficientes por s\u00ed solos para identificarle por su nombre.<\/p>\n<h2 class=\"fusion-responsive-typography-calculated\" data-fontsize=\"44\" data-lineheight=\"39.6px\">3. Recogida de datos<\/h2>\n<p>Sobre la base de nuestras necesidades de comunicaci\u00f3n con usted y de nuestro inter\u00e9s leg\u00edtimo, recogemos sus datos personales cuando: usted navega por las p\u00e1ginas del sitio web de H2SYS, hace una solicitud de contacto nos llama al +33 (3) 39 40 93 , H2SYS recoge la informaci\u00f3n esencial para responder a sus solicitudes. Esta informaci\u00f3n se indica con un asterisco en las distintas p\u00e1ginas y formularios del sitio. La otra informaci\u00f3n es opcional y nos permite conocerle mejor y mejorar nuestros servicios y nuestros intercambios. La informaci\u00f3n esencial que recoge H2SYS es, en particular, su nombre, su apellido, su direcci\u00f3n de correo electr\u00f3nico y su n\u00famero de tel\u00e9fono. Cuando usted proporciona voluntariamente datos personales sobre s\u00ed mismo, en particular cuando se trata de contenidos multimedia (fotograf\u00edas, v\u00eddeos, etc.), se compromete a proporcionar informaci\u00f3n precisa que no perjudique los intereses o derechos de terceros.<\/p>\n<h2 class=\"fusion-responsive-typography-calculated\" data-fontsize=\"44\" data-lineheight=\"39.6px\">4. Cookies<\/h2>\n<p>Cuando usted visita nuestros sitios web, sus datos personales se recogen a trav\u00e9s de cookies. Las clasificamos en dos categor\u00edas: cookies \u00abinternas\u00bb gestionadas por H2SYS y cookies \u00abde terceros\u00bb proporcionadas por nuestros socios y proveedores de servicios. Estas cookies adoptan dos formas: archivos de texto grabados por el navegador de su terminal a petici\u00f3n de nuestro servidor inform\u00e1tico o de los de nuestros socios y proveedores. Estas cookies no son aplicaciones maliciosas. No permiten identificarle por su nombre, pero registran informaci\u00f3n relativa a su navegaci\u00f3n (p\u00e1ginas consultadas, fecha y hora de la consulta, direcci\u00f3n IP, etc.). El tiempo de permanencia de estas cookies en su terminal var\u00eda en funci\u00f3n de sus necesidades: desde la caducidad inmediata tras el cierre de su navegador hasta el l\u00edmite legal de 13 meses; scripts inform\u00e1ticos (tambi\u00e9n conocidos como \u00abmarcadores\u00bb, \u00abetiquetas\u00bb o \u00abp\u00edxeles\u00bb) depositados en el c\u00f3digo de cada una de nuestras p\u00e1ginas para seguir su navegaci\u00f3n y recoger sus datos personales. Sin embargo, tenga en cuenta que si comparte el uso de su terminal con otras personas, no podemos estar seguros de que los datos personales recogidos correspondan a su propio uso y no al de otro usuario.<\/p>\n<h2 class=\"fusion-responsive-typography-calculated\" data-fontsize=\"44\" data-lineheight=\"39.6px\">5. Fines, tratamiento y plazos de conservaci\u00f3n<\/h2>\n<h3 class=\"fusion-responsive-typography-calculated\" data-fontsize=\"34\" data-lineheight=\"34px\">5.1. Uso de cookies<\/h3>\n<p>Debemos asegurarnos de que usted acepta el uso de cookies cuando navega por los sitios. Puede hacer esta elecci\u00f3n cerrando el banner de alerta de cookies que aparece en la primera p\u00e1gina de su visita, o haciendo clic en el bot\u00f3n \u00abAceptar\u00bb del banner del sitio, o continuando su navegaci\u00f3n despu\u00e9s de estas alertas. Su elecci\u00f3n se almacena durante 13 meses.<\/p>\n<h3 class=\"fusion-responsive-typography-calculated\" data-fontsize=\"34\" data-lineheight=\"34px\">5.2. Servicio web<\/h3>\n<h4 class=\"fusion-responsive-typography-calculated\" data-fontsize=\"28\" data-lineheight=\"28px\">5.2.1. Contenido de v\u00eddeo<\/h4>\n<p>Distribuimos contenidos de v\u00eddeo para promocionar nuestra empresa. YouTube es un servicio de la empresa Google. Nuestras p\u00e1ginas de programas utilizan el reproductor de v\u00eddeo de YouTube para mostrar nuestros v\u00eddeos. Este reproductor se comunica con los servidores de YouTube, que registran las p\u00e1ginas que has visitado. Si est\u00e1 conectado a YouTube, su informaci\u00f3n de navegaci\u00f3n est\u00e1 asociada a su perfil personal. Puedes optar por no hacerlo cerrando primero la sesi\u00f3n de tu cuenta de YouTube. No tenemos ning\u00fan control sobre el proceso utilizado por Google. Le invitamos a consultar la pol\u00edtica de privacidad de Google para conocer los fines para los que Google puede utilizar la informaci\u00f3n de navegaci\u00f3n que recopila a trav\u00e9s del uso del reproductor de YouTube, incluida la publicidad.<\/p>\n<h4 class=\"fusion-responsive-typography-calculated\" data-fontsize=\"28\" data-lineheight=\"28px\">5.2.2. Compartir contenidos<\/h4>\n<p>Le damos la posibilidad de compartir informaci\u00f3n sobre nuestra asociaci\u00f3n con sus amigos. Al compartir en las redes sociales, no se intercambian datos personales entre H2SYS y las redes sociales. Su informaci\u00f3n de conexi\u00f3n es estrictamente confidencial y no es conocida por H2SYS. No tenemos ning\u00fan control sobre el proceso utilizado por las redes sociales para recoger informaci\u00f3n sobre su navegaci\u00f3n en nuestro sitio y asociarla con los datos personales que poseen. Le invitamos a consultar las pol\u00edticas de protecci\u00f3n de la intimidad de estas redes sociales para conocer los fines de uso, incluida la publicidad, de la informaci\u00f3n de navegaci\u00f3n que pueden recoger al compartir la p\u00e1gina. Estas pol\u00edticas de protecci\u00f3n deber\u00edan permitirle ejercer sus opciones con estas redes sociales, en particular al configurar sus cuentas de usuario para cada una de ellas.<\/p>\n<h4 class=\"fusion-responsive-typography-calculated\" data-fontsize=\"28\" data-lineheight=\"28px\">5.2.3. Navegaci\u00f3n web<\/h4>\n<p>Nos comprometemos a ofrecerle la mejor experiencia posible en nuestros sitios. Con el fin de seguir y gestionar t\u00e9cnicamente su sesi\u00f3n de navegaci\u00f3n, se le asigna una identificaci\u00f3n de visitante que se almacena en su terminal. Los servidores inform\u00e1ticos la utilizan para garantizar que su visita a los sitios web se desarrolle sin problemas. La cookie utilizada expira cuando usted cierra su navegador.<\/p>\n<h3 class=\"fusion-responsive-typography-calculated\" data-fontsize=\"34\" data-lineheight=\"34px\">5.3. Medici\u00f3n de la audiencia<\/h3>\n<p>Queremos saber qu\u00e9 p\u00e1ginas le interesan m\u00e1s y estar informados del perfil de los visitantes de nuestros sitios. El seguimiento de su navegaci\u00f3n en nuestros sitios nos permite establecer estad\u00edsticas de tr\u00e1fico (visitas, p\u00e1ginas visitadas, ruta de navegaci\u00f3n, tiempo de permanencia, navegador, botones pulsados, formularios rellenados, terminal, ubicaci\u00f3n de la ciudad donde se encuentra la puerta de enlace de su proveedor de servicios de Internet, etc.). Los datos recogidos con este fin no nos permiten identificarle por su nombre ni conocer sus datos de contacto. Nos permite analizar el rendimiento general de nuestros sitios en el contexto de nuestras operaciones de marketing y prospecci\u00f3n, incluso en beneficio de los socios de H2SYS que lo apoyan en este sentido, s\u00f3lo para este uso y de forma estrictamente confidencial. Estos datos son recogidos por la empresa Manon Horlacher, dise\u00f1adora web independiente, con la soluci\u00f3n Analytics Suite &#8211; y por Google, con la soluci\u00f3n Google Analytics. Manon Horlacher, dise\u00f1adora web independiente, conserva los datos durante 6 meses. Los informes de Manon Horlacher, dise\u00f1adora de p\u00e1ginas web independiente, se ponen a nuestra disposici\u00f3n mientras dure la relaci\u00f3n comercial con H2SYS, m\u00e1s 6 meses. Google conserva estos datos durante 18 meses. Despu\u00e9s de este periodo se \u00abanonimizan\u00bb. Los informes de audiencia se ponen a disposici\u00f3n de H2SYS a trav\u00e9s de una conexi\u00f3n segura.<\/p>\n<h2 class=\"fusion-responsive-typography-calculated\" data-fontsize=\"44\" data-lineheight=\"39.6px\">6. Cambiar las preferencias de las cookies<\/h2>\n<p>El registro de una cookie est\u00e1 sujeto a sus deseos. Por lo tanto, tiene la posibilidad de configurar su navegador de manera que pueda oponerse, total o parcialmente (en particular, seg\u00fan el emisor), al registro de cookies. La configuraci\u00f3n tambi\u00e9n le ofrece la posibilidad de aceptar o rechazar las cookies de forma puntual, antes de que se registren en su terminal. Asimismo, teniendo en cuenta las finalidades de las cookies expuestas anteriormente, cualquier configuraci\u00f3n destinada a rechazar el registro de cookies es susceptible de modificar su navegaci\u00f3n y\/o las funcionalidades y servicios y condiciones de acceso a determinados servicios que requieren el uso de cookies. Tambi\u00e9n tiene la opci\u00f3n de instalar en su navegador una aplicaci\u00f3n de terceros (\u00abextensi\u00f3n\u00bb o \u00abcomplemento\u00bb) que le permita bloquear el seguimiento de su navegaci\u00f3n por parte de las cookies con fines publicitarios.<\/p>\n<h3 class=\"fusion-responsive-typography-calculated\" data-fontsize=\"34\" data-lineheight=\"34px\">6.1. Cambiar las preferencias en la configuraci\u00f3n del navegador<\/h3>\n<p>Puede cambiar sus preferencias de cookies utilizando los procedimientos para los principales navegadores que se indican a continuaci\u00f3n.<\/p>\n<p><strong>Google Chrome<\/strong><\/p>\n<p>Haga clic en el men\u00fa y luego en \u00abConfiguraci\u00f3n\u00bb y despliegue la configuraci\u00f3n avanzada. En la secci\u00f3n \u00abPrivacidad y seguridad\u00bb, haga clic en \u00abConfiguraci\u00f3n del contenido\u00bb y en \u00abCookies\u00bb, seleccione la configuraci\u00f3n deseada. Visita la secci\u00f3n de ayuda de Google Chrome para obtener m\u00e1s informaci\u00f3n.<\/p>\n<p><strong>Mozilla Firefox<\/strong><\/p>\n<p>Abra el men\u00fa \u00abHerramientas\u00bb y luego \u00abOpciones\u00bb, haga clic en el icono \u00abPrivacidad y seguridad\u00bb. En la secci\u00f3n \u00abCookies y datos del sitio\u00bb, active las cookies seg\u00fan sus preferencias o desact\u00edvelas. Visita la secci\u00f3n de soporte de Firefox para m\u00e1s informaci\u00f3n.<\/p>\n<p><strong>Microsoft Edge<\/strong><\/p>\n<p>Haga clic en \u00abM\u00e1s\u00bb y seleccione \u00abConfiguraci\u00f3n\u00bb, luego elija \u00abMostrar configuraci\u00f3n avanzada\u00bb. En &#8216;Privacidad y Servicios &gt; Cookies&#8217; puedes bloquear las cookies. Visite el sitio de privacidad de Microsoft para obtener m\u00e1s informaci\u00f3n.<\/p>\n<p><strong>\u00d3pera<\/strong><\/p>\n<p>Abra el men\u00fa &#8216;Preferencias &gt; Avanzadas &gt; Cookies&#8217; y configure sus preferencias. Visite la p\u00e1gina de cookies de Opera para obtener m\u00e1s informaci\u00f3n.<\/p>\n<p><strong>Safari<\/strong><\/p>\n<p>Ve al men\u00fa \u00abPreferencias\u00bb, haz clic en \u00abPrivacidad\u00bb y elige tus preferencias. Visita la p\u00e1gina de ayuda para gestionar las cookies con Safari.<\/p>\n<h3 class=\"fusion-responsive-typography-calculated\" data-fontsize=\"34\" data-lineheight=\"34px\">6.2. Installation d\u2019une extension pour bloquer les publicit\u00e9s<\/h3>\n<p>Votre navigateur vous permet d\u2019installer des extensions qui bloquent les publicit\u00e9s en emp\u00eachant le chargement des cookies qui suivent votre navigation sur les sites. AdBlock et Ghostery figurent parmi les extensions les plus utilis\u00e9es.<\/p>\n<h2 class=\"fusion-responsive-typography-calculated\" data-fontsize=\"44\" data-lineheight=\"39.6px\">7. Controlador de datos y ejercicio de sus derechos de \u00abprotecci\u00f3n de datos\u00bb<\/h2>\n<h3 class=\"fusion-responsive-typography-calculated\" data-fontsize=\"34\" data-lineheight=\"34px\">7.1. Controlador de datos<\/h3>\n<p>Con respecto a las disposiciones descritas en el cap\u00edtulo \u00ab5. Finalidades, tratamiento y duraci\u00f3n de la conservaci\u00f3n de los datos\u00bb, el responsable del tratamiento es el departamento de comunicaci\u00f3n de H2SYS. La direcci\u00f3n del responsable del tratamiento de datos es la siguiente<\/p>\n<p>Departamento de Protecci\u00f3n de Datos<br \/>\nH2SYS<br \/>\n19 rue Becquerel<br \/>\n90000 Belfort<\/p>\n<h3 class=\"fusion-responsive-typography-calculated\" data-fontsize=\"34\" data-lineheight=\"34px\">7.2. Ejercicio de sus derechos de \u00abprotecci\u00f3n de datos\u00bb<\/h3>\n<p>Usted tiene un derecho general de informaci\u00f3n, verificaci\u00f3n, rectificaci\u00f3n, oposici\u00f3n y supresi\u00f3n de sus datos personales recogidos en los sitios. Puede ejercer este derecho enviando un formulario de datos personales en esta p\u00e1gina o por correo postal a la direcci\u00f3n arriba indicada. Para que podamos satisfacer esta solicitud, deber\u00e1 enviarnos los elementos necesarios para su identificaci\u00f3n: copia de un documento de identidad, apellidos, nombre, correo electr\u00f3nico y, eventualmente, su direcci\u00f3n postal. Nos comprometemos a garantizar que nuestros socios cumplan la legislaci\u00f3n sobre datos personales y supervisamos constantemente esta cuesti\u00f3n. Sin embargo, no tenemos ning\u00fan control sobre la recogida y el tratamiento de sus datos. El ejercicio de sus derechos de \u00abprotecci\u00f3n de datos\u00bb lo realiza el responsable del tratamiento de cada uno de ellos.<\/p>\n<h2>8. Intercambio y divulgaci\u00f3n de datos<\/h2>\n<p>H2SYS y -en su caso- sus cesionarios son los beneficiarios de los datos recogidos en los sitios web. H2SYS s\u00f3lo ceder\u00e1 sus datos personales a un tercero en las siguientes situaciones: para prestar los servicios que usted solicite o que nosotros ofrezcamos, tal y como se describe en el cap\u00edtulo \u00ab3. Recogida de datos\u00bb y en los apartados \u00ab5.2. Servicios en l\u00ednea\u00bb, para satisfacer sus necesidades leg\u00edtimas, como se describe en la secci\u00f3n \u00ab5.3. Medici\u00f3n de la audiencia\u00bb, cuando H2SYS reciba una solicitud de una autoridad judicial o de cualquier autoridad administrativa autorizada por la ley para comunicar esta informaci\u00f3n de acuerdo con las disposiciones legislativas vigentes. Los terceros destinatarios de los datos est\u00e1n sujetos a la legislaci\u00f3n vigente en materia de protecci\u00f3n de datos personales. H2SYS y sus socios no transfieren sus datos personales, ni de forma gratuita ni a cambio de un pago.<\/p>\n<h2>9. Datos transmitidos por el usuario de Internet sin solicitud de H2SYS<\/h2>\n<p>H2SYS le pide que no transmita ning\u00fan contenido que no se solicite mediante un cuestionario o cualquier otra forma de recogida, como informaci\u00f3n comercial u ofertas, anuncios, creaciones personales, ideas, conceptos, curr\u00edculum vitae, etc. Cuando usted proporciona voluntariamente datos personales sobre s\u00ed mismo, en particular cuando se trata de contenidos multimedia (fotograf\u00edas, v\u00eddeos, etc.), se compromete a proporcionar informaci\u00f3n precisa que no perjudique los intereses o derechos de terceros.<\/p>\n<h2>10. Medidas de seguridad<\/h2>\n<p>H2SYS hace todo lo posible para proteger sus datos personales contra da\u00f1os, p\u00e9rdida, apropiaci\u00f3n indebida, intrusi\u00f3n, divulgaci\u00f3n, alteraci\u00f3n o destrucci\u00f3n. Los sistemas inform\u00e1ticos de H2SYS se encuentran en Francia y est\u00e1n equipados con un sistema de encriptaci\u00f3n de datos y un sistema de protecci\u00f3n de software. Los procedimientos de copia de seguridad f\u00edsica y electr\u00f3nica de los datos recogidos en el sitio web se aplican de acuerdo con la legislaci\u00f3n europea y francesa vigente en materia de protecci\u00f3n de datos personales. Los empleados de H2SYS que, en virtud de su cargo, tienen acceso a sus datos personales, se comprometen a mantener la m\u00e1xima confidencialidad al respecto. Sin embargo, H2SYS no controla todos los riesgos vinculados al funcionamiento de Internet y llama su atenci\u00f3n sobre la existencia de posibles riesgos en t\u00e9rminos de p\u00e9rdida puntual de datos o de violaci\u00f3n de la confidencialidad de los datos que transitan por la red de Internet. La informaci\u00f3n ofrecida en el sitio web puede verse interrumpida en casos de fuerza mayor o ajenos a la voluntad de H2SYS o debido a acontecimientos ajenos a la voluntad de H2SYS.<\/p>\n<h2>11. Uso de los datos en caso de cambio de control de la empresa<\/h2>\n<p>Los datos recogidos por H2SYS pueden ser transferidos a terceros en caso de cambio de control de la empresa, una adquisici\u00f3n, un procedimiento colectivo o una venta de los activos de la empresa.<\/p>\n<h2>12. Pol\u00edtica de datos personales relativos a los menores<\/h2>\n<p>El sitio no est\u00e1 destinado a menores de 15 a\u00f1os, que deben tener el consentimiento de sus padres para visitarlo. Sin embargo, el acceso no est\u00e1 restringido a los adultos, ya que el sitio no contiene ning\u00fan contenido prohibido para los menores de 18 a\u00f1os. Los formularios y cuestionarios del sitio no est\u00e1n destinados a recoger informaci\u00f3n sobre menores. En caso de que el sitio web haya recogido informaci\u00f3n sobre un menor de edad, el representante legal del menor tendr\u00e1 la posibilidad de dirigirse al Departamento de Comunicaci\u00f3n de H2SYS para rectificar, modificar o suprimir dicha informaci\u00f3n (v\u00e9ase el apartado \u00ab7.2. Ejercicio de sus derechos de \u00abtratamiento de datos y libertades\u00bb).<\/p>\n<h2>13. Actualizaci\u00f3n de la pol\u00edtica de privacidad<\/h2>\n<p>H2SYS puede modificar la Pol\u00edtica de Privacidad. Si H2SYS desea utilizar sus datos personales de forma diferente a la establecida en la Pol\u00edtica de Privacidad vigente en el momento de la recogida, estos cambios ser\u00e1n notificados de forma visible en la p\u00e1gina web y tambi\u00e9n se le notificar\u00e1 por correo electr\u00f3nico si as\u00ed lo ha comunicado. Debido a los cambios que pueden producirse en la Pol\u00edtica de Privacidad, le invitamos a visitar la p\u00e1gina \u00abPol\u00edtica de Privacidad\u00bb regularmente.<\/p>\n<h2>14. Preguntas \/ contacto<\/h2>\n<p>Si tiene alguna pregunta o comentario sobre la Pol\u00edtica de Privacidad o la forma en que H2SYS recoge y utiliza sus datos, puede enviar un mensaje a trav\u00e9s del formulario de contacto o por correo de H2SYS.<\/p>\n","protected":false},"excerpt":{"rendered":"<p>La pol\u00edtica de privacidad de H2SYS es accesible desde nuestros  [&#8230;]<\/p>\n","protected":false},"author":1,"featured_media":0,"parent":0,"menu_order":0,"comment_status":"closed","ping_status":"closed","template":"","meta":{"footnotes":""},"class_list":["post-11042","page","type-page","status-publish","hentry"],"yoast_head":"<!-- This site is optimized with the Yoast SEO plugin v20.5 - https:\/\/yoast.com\/wordpress\/plugins\/seo\/ -->\n<title>Pol\u00edtica de privacidad - H2SYS<\/title>\n<meta name=\"robots\" content=\"index, follow, max-snippet:-1, max-image-preview:large, max-video-preview:-1\" \/>\n<link rel=\"canonical\" href=\"https:\/\/h2sys.fr\/es\/politica-de-privacidad\/\" \/>\n<meta property=\"og:locale\" content=\"es_ES\" \/>\n<meta property=\"og:type\" content=\"article\" \/>\n<meta property=\"og:title\" content=\"Pol\u00edtica de privacidad - H2SYS\" \/>\n<meta property=\"og:description\" content=\"La pol\u00edtica de privacidad de H2SYS es accesible desde nuestros [...]\" \/>\n<meta property=\"og:url\" content=\"https:\/\/h2sys.fr\/es\/politica-de-privacidad\/\" \/>\n<meta property=\"og:site_name\" content=\"H2SYS\" \/>\n<meta property=\"article:modified_time\" content=\"2021-12-22T11:07:24+00:00\" \/>\n<meta name=\"twitter:card\" content=\"summary_large_image\" \/>\n<meta name=\"twitter:label1\" content=\"Tiempo de lectura\" \/>\n\t<meta name=\"twitter:data1\" content=\"15 minutos\" \/>\n<script type=\"application\/ld+json\" class=\"yoast-schema-graph\">{\"@context\":\"https:\/\/schema.org\",\"@graph\":[{\"@type\":\"WebPage\",\"@id\":\"https:\/\/h2sys.fr\/es\/politica-de-privacidad\/\",\"url\":\"https:\/\/h2sys.fr\/es\/politica-de-privacidad\/\",\"name\":\"Pol\u00edtica de privacidad - H2SYS\",\"isPartOf\":{\"@id\":\"https:\/\/h2sys.fr\/#website\"},\"datePublished\":\"2021-12-08T18:13:37+00:00\",\"dateModified\":\"2021-12-22T11:07:24+00:00\",\"inLanguage\":\"es\",\"potentialAction\":[{\"@type\":\"ReadAction\",\"target\":[\"https:\/\/h2sys.fr\/es\/politica-de-privacidad\/\"]}]},{\"@type\":\"WebSite\",\"@id\":\"https:\/\/h2sys.fr\/#website\",\"url\":\"https:\/\/h2sys.fr\/\",\"name\":\"H2SYS\",\"description\":\"Un site utilisant WordPress\",\"publisher\":{\"@id\":\"https:\/\/h2sys.fr\/#organization\"},\"potentialAction\":[{\"@type\":\"SearchAction\",\"target\":{\"@type\":\"EntryPoint\",\"urlTemplate\":\"https:\/\/h2sys.fr\/?s={search_term_string}\"},\"query-input\":\"required name=search_term_string\"}],\"inLanguage\":\"es\"},{\"@type\":\"Organization\",\"@id\":\"https:\/\/h2sys.fr\/#organization\",\"name\":\"H2SYS\",\"url\":\"https:\/\/h2sys.fr\/\",\"logo\":{\"@type\":\"ImageObject\",\"inLanguage\":\"es\",\"@id\":\"https:\/\/h2sys.fr\/#\/schema\/logo\/image\/\",\"url\":\"https:\/\/h2sys.fr\/wp-content\/uploads\/2021\/08\/LOGO-FOOTER.png\",\"contentUrl\":\"https:\/\/h2sys.fr\/wp-content\/uploads\/2021\/08\/LOGO-FOOTER.png\",\"width\":311,\"height\":202,\"caption\":\"H2SYS\"},\"image\":{\"@id\":\"https:\/\/h2sys.fr\/#\/schema\/logo\/image\/\"}}]}<\/script>\n<!-- \/ Yoast SEO plugin. -->","yoast_head_json":{"title":"Pol\u00edtica de privacidad - H2SYS","robots":{"index":"index","follow":"follow","max-snippet":"max-snippet:-1","max-image-preview":"max-image-preview:large","max-video-preview":"max-video-preview:-1"},"canonical":"https:\/\/h2sys.fr\/es\/politica-de-privacidad\/","og_locale":"es_ES","og_type":"article","og_title":"Pol\u00edtica de privacidad - H2SYS","og_description":"La pol\u00edtica de privacidad de H2SYS es accesible desde nuestros [...]","og_url":"https:\/\/h2sys.fr\/es\/politica-de-privacidad\/","og_site_name":"H2SYS","article_modified_time":"2021-12-22T11:07:24+00:00","twitter_card":"summary_large_image","twitter_misc":{"Tiempo de lectura":"15 minutos"},"schema":{"@context":"https:\/\/schema.org","@graph":[{"@type":"WebPage","@id":"https:\/\/h2sys.fr\/es\/politica-de-privacidad\/","url":"https:\/\/h2sys.fr\/es\/politica-de-privacidad\/","name":"Pol\u00edtica de privacidad - H2SYS","isPartOf":{"@id":"https:\/\/h2sys.fr\/#website"},"datePublished":"2021-12-08T18:13:37+00:00","dateModified":"2021-12-22T11:07:24+00:00","inLanguage":"es","potentialAction":[{"@type":"ReadAction","target":["https:\/\/h2sys.fr\/es\/politica-de-privacidad\/"]}]},{"@type":"WebSite","@id":"https:\/\/h2sys.fr\/#website","url":"https:\/\/h2sys.fr\/","name":"H2SYS","description":"Un site utilisant WordPress","publisher":{"@id":"https:\/\/h2sys.fr\/#organization"},"potentialAction":[{"@type":"SearchAction","target":{"@type":"EntryPoint","urlTemplate":"https:\/\/h2sys.fr\/?s={search_term_string}"},"query-input":"required name=search_term_string"}],"inLanguage":"es"},{"@type":"Organization","@id":"https:\/\/h2sys.fr\/#organization","name":"H2SYS","url":"https:\/\/h2sys.fr\/","logo":{"@type":"ImageObject","inLanguage":"es","@id":"https:\/\/h2sys.fr\/#\/schema\/logo\/image\/","url":"https:\/\/h2sys.fr\/wp-content\/uploads\/2021\/08\/LOGO-FOOTER.png","contentUrl":"https:\/\/h2sys.fr\/wp-content\/uploads\/2021\/08\/LOGO-FOOTER.png","width":311,"height":202,"caption":"H2SYS"},"image":{"@id":"https:\/\/h2sys.fr\/#\/schema\/logo\/image\/"}}]}},"_links":{"self":[{"href":"https:\/\/h2sys.fr\/es\/wp-json\/wp\/v2\/pages\/11042","targetHints":{"allow":["GET"]}}],"collection":[{"href":"https:\/\/h2sys.fr\/es\/wp-json\/wp\/v2\/pages"}],"about":[{"href":"https:\/\/h2sys.fr\/es\/wp-json\/wp\/v2\/types\/page"}],"author":[{"embeddable":true,"href":"https:\/\/h2sys.fr\/es\/wp-json\/wp\/v2\/users\/1"}],"replies":[{"embeddable":true,"href":"https:\/\/h2sys.fr\/es\/wp-json\/wp\/v2\/comments?post=11042"}],"version-history":[{"count":2,"href":"https:\/\/h2sys.fr\/es\/wp-json\/wp\/v2\/pages\/11042\/revisions"}],"predecessor-version":[{"id":12681,"href":"https:\/\/h2sys.fr\/es\/wp-json\/wp\/v2\/pages\/11042\/revisions\/12681"}],"wp:attachment":[{"href":"https:\/\/h2sys.fr\/es\/wp-json\/wp\/v2\/media?parent=11042"}],"curies":[{"name":"wp","href":"https:\/\/api.w.org\/{rel}","templated":true}]}}