{"id":11011,"date":"2021-12-08T19:07:21","date_gmt":"2021-12-08T18:07:21","guid":{"rendered":"http:\/\/h2sys.fr\/aplicaciones\/sistemas-de-respaldo\/"},"modified":"2021-12-09T18:10:18","modified_gmt":"2021-12-09T17:10:18","slug":"sistemas-de-respaldo","status":"publish","type":"page","link":"https:\/\/h2sys.fr\/es\/aplicaciones\/sistemas-de-respaldo\/","title":{"rendered":"Sistemas de respaldo"},"content":{"rendered":"<p><div class=\"fusion-fullwidth fullwidth-box fusion-builder-row-1 fusion-flex-container hundred-percent-fullwidth non-hundred-percent-height-scrolling\" style=\"--awb-border-radius-top-left:0px;--awb-border-radius-top-right:0px;--awb-border-radius-bottom-right:0px;--awb-border-radius-bottom-left:0px;--awb-padding-top:20px;--awb-padding-bottom:60px;--awb-flex-wrap:wrap;\" ><div class=\"fusion-builder-row fusion-row fusion-flex-align-items-flex-start fusion-flex-content-wrap\" style=\"width:104% !important;max-width:104% !important;margin-left: calc(-4% \/ 2 );margin-right: calc(-4% \/ 2 );\"><div class=\"fusion-layout-column fusion_builder_column fusion-builder-column-0 fusion_builder_column_3_5 3_5 fusion-flex-column\" style=\"--awb-bg-size:cover;--awb-width-large:60%;--awb-margin-top-large:0px;--awb-spacing-right-large:3.2%;--awb-margin-bottom-large:0px;--awb-spacing-left-large:3.2%;--awb-width-medium:60%;--awb-order-medium:0;--awb-spacing-right-medium:3.2%;--awb-spacing-left-medium:3.2%;--awb-width-small:100%;--awb-order-small:0;--awb-spacing-right-small:1.92%;--awb-spacing-left-small:1.92%;\"><div class=\"fusion-column-wrapper fusion-column-has-shadow fusion-flex-justify-content-flex-start fusion-content-layout-column\"><div class=\"fusion-title title fusion-title-1 fusion-sep-none fusion-title-text fusion-title-size-two\" style=\"--awb-margin-top:0px;--awb-margin-bottom:30px;--awb-font-size:30px;\"><h2 class=\"fusion-title-heading title-heading-left\" style=\"margin:0;font-size:1em;\">La soluci\u00f3n para un servicio energ\u00e9tico ininterrumpido<\/h2><\/div><div class=\"fusion-text fusion-text-1\"><p>Algunas \u00e1reas de actividad requieren una disponibilidad continua de energ\u00eda para funcionar. Un corte de luz moment\u00e1neo o prolongado puede provocar grandes p\u00e9rdidas econ\u00f3micas, causar da\u00f1os irreparables o incluso ser peligroso.<\/p>\n<p>Este es el caso de las industrias en las que la energ\u00eda es vital para las actividades vitales o econ\u00f3micas, como los centros de datos o los hospitales. Un apag\u00f3n prolongado dejar\u00eda sus sistemas sin funcionar.<\/p>\n<p>Para estas industrias, el sistema de energ\u00eda debe estar respaldado por una fuente de alimentaci\u00f3n de reserva fiable y operativa al instante.<\/p>\n<p>Los sistemas PEMFC (Pila de Combustible de Membrana de Intercambio de Protones) proporcionan un sustituto temporal de la red el\u00e9ctrica, asegurando la continuidad del suministro de energ\u00eda. Garantizan la energ\u00eda de reserva, aseguran una larga autonom\u00eda y siguen siendo fiables en la puesta en marcha.<\/p>\n<\/div><\/div><\/div><div class=\"fusion-layout-column fusion_builder_column fusion-builder-column-1 fusion_builder_column_2_5 2_5 fusion-flex-column\" style=\"--awb-bg-size:cover;--awb-width-large:40%;--awb-margin-top-large:0px;--awb-spacing-right-large:4.8%;--awb-margin-bottom-large:0px;--awb-spacing-left-large:4.8%;--awb-width-medium:40%;--awb-order-medium:0;--awb-spacing-right-medium:4.8%;--awb-spacing-left-medium:4.8%;--awb-width-small:100%;--awb-order-small:0;--awb-spacing-right-small:1.92%;--awb-spacing-left-small:1.92%;\"><div class=\"fusion-column-wrapper fusion-column-has-shadow fusion-flex-justify-content-flex-start fusion-content-layout-column\"><div class=\"fusion-image-element \" style=\"--awb-caption-title-font-family:var(--h2_typography-font-family);--awb-caption-title-font-weight:var(--h2_typography-font-weight);--awb-caption-title-font-style:var(--h2_typography-font-style);--awb-caption-title-size:var(--h2_typography-font-size);--awb-caption-title-transform:var(--h2_typography-text-transform);--awb-caption-title-line-height:var(--h2_typography-line-height);--awb-caption-title-letter-spacing:var(--h2_typography-letter-spacing);\"><span class=\" fusion-imageframe imageframe-none imageframe-1 hover-type-none\"><img decoding=\"async\" width=\"1000\" height=\"554\" title=\"service-ininterrompu-energie\" src=\"http:\/\/h2sys.fr\/wp-content\/uploads\/2021\/08\/service-ininterrompu-energie.jpg\" alt class=\"img-responsive wp-image-11014\" srcset=\"https:\/\/h2sys.fr\/wp-content\/uploads\/2021\/08\/service-ininterrompu-energie-200x111.jpg 200w, https:\/\/h2sys.fr\/wp-content\/uploads\/2021\/08\/service-ininterrompu-energie-400x222.jpg 400w, https:\/\/h2sys.fr\/wp-content\/uploads\/2021\/08\/service-ininterrompu-energie-600x332.jpg 600w, https:\/\/h2sys.fr\/wp-content\/uploads\/2021\/08\/service-ininterrompu-energie-800x443.jpg 800w, https:\/\/h2sys.fr\/wp-content\/uploads\/2021\/08\/service-ininterrompu-energie.jpg 1000w\" sizes=\"(max-width: 768px) 100vw, 600px\" \/><\/span><\/div><\/div><\/div><\/div><\/div><div class=\"fusion-fullwidth fullwidth-box fusion-builder-row-2 fusion-flex-container fusion-parallax-none hundred-percent-fullwidth non-hundred-percent-height-scrolling\" style=\"--awb-border-radius-top-left:0px;--awb-border-radius-top-right:0px;--awb-border-radius-bottom-right:0px;--awb-border-radius-bottom-left:0px;--awb-padding-top:60px;--awb-padding-bottom:60px;--awb-background-image:url(&quot;http:\/\/h2sys.fr\/wp-content\/uploads\/2021\/08\/bg-bleu-fonce-1024x380.jpg&quot;);--awb-background-size:cover;--awb-flex-wrap:wrap;\" ><div class=\"fusion-builder-row fusion-row fusion-flex-align-items-flex-start fusion-flex-content-wrap\" style=\"width:104% !important;max-width:104% !important;margin-left: calc(-4% \/ 2 );margin-right: calc(-4% \/ 2 );\"><div class=\"fusion-layout-column fusion_builder_column fusion-builder-column-2 fusion_builder_column_1_1 1_1 fusion-flex-column\" style=\"--awb-bg-size:cover;--awb-width-large:100%;--awb-margin-top-large:0px;--awb-spacing-right-large:1.92%;--awb-margin-bottom-large:0px;--awb-spacing-left-large:1.92%;--awb-width-medium:100%;--awb-order-medium:0;--awb-spacing-right-medium:1.92%;--awb-spacing-left-medium:1.92%;--awb-width-small:100%;--awb-order-small:0;--awb-spacing-right-small:1.92%;--awb-margin-bottom-small:30px;--awb-spacing-left-small:1.92%;\"><div class=\"fusion-column-wrapper fusion-column-has-shadow fusion-flex-justify-content-flex-start fusion-content-layout-column\"><div class=\"fusion-title title fusion-title-2 fusion-sep-none fusion-title-text fusion-title-size-two\" style=\"--awb-text-color:#ffffff;--awb-margin-top:0px;--awb-margin-bottom:30px;--awb-font-size:30px;\"><h2 class=\"fusion-title-heading title-heading-left\" style=\"margin:0;font-size:1em;\"><strong>Ventajas tecnol\u00f3gicas<\/strong> de los sistemas h\u00edbridos<\/h2><\/div><div class=\"fusion-content-boxes content-boxes columns row fusion-columns-4 fusion-columns-total-4 fusion-content-boxes-1 content-boxes-icon-on-top content-left hexagone\" style=\"--awb-body-color:#ffffff;--awb-title-color:#ffffff;--awb-margin-bottom:60px;--awb-hover-accent-color:#ffffff;--awb-circle-hover-accent-color:transparent;\" data-animationOffset=\"top-into-view\"><div style=\"--awb-backgroundcolor:rgba(255,255,255,0);\" class=\"fusion-column content-box-column content-box-column content-box-column-1 col-lg-3 col-md-3 col-sm-3 fusion-content-box-hover content-box-column-first-in-row\"><div class=\"col content-box-wrapper content-wrapper link-area-link-icon content-icon-wrapper-yes icon-hover-animation-none\" data-animationOffset=\"top-into-view\"><div class=\"heading heading-with-icon icon-left\"><div class=\"icon\"><span ><i style=\"background-color:transparent;border-color:transparent;height:auto;width: 50px;line-height:normal;font-size:50px;\" aria-hidden=\"true\" class=\"fontawesome-icon fa-rabbit-fast fas circle-no\"><\/i><\/span><\/div><h4 class=\"content-box-heading\" style=\"--h4_typography-font-size:20px;line-height:25px;\">Capacidad para arrancar r\u00e1pidamente a plena potencia<\/h4><\/div><\/div><\/div><div style=\"--awb-backgroundcolor:rgba(255,255,255,0);\" class=\"fusion-column content-box-column content-box-column content-box-column-2 col-lg-3 col-md-3 col-sm-3 fusion-content-box-hover \"><div class=\"col content-box-wrapper content-wrapper link-area-link-icon content-icon-wrapper-yes icon-hover-animation-none\" data-animationOffset=\"top-into-view\"><div class=\"heading heading-with-icon icon-left\"><div class=\"icon\"><span ><i style=\"background-color:transparent;border-color:transparent;height:auto;width: 50px;line-height:normal;font-size:50px;\" aria-hidden=\"true\" class=\"fontawesome-icon fa-battery-full fas circle-no\"><\/i><\/span><\/div><h4 class=\"content-box-heading\" style=\"--h4_typography-font-size:20px;line-height:25px;\">Varias horas de autonom\u00eda<\/h4><\/div><\/div><\/div><div style=\"--awb-backgroundcolor:rgba(255,255,255,0);\" class=\"fusion-column content-box-column content-box-column content-box-column-3 col-lg-3 col-md-3 col-sm-3 fusion-content-box-hover \"><div class=\"col content-box-wrapper content-wrapper link-area-link-icon content-icon-wrapper-yes icon-hover-animation-none\" data-animationOffset=\"top-into-view\"><div class=\"heading heading-with-icon icon-left\"><div class=\"icon\"><span ><i style=\"background-color:transparent;border-color:transparent;height:auto;width: 50px;line-height:normal;font-size:50px;\" aria-hidden=\"true\" class=\"fontawesome-icon fa-thermometer-empty fas circle-no\"><\/i><\/span><\/div><h4 class=\"content-box-heading\" style=\"--h4_typography-font-size:20px;line-height:25px;\">Baja temperatura de funcionamiento<\/h4><\/div><\/div><\/div><div style=\"--awb-backgroundcolor:rgba(255,255,255,0);\" class=\"fusion-column content-box-column content-box-column content-box-column-4 col-lg-3 col-md-3 col-sm-3 fusion-content-box-hover content-box-column-last content-box-column-last-in-row\"><div class=\"col content-box-wrapper content-wrapper link-area-link-icon content-icon-wrapper-yes icon-hover-animation-none\" data-animationOffset=\"top-into-view\"><div class=\"heading heading-with-icon icon-left\"><div class=\"icon\"><span ><i style=\"background-color:transparent;border-color:transparent;height:auto;width: 50px;line-height:normal;font-size:50px;\" aria-hidden=\"true\" class=\"fontawesome-icon fa-tools fas circle-no\"><\/i><\/span><\/div><h4 class=\"content-box-heading\" style=\"--h4_typography-font-size:20px;line-height:25px;\">Bajo mantenimiento<\/h4><\/div><\/div><\/div><div class=\"fusion-clearfix\"><\/div><\/div><\/div><\/div><\/div><\/div><div class=\"fusion-fullwidth fullwidth-box fusion-builder-row-3 fusion-flex-container nonhundred-percent-fullwidth non-hundred-percent-height-scrolling\" style=\"--link_hover_color: #2478bd;--link_color: #2e3030;--awb-border-radius-top-left:0px;--awb-border-radius-top-right:0px;--awb-border-radius-bottom-right:0px;--awb-border-radius-bottom-left:0px;--awb-padding-top:60px;--awb-flex-wrap:wrap;\" ><div class=\"fusion-builder-row fusion-row fusion-flex-align-items-flex-start fusion-flex-content-wrap\" style=\"max-width:1331.2px;margin-left: calc(-4% \/ 2 );margin-right: calc(-4% \/ 2 );\"><div class=\"fusion-layout-column fusion_builder_column fusion-builder-column-3 fusion_builder_column_1_1 1_1 fusion-flex-column\" style=\"--awb-bg-size:cover;--awb-width-large:100%;--awb-margin-top-large:0px;--awb-spacing-right-large:1.92%;--awb-margin-bottom-large:0px;--awb-spacing-left-large:1.92%;--awb-width-medium:100%;--awb-order-medium:0;--awb-spacing-right-medium:1.92%;--awb-spacing-left-medium:1.92%;--awb-width-small:100%;--awb-order-small:0;--awb-spacing-right-small:1.92%;--awb-spacing-left-small:1.92%;\"><div class=\"fusion-column-wrapper fusion-column-has-shadow fusion-flex-justify-content-flex-start fusion-content-layout-column\"><div class=\"fusion-title title fusion-title-3 fusion-sep-none fusion-title-text fusion-title-size-two\" style=\"--awb-margin-top:0px;--awb-margin-bottom:30px;--awb-font-size:30px;\"><h2 class=\"fusion-title-heading title-heading-left\" style=\"margin:0;font-size:1em;\">Descubre tambi\u00e9n<\/h2><\/div><\/div><\/div><div class=\"fusion-layout-column fusion_builder_column fusion-builder-column-4 fusion_builder_column_1_3 1_3 fusion-flex-column fusion-column-inner-bg-wrapper\" style=\"--awb-inner-bg-size:cover;--awb-width-large:33.333333333333%;--awb-margin-top-large:0px;--awb-spacing-right-large:5.76%;--awb-margin-bottom-large:30px;--awb-spacing-left-large:5.76%;--awb-width-medium:33.333333333333%;--awb-order-medium:0;--awb-spacing-right-medium:5.76%;--awb-spacing-left-medium:5.76%;--awb-width-small:100%;--awb-order-small:0;--awb-spacing-right-small:1.92%;--awb-spacing-left-small:1.92%;\"><span class=\"fusion-column-inner-bg hover-type-none\"><a class=\"fusion-column-anchor\" href=\"http:\/\/h2sys.fr\/products\/pem-fuel-cell-system\/?lang=en\"><span class=\"fusion-column-inner-bg-image\"><\/span><\/a><\/span><div class=\"fusion-column-wrapper fusion-column-has-shadow fusion-flex-justify-content-flex-start fusion-content-layout-column\"><div class=\"fusion-image-element \" style=\"text-align:center;--awb-liftup-border-radius:20px;--awb-margin-bottom:20px;--awb-caption-title-font-family:var(--h2_typography-font-family);--awb-caption-title-font-weight:var(--h2_typography-font-weight);--awb-caption-title-font-style:var(--h2_typography-font-style);--awb-caption-title-size:var(--h2_typography-font-size);--awb-caption-title-transform:var(--h2_typography-text-transform);--awb-caption-title-line-height:var(--h2_typography-line-height);--awb-caption-title-letter-spacing:var(--h2_typography-letter-spacing);\"><div class=\"awb-image-frame awb-image-frame-2 imageframe-liftup imageframe-2\"><span class=\" fusion-imageframe imageframe-none imageframe-2\" style=\"border-radius:20px;\"><a class=\"fusion-no-lightbox\" href=\"http:\/\/h2sys.fr\/produits\/pile-a-hydrogene\/\" target=\"_self\" aria-label=\"Pila\"><img decoding=\"async\" width=\"536\" height=\"332\" src=\"http:\/\/h2sys.fr\/wp-content\/uploads\/2021\/08\/mini-pile.jpg\" alt class=\"img-responsive wp-image-10941\" srcset=\"https:\/\/h2sys.fr\/wp-content\/uploads\/2021\/08\/mini-pile-200x124.jpg 200w, https:\/\/h2sys.fr\/wp-content\/uploads\/2021\/08\/mini-pile-400x248.jpg 400w, https:\/\/h2sys.fr\/wp-content\/uploads\/2021\/08\/mini-pile.jpg 536w\" sizes=\"(max-width: 768px) 100vw, 400px\" \/><\/a><\/span><\/div><\/div><div class=\"fusion-title title fusion-title-4 fusion-sep-none fusion-title-center fusion-title-text fusion-title-size-three\" style=\"--awb-margin-top:0px;--awb-margin-bottom:0px;--awb-font-size:20px;\"><h3 class=\"fusion-title-heading title-heading-center\" style=\"margin:0;font-size:1em;\"><a href=\"http:\/\/h2sys.fr\/produits\/pile-a-hydrogene\/\" class=\"awb-custom-text-color awb-custom-text-hover-color\" target=\"_self\">PEM fuel cell system<\/a><\/h3><\/div><\/div><\/div>\n<div class=\"fusion-layout-column fusion_builder_column fusion-builder-column-5 fusion_builder_column_1_3 1_3 fusion-flex-column\" style=\"--awb-bg-size:cover;--awb-width-large:33.333333333333%;--awb-margin-top-large:0px;--awb-spacing-right-large:5.76%;--awb-margin-bottom-large:30px;--awb-spacing-left-large:5.76%;--awb-width-medium:33.333333333333%;--awb-order-medium:0;--awb-spacing-right-medium:5.76%;--awb-spacing-left-medium:5.76%;--awb-width-small:100%;--awb-order-small:0;--awb-spacing-right-small:1.92%;--awb-spacing-left-small:1.92%;\"><div class=\"fusion-column-wrapper fusion-column-has-shadow fusion-flex-justify-content-flex-start fusion-content-layout-column\"><div class=\"fusion-image-element \" style=\"text-align:center;--awb-liftup-border-radius:20px;--awb-margin-bottom:20px;--awb-caption-title-font-family:var(--h2_typography-font-family);--awb-caption-title-font-weight:var(--h2_typography-font-weight);--awb-caption-title-font-style:var(--h2_typography-font-style);--awb-caption-title-size:var(--h2_typography-font-size);--awb-caption-title-transform:var(--h2_typography-text-transform);--awb-caption-title-line-height:var(--h2_typography-line-height);--awb-caption-title-letter-spacing:var(--h2_typography-letter-spacing);\"><div class=\"awb-image-frame awb-image-frame-3 imageframe-liftup imageframe-3\"><span class=\" fusion-imageframe imageframe-none imageframe-3\" style=\"border-radius:20px;\"><a class=\"fusion-no-lightbox\" href=\"http:\/\/h2sys.fr\/services\/modules-hybrides\/\" target=\"_self\" aria-label=\"H\u00edbrido\"><img decoding=\"async\" width=\"536\" height=\"332\" src=\"http:\/\/h2sys.fr\/wp-content\/uploads\/2021\/08\/mini-hybride.jpg\" alt class=\"img-responsive wp-image-10915\" srcset=\"https:\/\/h2sys.fr\/wp-content\/uploads\/2021\/08\/mini-hybride-200x124.jpg 200w, https:\/\/h2sys.fr\/wp-content\/uploads\/2021\/08\/mini-hybride-400x248.jpg 400w, https:\/\/h2sys.fr\/wp-content\/uploads\/2021\/08\/mini-hybride.jpg 536w\" sizes=\"(max-width: 768px) 100vw, 400px\" \/><\/a><\/span><\/div><\/div><div class=\"fusion-title title fusion-title-5 fusion-sep-none fusion-title-center fusion-title-text fusion-title-size-three\" style=\"--awb-margin-top:0px;--awb-margin-bottom:0px;--awb-font-size:20px;\"><h3 class=\"fusion-title-heading title-heading-center\" style=\"margin:0;font-size:1em;\"><a href=\"http:\/\/h2sys.fr\/services\/modules-hybrides\/\" class=\"awb-custom-text-color awb-custom-text-hover-color\" target=\"_self\">Un syst\u00e8me hybrid\u00e9 sur-mesure<\/a><\/h3><\/div><\/div><\/div>\n<div class=\"fusion-layout-column fusion_builder_column fusion-builder-column-6 fusion_builder_column_1_3 1_3 fusion-flex-column\" style=\"--awb-bg-size:cover;--awb-width-large:33.333333333333%;--awb-margin-top-large:0px;--awb-spacing-right-large:5.76%;--awb-margin-bottom-large:30px;--awb-spacing-left-large:5.76%;--awb-width-medium:33.333333333333%;--awb-order-medium:0;--awb-spacing-right-medium:5.76%;--awb-spacing-left-medium:5.76%;--awb-width-small:100%;--awb-order-small:0;--awb-spacing-right-small:1.92%;--awb-spacing-left-small:1.92%;\"><div class=\"fusion-column-wrapper fusion-column-has-shadow fusion-flex-justify-content-flex-start fusion-content-layout-column\"><div class=\"fusion-image-element \" style=\"text-align:center;--awb-liftup-border-radius:20px;--awb-margin-bottom:20px;--awb-caption-title-font-family:var(--h2_typography-font-family);--awb-caption-title-font-weight:var(--h2_typography-font-weight);--awb-caption-title-font-style:var(--h2_typography-font-style);--awb-caption-title-size:var(--h2_typography-font-size);--awb-caption-title-transform:var(--h2_typography-text-transform);--awb-caption-title-line-height:var(--h2_typography-line-height);--awb-caption-title-letter-spacing:var(--h2_typography-letter-spacing);\"><div class=\"awb-image-frame awb-image-frame-4 imageframe-liftup imageframe-4\"><span class=\" fusion-imageframe imageframe-none imageframe-4\" style=\"border-radius:20px;\"><a class=\"fusion-no-lightbox\" href=\"http:\/\/h2sys.fr\/applications\/mobilite-hydrogene\/\" target=\"_self\" aria-label=\"Movilidad\"><img decoding=\"async\" width=\"536\" height=\"332\" src=\"http:\/\/h2sys.fr\/wp-content\/uploads\/2021\/08\/mini-mobilite.jpg\" alt class=\"img-responsive wp-image-10882\" srcset=\"https:\/\/h2sys.fr\/wp-content\/uploads\/2021\/08\/mini-mobilite-200x124.jpg 200w, https:\/\/h2sys.fr\/wp-content\/uploads\/2021\/08\/mini-mobilite-400x248.jpg 400w, https:\/\/h2sys.fr\/wp-content\/uploads\/2021\/08\/mini-mobilite.jpg 536w\" sizes=\"(max-width: 768px) 100vw, 400px\" \/><\/a><\/span><\/div><\/div><div class=\"fusion-title title fusion-title-6 fusion-sep-none fusion-title-center fusion-title-text fusion-title-size-three\" style=\"--awb-margin-top:0px;--awb-margin-bottom:0px;--awb-font-size:20px;\"><h3 class=\"fusion-title-heading title-heading-center\" style=\"margin:0;font-size:1em;\"><a href=\"http:\/\/h2sys.fr\/applications\/mobilite-hydrogene\/\" class=\"awb-custom-text-color awb-custom-text-hover-color\" target=\"_self\">Mobilit\u00e9 hydrog\u00e8ne<\/a><\/h3><\/div><\/div><\/div>\n<\/div><\/div><\/p>\n","protected":false},"excerpt":{"rendered":"","protected":false},"author":1,"featured_media":0,"parent":10868,"menu_order":0,"comment_status":"closed","ping_status":"closed","template":"100-width.php","meta":{"footnotes":""},"class_list":["post-11011","page","type-page","status-publish","hentry"],"yoast_head":"<!-- This site is optimized with the Yoast SEO plugin v20.5 - https:\/\/yoast.com\/wordpress\/plugins\/seo\/ -->\n<title>Sistemas de respaldo - H2SYS<\/title>\n<meta name=\"robots\" content=\"index, follow, max-snippet:-1, max-image-preview:large, max-video-preview:-1\" \/>\n<link rel=\"canonical\" href=\"https:\/\/h2sys.fr\/es\/aplicaciones\/sistemas-de-respaldo\/\" \/>\n<meta property=\"og:locale\" content=\"es_ES\" \/>\n<meta property=\"og:type\" content=\"article\" \/>\n<meta property=\"og:title\" content=\"Sistemas de respaldo - H2SYS\" \/>\n<meta property=\"og:url\" content=\"https:\/\/h2sys.fr\/es\/aplicaciones\/sistemas-de-respaldo\/\" \/>\n<meta property=\"og:site_name\" content=\"H2SYS\" \/>\n<meta property=\"article:modified_time\" content=\"2021-12-09T17:10:18+00:00\" \/>\n<meta name=\"twitter:card\" content=\"summary_large_image\" \/>\n<meta name=\"twitter:label1\" content=\"Tiempo de lectura\" \/>\n\t<meta name=\"twitter:data1\" content=\"15 minutos\" \/>\n<script type=\"application\/ld+json\" class=\"yoast-schema-graph\">{\"@context\":\"https:\/\/schema.org\",\"@graph\":[{\"@type\":\"WebPage\",\"@id\":\"https:\/\/h2sys.fr\/es\/aplicaciones\/sistemas-de-respaldo\/\",\"url\":\"https:\/\/h2sys.fr\/es\/aplicaciones\/sistemas-de-respaldo\/\",\"name\":\"Sistemas de respaldo - H2SYS\",\"isPartOf\":{\"@id\":\"https:\/\/h2sys.fr\/#website\"},\"datePublished\":\"2021-12-08T18:07:21+00:00\",\"dateModified\":\"2021-12-09T17:10:18+00:00\",\"breadcrumb\":{\"@id\":\"https:\/\/h2sys.fr\/es\/aplicaciones\/sistemas-de-respaldo\/#breadcrumb\"},\"inLanguage\":\"es\",\"potentialAction\":[{\"@type\":\"ReadAction\",\"target\":[\"https:\/\/h2sys.fr\/es\/aplicaciones\/sistemas-de-respaldo\/\"]}]},{\"@type\":\"BreadcrumbList\",\"@id\":\"https:\/\/h2sys.fr\/es\/aplicaciones\/sistemas-de-respaldo\/#breadcrumb\",\"itemListElement\":[{\"@type\":\"ListItem\",\"position\":1,\"name\":\"Aplicaciones\",\"item\":\"https:\/\/h2sys.fr\/es\/aplicaciones\/\"},{\"@type\":\"ListItem\",\"position\":2,\"name\":\"Sistemas de respaldo\"}]},{\"@type\":\"WebSite\",\"@id\":\"https:\/\/h2sys.fr\/#website\",\"url\":\"https:\/\/h2sys.fr\/\",\"name\":\"H2SYS\",\"description\":\"Un site utilisant WordPress\",\"publisher\":{\"@id\":\"https:\/\/h2sys.fr\/#organization\"},\"potentialAction\":[{\"@type\":\"SearchAction\",\"target\":{\"@type\":\"EntryPoint\",\"urlTemplate\":\"https:\/\/h2sys.fr\/?s={search_term_string}\"},\"query-input\":\"required name=search_term_string\"}],\"inLanguage\":\"es\"},{\"@type\":\"Organization\",\"@id\":\"https:\/\/h2sys.fr\/#organization\",\"name\":\"H2SYS\",\"url\":\"https:\/\/h2sys.fr\/\",\"logo\":{\"@type\":\"ImageObject\",\"inLanguage\":\"es\",\"@id\":\"https:\/\/h2sys.fr\/#\/schema\/logo\/image\/\",\"url\":\"https:\/\/h2sys.fr\/wp-content\/uploads\/2021\/08\/LOGO-FOOTER.png\",\"contentUrl\":\"https:\/\/h2sys.fr\/wp-content\/uploads\/2021\/08\/LOGO-FOOTER.png\",\"width\":311,\"height\":202,\"caption\":\"H2SYS\"},\"image\":{\"@id\":\"https:\/\/h2sys.fr\/#\/schema\/logo\/image\/\"}}]}<\/script>\n<!-- \/ Yoast SEO plugin. -->","yoast_head_json":{"title":"Sistemas de respaldo - H2SYS","robots":{"index":"index","follow":"follow","max-snippet":"max-snippet:-1","max-image-preview":"max-image-preview:large","max-video-preview":"max-video-preview:-1"},"canonical":"https:\/\/h2sys.fr\/es\/aplicaciones\/sistemas-de-respaldo\/","og_locale":"es_ES","og_type":"article","og_title":"Sistemas de respaldo - H2SYS","og_url":"https:\/\/h2sys.fr\/es\/aplicaciones\/sistemas-de-respaldo\/","og_site_name":"H2SYS","article_modified_time":"2021-12-09T17:10:18+00:00","twitter_card":"summary_large_image","twitter_misc":{"Tiempo de lectura":"15 minutos"},"schema":{"@context":"https:\/\/schema.org","@graph":[{"@type":"WebPage","@id":"https:\/\/h2sys.fr\/es\/aplicaciones\/sistemas-de-respaldo\/","url":"https:\/\/h2sys.fr\/es\/aplicaciones\/sistemas-de-respaldo\/","name":"Sistemas de respaldo - H2SYS","isPartOf":{"@id":"https:\/\/h2sys.fr\/#website"},"datePublished":"2021-12-08T18:07:21+00:00","dateModified":"2021-12-09T17:10:18+00:00","breadcrumb":{"@id":"https:\/\/h2sys.fr\/es\/aplicaciones\/sistemas-de-respaldo\/#breadcrumb"},"inLanguage":"es","potentialAction":[{"@type":"ReadAction","target":["https:\/\/h2sys.fr\/es\/aplicaciones\/sistemas-de-respaldo\/"]}]},{"@type":"BreadcrumbList","@id":"https:\/\/h2sys.fr\/es\/aplicaciones\/sistemas-de-respaldo\/#breadcrumb","itemListElement":[{"@type":"ListItem","position":1,"name":"Aplicaciones","item":"https:\/\/h2sys.fr\/es\/aplicaciones\/"},{"@type":"ListItem","position":2,"name":"Sistemas de respaldo"}]},{"@type":"WebSite","@id":"https:\/\/h2sys.fr\/#website","url":"https:\/\/h2sys.fr\/","name":"H2SYS","description":"Un site utilisant WordPress","publisher":{"@id":"https:\/\/h2sys.fr\/#organization"},"potentialAction":[{"@type":"SearchAction","target":{"@type":"EntryPoint","urlTemplate":"https:\/\/h2sys.fr\/?s={search_term_string}"},"query-input":"required name=search_term_string"}],"inLanguage":"es"},{"@type":"Organization","@id":"https:\/\/h2sys.fr\/#organization","name":"H2SYS","url":"https:\/\/h2sys.fr\/","logo":{"@type":"ImageObject","inLanguage":"es","@id":"https:\/\/h2sys.fr\/#\/schema\/logo\/image\/","url":"https:\/\/h2sys.fr\/wp-content\/uploads\/2021\/08\/LOGO-FOOTER.png","contentUrl":"https:\/\/h2sys.fr\/wp-content\/uploads\/2021\/08\/LOGO-FOOTER.png","width":311,"height":202,"caption":"H2SYS"},"image":{"@id":"https:\/\/h2sys.fr\/#\/schema\/logo\/image\/"}}]}},"_links":{"self":[{"href":"https:\/\/h2sys.fr\/es\/wp-json\/wp\/v2\/pages\/11011","targetHints":{"allow":["GET"]}}],"collection":[{"href":"https:\/\/h2sys.fr\/es\/wp-json\/wp\/v2\/pages"}],"about":[{"href":"https:\/\/h2sys.fr\/es\/wp-json\/wp\/v2\/types\/page"}],"author":[{"embeddable":true,"href":"https:\/\/h2sys.fr\/es\/wp-json\/wp\/v2\/users\/1"}],"replies":[{"embeddable":true,"href":"https:\/\/h2sys.fr\/es\/wp-json\/wp\/v2\/comments?post=11011"}],"version-history":[{"count":11,"href":"https:\/\/h2sys.fr\/es\/wp-json\/wp\/v2\/pages\/11011\/revisions"}],"predecessor-version":[{"id":11556,"href":"https:\/\/h2sys.fr\/es\/wp-json\/wp\/v2\/pages\/11011\/revisions\/11556"}],"up":[{"embeddable":true,"href":"https:\/\/h2sys.fr\/es\/wp-json\/wp\/v2\/pages\/10868"}],"wp:attachment":[{"href":"https:\/\/h2sys.fr\/es\/wp-json\/wp\/v2\/media?parent=11011"}],"curies":[{"name":"wp","href":"https:\/\/api.w.org\/{rel}","templated":true}]}}