{"id":10864,"date":"2021-12-08T18:29:36","date_gmt":"2021-12-08T17:29:36","guid":{"rendered":"http:\/\/h2sys.fr\/noticias\/"},"modified":"2022-01-11T09:19:42","modified_gmt":"2022-01-11T08:19:42","slug":"noticias","status":"publish","type":"page","link":"https:\/\/h2sys.fr\/es\/noticias\/","title":{"rendered":"Noticias"},"content":{"rendered":"<div class=\"fusion-fullwidth fullwidth-box fusion-builder-row-1 fusion-flex-container hundred-percent-fullwidth non-hundred-percent-height-scrolling\" style=\"--awb-border-radius-top-left:0px;--awb-border-radius-top-right:0px;--awb-border-radius-bottom-right:0px;--awb-border-radius-bottom-left:0px;--awb-padding-top:20px;--awb-padding-bottom:60px;--awb-flex-wrap:wrap;\" ><div class=\"fusion-builder-row fusion-row fusion-flex-align-items-flex-start fusion-flex-content-wrap\" style=\"width:104% !important;max-width:104% !important;margin-left: calc(-4% \/ 2 );margin-right: calc(-4% \/ 2 );\"><div class=\"fusion-layout-column fusion_builder_column fusion-builder-column-0 fusion_builder_column_1_1 1_1 fusion-flex-column\" style=\"--awb-bg-size:cover;--awb-width-large:100%;--awb-margin-top-large:0px;--awb-spacing-right-large:1.92%;--awb-margin-bottom-large:0px;--awb-spacing-left-large:1.92%;--awb-width-medium:100%;--awb-order-medium:0;--awb-spacing-right-medium:1.92%;--awb-spacing-left-medium:1.92%;--awb-width-small:100%;--awb-order-small:0;--awb-spacing-right-small:1.92%;--awb-spacing-left-small:1.92%;\"><div class=\"fusion-column-wrapper fusion-column-has-shadow fusion-flex-justify-content-flex-start fusion-content-layout-column\"><div class=\"fusion-title title fusion-title-1 fusion-sep-none fusion-title-text fusion-title-size-two\" style=\"--awb-margin-top:0px;--awb-margin-bottom:30px;--awb-font-size:30px;\"><h2 class=\"fusion-title-heading title-heading-left\" style=\"margin:0;font-size:1em;\">\u00daltimas noticias de H2SYS<\/h2><\/div><div class=\"fusion-recent-posts fusion-recent-posts-1 avada-container layout-default layout-columns-3\"><section class=\"fusion-columns columns fusion-columns-3 columns-3\"><article class=\"post fusion-column column col col-lg-4 col-md-4 col-sm-4\"><div class=\"fusion-flexslider fusion-flexslider-loading flexslider flexslider-hover-type-none\"><ul class=\"slides\"><li><a href=\"https:\/\/h2sys.fr\/es\/2021\/12\/22\/descubra-nuestra-solucion-educativa\/\" aria-label=\"Descubra nuestra soluci\u00f3n educativa\" class=\"hover-type-none\"><img decoding=\"async\" width=\"700\" height=\"441\" src=\"https:\/\/h2sys.fr\/wp-content\/uploads\/2021\/11\/GABARIT-MOTHYS88-700x441.png\" class=\"attachment-recent-posts size-recent-posts\" alt=\"\" srcset=\"https:\/\/h2sys.fr\/wp-content\/uploads\/2021\/11\/GABARIT-MOTHYS88-320x202.png 320w, https:\/\/h2sys.fr\/wp-content\/uploads\/2021\/11\/GABARIT-MOTHYS88-700x441.png 700w\" sizes=\"(max-width: 700px) 100vw, 700px\" \/><\/a><\/li><\/ul><\/div><div class=\"recent-posts-content\"><span class=\"vcard\" style=\"display: none;\"><span class=\"fn\"><a href=\"https:\/\/h2sys.fr\/es\/author\/infoh2sys-fr\/\" title=\"Entradas de info@h2sys.fr\" rel=\"author\">info@h2sys.fr<\/a><\/span><\/span><span class=\"updated\" style=\"display:none;\">2021-12-22T12:16:44+01:00<\/span><h4 class=\"entry-title\"><a href=\"https:\/\/h2sys.fr\/es\/2021\/12\/22\/descubra-nuestra-solucion-educativa\/\">Descubra nuestra soluci\u00f3n educativa<\/a><\/h4><p class=\"meta\"><span class=\"vcard\" style=\"display: none;\"><span class=\"fn\"><a href=\"https:\/\/h2sys.fr\/es\/author\/infoh2sys-fr\/\" title=\"Entradas de info@h2sys.fr\" rel=\"author\">info@h2sys.fr<\/a><\/span><\/span><span class=\"updated\" style=\"display:none;\">2021-12-22T12:16:44+01:00<\/span><span>22 diciembre 2021<\/span><span class=\"fusion-inline-sep\">|<\/span><\/p><\/div><\/article><\/section><\/div><\/div><\/div><\/div><\/div>\n","protected":false},"excerpt":{"rendered":"","protected":false},"author":1,"featured_media":0,"parent":0,"menu_order":0,"comment_status":"closed","ping_status":"closed","template":"100-width.php","meta":{"footnotes":""},"class_list":["post-10864","page","type-page","status-publish","hentry"],"yoast_head":"<!-- This site is optimized with the Yoast SEO plugin v20.5 - https:\/\/yoast.com\/wordpress\/plugins\/seo\/ -->\n<title>Noticias del mercado del hidr\u00f3geno por H2SYS - H2SYS<\/title>\n<meta name=\"description\" content=\"Siga las \u00faltimas noticias sobre el hidr\u00f3geno, las innovaciones en los sistemas de pilas de combustible, las noticias del sector y los eventos de H2SYS.\" \/>\n<meta name=\"robots\" content=\"index, follow, max-snippet:-1, max-image-preview:large, max-video-preview:-1\" \/>\n<link rel=\"canonical\" href=\"https:\/\/h2sys.fr\/actualites\/\" \/>\n<meta property=\"og:locale\" content=\"es_ES\" \/>\n<meta property=\"og:type\" content=\"article\" \/>\n<meta property=\"og:title\" content=\"Noticias del mercado del hidr\u00f3geno por H2SYS - H2SYS\" \/>\n<meta property=\"og:description\" content=\"Siga las \u00faltimas noticias sobre el hidr\u00f3geno, las innovaciones en los sistemas de pilas de combustible, las noticias del sector y los eventos de H2SYS.\" \/>\n<meta property=\"og:url\" content=\"https:\/\/h2sys.fr\/actualites\/\" \/>\n<meta property=\"og:site_name\" content=\"H2SYS\" \/>\n<meta property=\"article:modified_time\" content=\"2022-01-11T08:19:42+00:00\" \/>\n<meta name=\"twitter:card\" content=\"summary_large_image\" \/>\n<meta name=\"twitter:label1\" content=\"Tiempo de lectura\" \/>\n\t<meta name=\"twitter:data1\" content=\"4 minutos\" \/>\n<script type=\"application\/ld+json\" class=\"yoast-schema-graph\">{\"@context\":\"https:\/\/schema.org\",\"@graph\":[{\"@type\":\"WebPage\",\"@id\":\"https:\/\/h2sys.fr\/actualites\/\",\"url\":\"https:\/\/h2sys.fr\/actualites\/\",\"name\":\"Noticias del mercado del hidr\u00f3geno por H2SYS - H2SYS\",\"isPartOf\":{\"@id\":\"https:\/\/h2sys.fr\/#website\"},\"datePublished\":\"2021-12-08T17:29:36+00:00\",\"dateModified\":\"2022-01-11T08:19:42+00:00\",\"description\":\"Siga las \u00faltimas noticias sobre el hidr\u00f3geno, las innovaciones en los sistemas de pilas de combustible, las noticias del sector y los eventos de H2SYS.\",\"inLanguage\":\"es\",\"potentialAction\":[{\"@type\":\"ReadAction\",\"target\":[\"https:\/\/h2sys.fr\/actualites\/\"]}]},{\"@type\":\"WebSite\",\"@id\":\"https:\/\/h2sys.fr\/#website\",\"url\":\"https:\/\/h2sys.fr\/\",\"name\":\"H2SYS\",\"description\":\"Un site utilisant WordPress\",\"publisher\":{\"@id\":\"https:\/\/h2sys.fr\/#organization\"},\"potentialAction\":[{\"@type\":\"SearchAction\",\"target\":{\"@type\":\"EntryPoint\",\"urlTemplate\":\"https:\/\/h2sys.fr\/?s={search_term_string}\"},\"query-input\":\"required name=search_term_string\"}],\"inLanguage\":\"es\"},{\"@type\":\"Organization\",\"@id\":\"https:\/\/h2sys.fr\/#organization\",\"name\":\"H2SYS\",\"url\":\"https:\/\/h2sys.fr\/\",\"logo\":{\"@type\":\"ImageObject\",\"inLanguage\":\"es\",\"@id\":\"https:\/\/h2sys.fr\/#\/schema\/logo\/image\/\",\"url\":\"https:\/\/h2sys.fr\/wp-content\/uploads\/2021\/08\/LOGO-FOOTER.png\",\"contentUrl\":\"https:\/\/h2sys.fr\/wp-content\/uploads\/2021\/08\/LOGO-FOOTER.png\",\"width\":311,\"height\":202,\"caption\":\"H2SYS\"},\"image\":{\"@id\":\"https:\/\/h2sys.fr\/#\/schema\/logo\/image\/\"}}]}<\/script>\n<!-- \/ Yoast SEO plugin. -->","yoast_head_json":{"title":"Noticias del mercado del hidr\u00f3geno por H2SYS - H2SYS","description":"Siga las \u00faltimas noticias sobre el hidr\u00f3geno, las innovaciones en los sistemas de pilas de combustible, las noticias del sector y los eventos de H2SYS.","robots":{"index":"index","follow":"follow","max-snippet":"max-snippet:-1","max-image-preview":"max-image-preview:large","max-video-preview":"max-video-preview:-1"},"canonical":"https:\/\/h2sys.fr\/actualites\/","og_locale":"es_ES","og_type":"article","og_title":"Noticias del mercado del hidr\u00f3geno por H2SYS - H2SYS","og_description":"Siga las \u00faltimas noticias sobre el hidr\u00f3geno, las innovaciones en los sistemas de pilas de combustible, las noticias del sector y los eventos de H2SYS.","og_url":"https:\/\/h2sys.fr\/actualites\/","og_site_name":"H2SYS","article_modified_time":"2022-01-11T08:19:42+00:00","twitter_card":"summary_large_image","twitter_misc":{"Tiempo de lectura":"4 minutos"},"schema":{"@context":"https:\/\/schema.org","@graph":[{"@type":"WebPage","@id":"https:\/\/h2sys.fr\/actualites\/","url":"https:\/\/h2sys.fr\/actualites\/","name":"Noticias del mercado del hidr\u00f3geno por H2SYS - H2SYS","isPartOf":{"@id":"https:\/\/h2sys.fr\/#website"},"datePublished":"2021-12-08T17:29:36+00:00","dateModified":"2022-01-11T08:19:42+00:00","description":"Siga las \u00faltimas noticias sobre el hidr\u00f3geno, las innovaciones en los sistemas de pilas de combustible, las noticias del sector y los eventos de H2SYS.","inLanguage":"es","potentialAction":[{"@type":"ReadAction","target":["https:\/\/h2sys.fr\/actualites\/"]}]},{"@type":"WebSite","@id":"https:\/\/h2sys.fr\/#website","url":"https:\/\/h2sys.fr\/","name":"H2SYS","description":"Un site utilisant WordPress","publisher":{"@id":"https:\/\/h2sys.fr\/#organization"},"potentialAction":[{"@type":"SearchAction","target":{"@type":"EntryPoint","urlTemplate":"https:\/\/h2sys.fr\/?s={search_term_string}"},"query-input":"required name=search_term_string"}],"inLanguage":"es"},{"@type":"Organization","@id":"https:\/\/h2sys.fr\/#organization","name":"H2SYS","url":"https:\/\/h2sys.fr\/","logo":{"@type":"ImageObject","inLanguage":"es","@id":"https:\/\/h2sys.fr\/#\/schema\/logo\/image\/","url":"https:\/\/h2sys.fr\/wp-content\/uploads\/2021\/08\/LOGO-FOOTER.png","contentUrl":"https:\/\/h2sys.fr\/wp-content\/uploads\/2021\/08\/LOGO-FOOTER.png","width":311,"height":202,"caption":"H2SYS"},"image":{"@id":"https:\/\/h2sys.fr\/#\/schema\/logo\/image\/"}}]}},"_links":{"self":[{"href":"https:\/\/h2sys.fr\/es\/wp-json\/wp\/v2\/pages\/10864","targetHints":{"allow":["GET"]}}],"collection":[{"href":"https:\/\/h2sys.fr\/es\/wp-json\/wp\/v2\/pages"}],"about":[{"href":"https:\/\/h2sys.fr\/es\/wp-json\/wp\/v2\/types\/page"}],"author":[{"embeddable":true,"href":"https:\/\/h2sys.fr\/es\/wp-json\/wp\/v2\/users\/1"}],"replies":[{"embeddable":true,"href":"https:\/\/h2sys.fr\/es\/wp-json\/wp\/v2\/comments?post=10864"}],"version-history":[{"count":11,"href":"https:\/\/h2sys.fr\/es\/wp-json\/wp\/v2\/pages\/10864\/revisions"}],"predecessor-version":[{"id":12987,"href":"https:\/\/h2sys.fr\/es\/wp-json\/wp\/v2\/pages\/10864\/revisions\/12987"}],"wp:attachment":[{"href":"https:\/\/h2sys.fr\/es\/wp-json\/wp\/v2\/media?parent=10864"}],"curies":[{"name":"wp","href":"https:\/\/api.w.org\/{rel}","templated":true}]}}