{"id":17691,"date":"2022-08-30T10:02:36","date_gmt":"2022-08-30T08:02:36","guid":{"rendered":"https:\/\/h2sys.fr\/dienstleistungen\/range-extender\/"},"modified":"2022-08-30T10:02:37","modified_gmt":"2022-08-30T08:02:37","slug":"range-extender","status":"publish","type":"page","link":"https:\/\/h2sys.fr\/de\/dienstleistungen\/range-extender\/","title":{"rendered":"Range Extender"},"content":{"rendered":"<p><div class=\"fusion-fullwidth fullwidth-box fusion-builder-row-1 fusion-flex-container nonhundred-percent-fullwidth non-hundred-percent-height-scrolling\" style=\"--awb-border-radius-top-left:0px;--awb-border-radius-top-right:0px;--awb-border-radius-bottom-right:0px;--awb-border-radius-bottom-left:0px;--awb-padding-top:20px;--awb-padding-bottom:60px;--awb-flex-wrap:wrap;\" ><div class=\"fusion-builder-row fusion-row fusion-flex-align-items-flex-start fusion-flex-content-wrap\" style=\"max-width:1331.2px;margin-left: calc(-4% \/ 2 );margin-right: calc(-4% \/ 2 );\"><div class=\"fusion-layout-column fusion_builder_column fusion-builder-column-0 fusion_builder_column_2_3 2_3 fusion-flex-column\" style=\"--awb-bg-size:cover;--awb-width-large:66.666666666667%;--awb-margin-top-large:0px;--awb-spacing-right-large:2.88%;--awb-margin-bottom-large:0px;--awb-spacing-left-large:2.88%;--awb-width-medium:66.666666666667%;--awb-order-medium:0;--awb-spacing-right-medium:2.88%;--awb-spacing-left-medium:2.88%;--awb-width-small:100%;--awb-order-small:0;--awb-spacing-right-small:1.92%;--awb-spacing-left-small:1.92%;\"><div class=\"fusion-column-wrapper fusion-column-has-shadow fusion-flex-justify-content-flex-start fusion-content-layout-column\"><div class=\"fusion-title title fusion-title-1 fusion-sep-none fusion-title-text fusion-title-size-two\" style=\"--awb-margin-top:0px;--awb-margin-bottom:30px;--awb-font-size:30px;\"><h2 class=\"fusion-title-heading title-heading-left\" style=\"margin:0;font-size:1em;\"><strong style=\"color: #2478bd;\">RangeExtender(Reichweitenverl\u00e4ngerer)\u00a0<\/strong>f\u00fcr Elektrofahrzeuge und -maschinen.<\/h2><\/div><div class=\"fusion-title title fusion-title-2 fusion-sep-none fusion-title-text fusion-title-size-three\" style=\"--awb-margin-top:0px;--awb-margin-bottom:0px;--awb-sep-color:#99cdea;--awb-font-size:20px;\"><h3 class=\"fusion-title-heading title-heading-left\" style=\"font-family:&quot;Barlow&quot;;font-style:normal;font-weight:600;margin:0;font-size:1em;\">Eine Einheit aus Wasserstoff-Brennstoffzelle und Tank, die von einem H2SYS-\u00dcberwachungsprogramm gesteuert wird.<\/h3><\/div><div class=\"fusion-separator fusion-full-width-sep\" style=\"align-self: center;margin-left: auto;margin-right: auto;margin-top:20px;margin-bottom:20px;width:100%;\"><\/div><div class=\"fusion-content-boxes content-boxes columns row fusion-columns-4 fusion-columns-total-4 fusion-content-boxes-1 content-boxes-icon-on-top content-left hexagone\" style=\"--awb-margin-bottom:60px;--awb-hover-accent-color:#000000;--awb-circle-hover-accent-color:transparent;\" data-animationOffset=\"top-into-view\"><div style=\"--awb-backgroundcolor:rgba(255,255,255,0);\" class=\"fusion-column content-box-column content-box-column content-box-column-1 col-lg-3 col-md-3 col-sm-3 fusion-content-box-hover content-box-column-first-in-row\"><div class=\"col content-box-wrapper content-wrapper link-area-link-icon content-icon-wrapper-yes icon-hover-animation-none\" data-animationOffset=\"top-into-view\"><div class=\"heading heading-with-icon icon-left\"><div class=\"icon\"><span ><i style=\"background-color:transparent;border-color:transparent;height:auto;width: 50px;line-height:normal;font-size:50px;\" aria-hidden=\"true\" class=\"fontawesome-icon fa-expand-arrows-alt fas circle-no\"><\/i><\/span><\/div><h4 class=\"content-box-heading\" style=\"--h4_typography-font-size:20px;line-height:25px;\">Variable H2-Menge<\/h4><\/div><\/div><\/div><div style=\"--awb-backgroundcolor:rgba(255,255,255,0);\" class=\"fusion-column content-box-column content-box-column content-box-column-2 col-lg-3 col-md-3 col-sm-3 fusion-content-box-hover \"><div class=\"col content-box-wrapper content-wrapper link-area-link-icon content-icon-wrapper-yes icon-hover-animation-none\" data-animationOffset=\"top-into-view\"><div class=\"heading heading-with-icon icon-left\"><div class=\"icon\"><span ><i style=\"background-color:transparent;border-color:transparent;height:auto;width: 50px;line-height:normal;font-size:50px;\" aria-hidden=\"true\" class=\"fontawesome-icon fa-battery-bolt fas circle-no\"><\/i><\/span><\/div><h4 class=\"content-box-heading\" style=\"--h4_typography-font-size:20px;line-height:25px;\">Regelbare Zellenleistung<\/h4><\/div><\/div><\/div><div style=\"--awb-backgroundcolor:rgba(255,255,255,0);\" class=\"fusion-column content-box-column content-box-column content-box-column-3 col-lg-3 col-md-3 col-sm-3 fusion-content-box-hover \"><div class=\"col content-box-wrapper content-wrapper link-area-link-icon content-icon-wrapper-yes icon-hover-animation-none\" data-animationOffset=\"top-into-view\"><div class=\"heading heading-with-icon icon-left\"><div class=\"icon\"><span ><i style=\"background-color:transparent;border-color:transparent;height:auto;width: 50px;line-height:normal;font-size:50px;\" aria-hidden=\"true\" class=\"fontawesome-icon fa-magic fas circle-no\"><\/i><\/span><\/div><h4 class=\"content-box-heading\" style=\"--h4_typography-font-size:20px;line-height:25px;\">Vereinfachte Integration<\/h4><\/div><\/div><\/div><div style=\"--awb-backgroundcolor:rgba(255,255,255,0);\" class=\"fusion-column content-box-column content-box-column content-box-column-4 col-lg-3 col-md-3 col-sm-3 fusion-content-box-hover content-box-column-last content-box-column-last-in-row\"><div class=\"col content-box-wrapper content-wrapper link-area-link-icon content-icon-wrapper-yes icon-hover-animation-none\" data-animationOffset=\"top-into-view\"><div class=\"heading heading-with-icon icon-left\"><div class=\"icon\"><span ><i style=\"background-color:transparent;border-color:transparent;height:auto;width: 50px;line-height:normal;font-size:50px;\" aria-hidden=\"true\" class=\"fontawesome-icon fa-thumbs-up fas circle-no\"><\/i><\/span><\/div><h4 class=\"content-box-heading\" style=\"--h4_typography-font-size:20px;line-height:25px;\">Vereinfachte Integration<\/h4><\/div><\/div><\/div><div class=\"fusion-clearfix\"><\/div><\/div><div ><a class=\"fusion-button button-flat fusion-button-default-size button-default fusion-button-default button-1 fusion-button-default-span fusion-button-default-type\" target=\"_self\" href=\"#\"><span class=\"fusion-button-text awb-button__text awb-button__text--default\">Beispiele und Realisierungen<\/span><\/a><\/div><\/div><\/div><div class=\"fusion-layout-column fusion_builder_column fusion-builder-column-1 fusion_builder_column_1_3 1_3 fusion-flex-column\" style=\"--awb-bg-size:cover;--awb-width-large:33.333333333333%;--awb-margin-top-large:0px;--awb-spacing-right-large:5.76%;--awb-margin-bottom-large:0px;--awb-spacing-left-large:5.76%;--awb-width-medium:33.333333333333%;--awb-order-medium:0;--awb-spacing-right-medium:5.76%;--awb-spacing-left-medium:5.76%;--awb-width-small:100%;--awb-order-small:0;--awb-spacing-right-small:1.92%;--awb-spacing-left-small:1.92%;\"><div class=\"fusion-column-wrapper fusion-column-has-shadow fusion-flex-justify-content-flex-start fusion-content-layout-column\"><ul style=\"--awb-iconcolor:#2478bd;--awb-line-height:27.2px;--awb-icon-width:27.2px;--awb-icon-height:27.2px;--awb-icon-margin:11.2px;--awb-content-margin:38.4px;\" class=\"fusion-checklist fusion-checklist-1 fusion-checklist-default type-icons product-checklist\"><li class=\"fusion-li-item\" style=\"\"><span class=\"icon-wrapper circle-no\"><i class=\"fusion-li-icon fa-arrow-alt-circle-right fas\" aria-hidden=\"true\"><\/i><\/span><div class=\"fusion-li-item-content\">\n<p>Erf\u00fcllt die elektrotechnischen Normen: CE, EMV, Niederspannungs- und Maschinenrichtlinie<\/p>\n<\/div><\/li><li class=\"fusion-li-item\" style=\"\"><span class=\"icon-wrapper circle-no\"><i class=\"fusion-li-icon fa-arrow-alt-circle-right fas\" aria-hidden=\"true\"><\/i><\/span><div class=\"fusion-li-item-content\">\n<p>Entspricht den Tanknormen: EC79\/2009, R134 und\/oder PED<\/p>\n<\/div><\/li><li class=\"fusion-li-item\" style=\"\"><span class=\"icon-wrapper circle-no\"><i class=\"fusion-li-icon fa-arrow-alt-circle-right fas\" aria-hidden=\"true\"><\/i><\/span><div class=\"fusion-li-item-content\">\n<p>Integration in Fahrzeuge oder elektrische Maschinen<\/p>\n<\/div><\/li><li class=\"fusion-li-item\" style=\"\"><span class=\"icon-wrapper circle-no\"><i class=\"fusion-li-icon fa-arrow-alt-circle-right fas\" aria-hidden=\"true\"><\/i><\/span><div class=\"fusion-li-item-content\">\n<p>Standard-Ausgangsspannung: 24-48-100 V Gleichspannung<\/p>\n<\/div><\/li><li class=\"fusion-li-item\" style=\"\"><span class=\"icon-wrapper circle-no\"><i class=\"fusion-li-icon fa-arrow-alt-circle-right fas\" aria-hidden=\"true\"><\/i><\/span><div class=\"fusion-li-item-content\">\n<p>H2SYS-\u00dcberwachungsprogramm: Canbus 2.0A<\/p>\n<\/div><\/li><li class=\"fusion-li-item\" style=\"\"><span class=\"icon-wrapper circle-no\"><i class=\"fusion-li-icon fa-arrow-alt-circle-right fas\" aria-hidden=\"true\"><\/i><\/span><div class=\"fusion-li-item-content\">\n<p>Projektbegleitung f\u00fcr die Integration m\u00f6glich<\/p>\n<\/div><\/li><\/ul><\/div><\/div><\/div><\/div><div class=\"fusion-fullwidth fullwidth-box fusion-builder-row-2 fusion-flex-container nonhundred-percent-fullwidth non-hundred-percent-height-scrolling\" style=\"--awb-border-radius-top-left:0px;--awb-border-radius-top-right:0px;--awb-border-radius-bottom-right:0px;--awb-border-radius-bottom-left:0px;--awb-flex-wrap:wrap;\" ><div class=\"fusion-builder-row fusion-row fusion-flex-align-items-flex-start fusion-flex-content-wrap\" style=\"max-width:1331.2px;margin-left: calc(-4% \/ 2 );margin-right: calc(-4% \/ 2 );\"><div class=\"fusion-layout-column fusion_builder_column fusion-builder-column-2 fusion_builder_column_2_3 2_3 fusion-flex-column\" style=\"--awb-bg-size:cover;--awb-width-large:66.666666666667%;--awb-margin-top-large:0px;--awb-spacing-right-large:2.88%;--awb-margin-bottom-large:0px;--awb-spacing-left-large:2.88%;--awb-width-medium:66.666666666667%;--awb-order-medium:0;--awb-spacing-right-medium:2.88%;--awb-spacing-left-medium:2.88%;--awb-width-small:100%;--awb-order-small:0;--awb-spacing-right-small:1.92%;--awb-spacing-left-small:1.92%;\"><div class=\"fusion-column-wrapper fusion-column-has-shadow fusion-flex-justify-content-flex-start fusion-content-layout-column\"><div class=\"fusion-title title fusion-title-3 fusion-sep-none fusion-title-text fusion-title-size-two\" style=\"--awb-margin-top:0px;--awb-margin-bottom:30px;--awb-font-size:30px;\"><h2 class=\"fusion-title-heading title-heading-left\" style=\"margin:0;font-size:1em;\"><p><span style=\"color: #3366ff;\"><span style=\"color: #2478bd;\"><strong>Produktbeschreibung<\/strong><\/span><\/span><\/p>\n<div>\n<h2><\/h2>\n<\/div>\n<p><span style=\"color: #3366ff;\">\u00a0<\/span><\/p><\/h2><\/div><div class=\"fusion-text fusion-text-1\"><p>H2SYS bietet Range-Extender (Reichweitenverl\u00e4ngerer) f\u00fcr Fahrzeuge und elektrische Maschinen an.<br \/>\nDer Range-Extender besteht aus einer Brennstoffzelle vom Typ Aircell, die inklusive aller Zusatzger\u00e4te (Tankkopf, Drucksensor, thermisches \u00dcberdruckventil) an einen Wasserstofftank vom Typ III oder Typ IV gekoppelt ist. H2SYS kann auf Wunsch einen Montagerahmen f\u00fcr die Ausr\u00fcstung liefern oder diese in separaten Bl\u00f6cken liefern.<br \/>\nDie gesamte Einheit \u201eTank\/Brennstoffzelle\u201c wird \u00fcber eine \u00dcberwachungskarte gesteuert. Die Informationen daf\u00fcr werden, von den Hochleistungsakkus \u00fcber das Canbus-Protokoll \u00fcbermittelt.<br \/>\nH2SYS kann im Rahmen eines Projekts auch an der Versorgungseinheit am Zellenausgang arbeiten (Block mit Wandlern und Sch\u00fctzen) und die Hersteller bei allen Integrationsschritten begleiten (mechanische Konzeption, ATEX-, FMEA- und FTA-Berechnungen, Montage des Prototyps und Tests bei H2SYS, Zertifizierung, Schulung f\u00fcr die Wartung).<br \/>\nDie Range-Extender verwenden ausschlie\u00dflich die Aircell-Reihe von H2SYS. F\u00fcr h\u00f6here Leistungsanforderungen kann das Team Systeme mit geschlossener Kathode liefern. In diesem Fall sind Integration und Auswahl der Zusatzger\u00e4te entscheidend.<\/p>\n<\/div><div ><a class=\"fusion-button button-flat fusion-button-default-size button-default fusion-button-default button-2 fusion-button-default-span fusion-button-default-type\" target=\"_self\" href=\"https:\/\/h2sys.fr\/wp-content\/uploads\/2022\/07\/FT702-V1-052022-FRRANGE-.pdf\"><span class=\"fusion-button-text awb-button__text awb-button__text--default\">Technische Daten<\/span><\/a><\/div><\/div><\/div><div class=\"fusion-layout-column fusion_builder_column fusion-builder-column-3 fusion_builder_column_1_3 1_3 fusion-flex-column\" style=\"--awb-bg-size:cover;--awb-width-large:33.333333333333%;--awb-margin-top-large:0px;--awb-spacing-right-large:5.76%;--awb-margin-bottom-large:0px;--awb-spacing-left-large:5.76%;--awb-width-medium:33.333333333333%;--awb-order-medium:0;--awb-spacing-right-medium:5.76%;--awb-spacing-left-medium:5.76%;--awb-width-small:100%;--awb-order-small:0;--awb-spacing-right-small:1.92%;--awb-spacing-left-small:1.92%;\"><div class=\"fusion-column-wrapper fusion-column-has-shadow fusion-flex-justify-content-center fusion-content-layout-column\"><div class=\"fusion-image-element \" style=\"--awb-caption-title-font-family:var(--h2_typography-font-family);--awb-caption-title-font-weight:var(--h2_typography-font-weight);--awb-caption-title-font-style:var(--h2_typography-font-style);--awb-caption-title-size:var(--h2_typography-font-size);--awb-caption-title-transform:var(--h2_typography-text-transform);--awb-caption-title-line-height:var(--h2_typography-line-height);--awb-caption-title-letter-spacing:var(--h2_typography-letter-spacing);\"><span class=\" fusion-imageframe imageframe-none imageframe-1 hover-type-none\"><img decoding=\"async\" width=\"300\" height=\"225\" title=\"IMG_20210825_121657\" src=\"http:\/\/h2sys.fr\/wp-content\/uploads\/2021\/12\/IMG_20210825_121657-300x225.jpg\" alt class=\"img-responsive wp-image-10358\" srcset=\"https:\/\/h2sys.fr\/wp-content\/uploads\/2021\/12\/IMG_20210825_121657-200x150.jpg 200w, https:\/\/h2sys.fr\/wp-content\/uploads\/2021\/12\/IMG_20210825_121657-400x300.jpg 400w, https:\/\/h2sys.fr\/wp-content\/uploads\/2021\/12\/IMG_20210825_121657-600x450.jpg 600w, https:\/\/h2sys.fr\/wp-content\/uploads\/2021\/12\/IMG_20210825_121657-800x600.jpg 800w, https:\/\/h2sys.fr\/wp-content\/uploads\/2021\/12\/IMG_20210825_121657-1200x900.jpg 1200w, https:\/\/h2sys.fr\/wp-content\/uploads\/2021\/12\/IMG_20210825_121657-scaled.jpg 2560w\" sizes=\"(max-width: 768px) 100vw, 400px\" \/><\/span><\/div><\/div><\/div><\/div><\/div><\/p>\n","protected":false},"excerpt":{"rendered":"","protected":false},"author":1,"featured_media":0,"parent":17685,"menu_order":0,"comment_status":"closed","ping_status":"closed","template":"","meta":{"footnotes":""},"class_list":["post-17691","page","type-page","status-publish","hentry"],"yoast_head":"<!-- This site is optimized with the Yoast SEO plugin v20.5 - https:\/\/yoast.com\/wordpress\/plugins\/seo\/ -->\n<title>Range Extender - H2SYS<\/title>\n<meta name=\"description\" content=\"Verl\u00e4ngern Sie die Reichweite Ihrer Elektrofahrzeuge und -maschinen mit einem Range Extender, der aus einer mit einem Tank gekoppelten Wasserstoffzelle besteht.\" \/>\n<meta name=\"robots\" content=\"index, follow, max-snippet:-1, max-image-preview:large, max-video-preview:-1\" \/>\n<link rel=\"canonical\" href=\"https:\/\/h2sys.fr\/de\/dienstleistungen\/range-extender\/\" \/>\n<meta property=\"og:locale\" content=\"de_DE\" \/>\n<meta property=\"og:type\" content=\"article\" \/>\n<meta property=\"og:title\" content=\"Range Extender - H2SYS\" \/>\n<meta property=\"og:description\" content=\"Verl\u00e4ngern Sie die Reichweite Ihrer Elektrofahrzeuge und -maschinen mit einem Range Extender, der aus einer mit einem Tank gekoppelten Wasserstoffzelle besteht.\" \/>\n<meta property=\"og:url\" content=\"https:\/\/h2sys.fr\/de\/dienstleistungen\/range-extender\/\" \/>\n<meta property=\"og:site_name\" content=\"H2SYS\" \/>\n<meta property=\"article:modified_time\" content=\"2022-08-30T08:02:37+00:00\" \/>\n<meta name=\"twitter:card\" content=\"summary_large_image\" \/>\n<meta name=\"twitter:label1\" content=\"Gesch\u00e4tzte Lesezeit\" \/>\n\t<meta name=\"twitter:data1\" content=\"16\u00a0Minuten\" \/>\n<script type=\"application\/ld+json\" class=\"yoast-schema-graph\">{\"@context\":\"https:\/\/schema.org\",\"@graph\":[{\"@type\":\"WebPage\",\"@id\":\"https:\/\/h2sys.fr\/de\/dienstleistungen\/range-extender\/\",\"url\":\"https:\/\/h2sys.fr\/de\/dienstleistungen\/range-extender\/\",\"name\":\"Range Extender - H2SYS\",\"isPartOf\":{\"@id\":\"https:\/\/h2sys.fr\/#website\"},\"datePublished\":\"2022-08-30T08:02:36+00:00\",\"dateModified\":\"2022-08-30T08:02:37+00:00\",\"description\":\"Verl\u00e4ngern Sie die Reichweite Ihrer Elektrofahrzeuge und -maschinen mit einem Range Extender, der aus einer mit einem Tank gekoppelten Wasserstoffzelle besteht.\",\"breadcrumb\":{\"@id\":\"https:\/\/h2sys.fr\/de\/dienstleistungen\/range-extender\/#breadcrumb\"},\"inLanguage\":\"de\",\"potentialAction\":[{\"@type\":\"ReadAction\",\"target\":[\"https:\/\/h2sys.fr\/de\/dienstleistungen\/range-extender\/\"]}]},{\"@type\":\"BreadcrumbList\",\"@id\":\"https:\/\/h2sys.fr\/de\/dienstleistungen\/range-extender\/#breadcrumb\",\"itemListElement\":[{\"@type\":\"ListItem\",\"position\":1,\"name\":\"Dienstleistungen\",\"item\":\"https:\/\/h2sys.fr\/de\/dienstleistungen\/\"},{\"@type\":\"ListItem\",\"position\":2,\"name\":\"Range Extender\"}]},{\"@type\":\"WebSite\",\"@id\":\"https:\/\/h2sys.fr\/#website\",\"url\":\"https:\/\/h2sys.fr\/\",\"name\":\"H2SYS\",\"description\":\"Un site utilisant WordPress\",\"publisher\":{\"@id\":\"https:\/\/h2sys.fr\/#organization\"},\"potentialAction\":[{\"@type\":\"SearchAction\",\"target\":{\"@type\":\"EntryPoint\",\"urlTemplate\":\"https:\/\/h2sys.fr\/?s={search_term_string}\"},\"query-input\":\"required name=search_term_string\"}],\"inLanguage\":\"de\"},{\"@type\":\"Organization\",\"@id\":\"https:\/\/h2sys.fr\/#organization\",\"name\":\"H2SYS\",\"url\":\"https:\/\/h2sys.fr\/\",\"logo\":{\"@type\":\"ImageObject\",\"inLanguage\":\"de\",\"@id\":\"https:\/\/h2sys.fr\/#\/schema\/logo\/image\/\",\"url\":\"https:\/\/h2sys.fr\/wp-content\/uploads\/2021\/08\/LOGO-FOOTER.png\",\"contentUrl\":\"https:\/\/h2sys.fr\/wp-content\/uploads\/2021\/08\/LOGO-FOOTER.png\",\"width\":311,\"height\":202,\"caption\":\"H2SYS\"},\"image\":{\"@id\":\"https:\/\/h2sys.fr\/#\/schema\/logo\/image\/\"}}]}<\/script>\n<!-- \/ Yoast SEO plugin. -->","yoast_head_json":{"title":"Range Extender - H2SYS","description":"Verl\u00e4ngern Sie die Reichweite Ihrer Elektrofahrzeuge und -maschinen mit einem Range Extender, der aus einer mit einem Tank gekoppelten Wasserstoffzelle besteht.","robots":{"index":"index","follow":"follow","max-snippet":"max-snippet:-1","max-image-preview":"max-image-preview:large","max-video-preview":"max-video-preview:-1"},"canonical":"https:\/\/h2sys.fr\/de\/dienstleistungen\/range-extender\/","og_locale":"de_DE","og_type":"article","og_title":"Range Extender - H2SYS","og_description":"Verl\u00e4ngern Sie die Reichweite Ihrer Elektrofahrzeuge und -maschinen mit einem Range Extender, der aus einer mit einem Tank gekoppelten Wasserstoffzelle besteht.","og_url":"https:\/\/h2sys.fr\/de\/dienstleistungen\/range-extender\/","og_site_name":"H2SYS","article_modified_time":"2022-08-30T08:02:37+00:00","twitter_card":"summary_large_image","twitter_misc":{"Gesch\u00e4tzte Lesezeit":"16\u00a0Minuten"},"schema":{"@context":"https:\/\/schema.org","@graph":[{"@type":"WebPage","@id":"https:\/\/h2sys.fr\/de\/dienstleistungen\/range-extender\/","url":"https:\/\/h2sys.fr\/de\/dienstleistungen\/range-extender\/","name":"Range Extender - H2SYS","isPartOf":{"@id":"https:\/\/h2sys.fr\/#website"},"datePublished":"2022-08-30T08:02:36+00:00","dateModified":"2022-08-30T08:02:37+00:00","description":"Verl\u00e4ngern Sie die Reichweite Ihrer Elektrofahrzeuge und -maschinen mit einem Range Extender, der aus einer mit einem Tank gekoppelten Wasserstoffzelle besteht.","breadcrumb":{"@id":"https:\/\/h2sys.fr\/de\/dienstleistungen\/range-extender\/#breadcrumb"},"inLanguage":"de","potentialAction":[{"@type":"ReadAction","target":["https:\/\/h2sys.fr\/de\/dienstleistungen\/range-extender\/"]}]},{"@type":"BreadcrumbList","@id":"https:\/\/h2sys.fr\/de\/dienstleistungen\/range-extender\/#breadcrumb","itemListElement":[{"@type":"ListItem","position":1,"name":"Dienstleistungen","item":"https:\/\/h2sys.fr\/de\/dienstleistungen\/"},{"@type":"ListItem","position":2,"name":"Range Extender"}]},{"@type":"WebSite","@id":"https:\/\/h2sys.fr\/#website","url":"https:\/\/h2sys.fr\/","name":"H2SYS","description":"Un site utilisant WordPress","publisher":{"@id":"https:\/\/h2sys.fr\/#organization"},"potentialAction":[{"@type":"SearchAction","target":{"@type":"EntryPoint","urlTemplate":"https:\/\/h2sys.fr\/?s={search_term_string}"},"query-input":"required name=search_term_string"}],"inLanguage":"de"},{"@type":"Organization","@id":"https:\/\/h2sys.fr\/#organization","name":"H2SYS","url":"https:\/\/h2sys.fr\/","logo":{"@type":"ImageObject","inLanguage":"de","@id":"https:\/\/h2sys.fr\/#\/schema\/logo\/image\/","url":"https:\/\/h2sys.fr\/wp-content\/uploads\/2021\/08\/LOGO-FOOTER.png","contentUrl":"https:\/\/h2sys.fr\/wp-content\/uploads\/2021\/08\/LOGO-FOOTER.png","width":311,"height":202,"caption":"H2SYS"},"image":{"@id":"https:\/\/h2sys.fr\/#\/schema\/logo\/image\/"}}]}},"_links":{"self":[{"href":"https:\/\/h2sys.fr\/de\/wp-json\/wp\/v2\/pages\/17691","targetHints":{"allow":["GET"]}}],"collection":[{"href":"https:\/\/h2sys.fr\/de\/wp-json\/wp\/v2\/pages"}],"about":[{"href":"https:\/\/h2sys.fr\/de\/wp-json\/wp\/v2\/types\/page"}],"author":[{"embeddable":true,"href":"https:\/\/h2sys.fr\/de\/wp-json\/wp\/v2\/users\/1"}],"replies":[{"embeddable":true,"href":"https:\/\/h2sys.fr\/de\/wp-json\/wp\/v2\/comments?post=17691"}],"version-history":[{"count":3,"href":"https:\/\/h2sys.fr\/de\/wp-json\/wp\/v2\/pages\/17691\/revisions"}],"predecessor-version":[{"id":17694,"href":"https:\/\/h2sys.fr\/de\/wp-json\/wp\/v2\/pages\/17691\/revisions\/17694"}],"up":[{"embeddable":true,"href":"https:\/\/h2sys.fr\/de\/wp-json\/wp\/v2\/pages\/17685"}],"wp:attachment":[{"href":"https:\/\/h2sys.fr\/de\/wp-json\/wp\/v2\/media?parent=17691"}],"curies":[{"name":"wp","href":"https:\/\/api.w.org\/{rel}","templated":true}]}}