{"id":17671,"date":"2022-08-30T09:27:11","date_gmt":"2022-08-30T07:27:11","guid":{"rendered":"https:\/\/h2sys.fr\/impressum\/"},"modified":"2022-08-30T09:27:11","modified_gmt":"2022-08-30T07:27:11","slug":"impressum","status":"publish","type":"page","link":"https:\/\/h2sys.fr\/de\/impressum\/","title":{"rendered":"Impressum"},"content":{"rendered":"<h2>HERAUSGEBER DER WEBSITE<\/h2>\n<p>H2SYS<br \/>\n19 rue Becquerel<br \/>\n90000 Belfort<br \/>\nTel. +33 3 39 03 40 93<\/p>\n<h2>LEITER DER VER\u00d6FFENTLICHUNG<\/h2>\n<p>S\u00e9bastien Faivre &#8211; CEO<\/p>\n<h2>HOSTING DER WEBSITE<\/h2>\n<p>1&amp;1 Internet SARL<br \/>\n7, place de la Gare (Platz des Bahnhofs)<br \/>\nBP 70109<br \/>\n57201 Sarreguemines Cedex<\/p>\n<p>SARL mit einem Kapital von 100.000 EUR.<br \/>\nRCS Sarreguemines B 431 303 775<br \/>\nSIRET 431 303 775 000 16<br \/>\nAPE-Code: 6201Z<br \/>\nInnergemeinschaftliche Identifikation FR 13 431303775.<\/p>\n<h2>GESTALTUNG DER WEBSITE<\/h2>\n<p>Thema: Avada Theme by Theme Fusion<br \/>\nDiese Seite verwendet das CMS WordPress.<\/p>\n<h3>ERSTELLUNG VON LINKS ZU DIESER WEBSITE<\/h3>\n<p>H2SYS erlaubt die Einrichtung von Hypertext-Links, die zu seinen Seiten f\u00fchren, unter folgenden Bedingungen:<\/p>\n<p>dass diese Links nicht mithilfe der &#8222;Deep Link&#8220;-Technik erstellt werden und dass folglich die Aktivierung des Links keinen Zweifel an der Adresse der besuchten Seite aufkommen l\u00e4sst und in einem vom urspr\u00fcnglichen Fenster unabh\u00e4ngigen Browserfenster angezeigt wird,<br \/>\ndiese Links nicht unter Verwendung der &#8222;Deep Link&#8220;-Technik erstellt werden und daher die Aktivierung des Links keinen Zweifel an der Adresse der besuchten Website aufkommen l\u00e4sst und in einem Browserfenster angezeigt wird, das vom urspr\u00fcnglichen Fenster unabh\u00e4ngig ist,<br \/>\ndass diese Links nicht mit irgendeiner Website in Verbindung stehen, die diskriminierende, rassistische, pornografische, fremdenfeindliche oder p\u00e4dophile Informationen verbreitet oder allgemein gegen die Moral oder die guten Sitten versto\u00dfen kann.<\/p>\n<h3>WARNHINWEIS ZU DEN INHALTEN<\/h3>\n<p>Trotz aller Sorgfalt, mit der die Integrit\u00e4t der online gestellten Informationen und Dokumente bewahrt wird, k\u00f6nnen Fehler nicht vollst\u00e4ndig ausgeschlossen werden. H2SYS kann f\u00fcr diese zuf\u00e4lligen Fehler nicht haftbar gemacht werden.<\/p>\n<h3>SCHUTZ VON PERS\u00d6NLICHEN DATEN<\/h3>\n<p>Es werden keine pers\u00f6nlichen Informationen ohne Ihr Wissen gesammelt. Es werden keine pers\u00f6nlichen Informationen an Dritte weitergegeben.<\/p>\n<h3>GELTENDES GESETZ<\/h3>\n<p>Sowohl die vorliegende Website als auch die Modalit\u00e4ten und Bedingungen ihrer Nutzung unterliegen dem franz\u00f6sischen Recht, unabh\u00e4ngig vom Ort der Nutzung oder Verbindung. Im Falle einer m\u00f6glichen Anfechtung und nach dem Scheitern aller Versuche, eine g\u00fctliche L\u00f6sung zu finden, sind ausschlie\u00dflich die franz\u00f6sischen Gerichte f\u00fcr diesen Rechtsstreit zust\u00e4ndig.<\/p>\n","protected":false},"excerpt":{"rendered":"<p>HERAUSGEBER DER WEBSITE H2SYS 19 rue Becquerel 90000 Belfort Tel.  [&#8230;]<\/p>\n","protected":false},"author":1,"featured_media":0,"parent":0,"menu_order":0,"comment_status":"closed","ping_status":"closed","template":"","meta":{"footnotes":""},"class_list":["post-17671","page","type-page","status-publish","hentry"],"yoast_head":"<!-- This site is optimized with the Yoast SEO plugin v20.5 - https:\/\/yoast.com\/wordpress\/plugins\/seo\/ -->\n<title>Impressum - H2SYS<\/title>\n<meta name=\"robots\" content=\"index, follow, max-snippet:-1, max-image-preview:large, max-video-preview:-1\" \/>\n<link rel=\"canonical\" href=\"https:\/\/h2sys.fr\/impressum\/\" \/>\n<meta property=\"og:locale\" content=\"de_DE\" \/>\n<meta property=\"og:type\" content=\"article\" \/>\n<meta property=\"og:title\" content=\"Impressum - H2SYS\" \/>\n<meta property=\"og:description\" content=\"HERAUSGEBER DER WEBSITE H2SYS 19 rue Becquerel 90000 Belfort Tel. [...]\" \/>\n<meta property=\"og:url\" content=\"https:\/\/h2sys.fr\/impressum\/\" \/>\n<meta property=\"og:site_name\" content=\"H2SYS\" \/>\n<meta name=\"twitter:card\" content=\"summary_large_image\" \/>\n<meta name=\"twitter:label1\" content=\"Gesch\u00e4tzte Lesezeit\" \/>\n\t<meta name=\"twitter:data1\" content=\"2\u00a0Minuten\" \/>\n<script type=\"application\/ld+json\" class=\"yoast-schema-graph\">{\"@context\":\"https:\/\/schema.org\",\"@graph\":[{\"@type\":\"WebPage\",\"@id\":\"https:\/\/h2sys.fr\/impressum\/\",\"url\":\"https:\/\/h2sys.fr\/impressum\/\",\"name\":\"Impressum - H2SYS\",\"isPartOf\":{\"@id\":\"https:\/\/h2sys.fr\/#website\"},\"datePublished\":\"2022-08-30T07:27:11+00:00\",\"dateModified\":\"2022-08-30T07:27:11+00:00\",\"inLanguage\":\"de\",\"potentialAction\":[{\"@type\":\"ReadAction\",\"target\":[\"https:\/\/h2sys.fr\/impressum\/\"]}]},{\"@type\":\"WebSite\",\"@id\":\"https:\/\/h2sys.fr\/#website\",\"url\":\"https:\/\/h2sys.fr\/\",\"name\":\"H2SYS\",\"description\":\"Un site utilisant WordPress\",\"publisher\":{\"@id\":\"https:\/\/h2sys.fr\/#organization\"},\"potentialAction\":[{\"@type\":\"SearchAction\",\"target\":{\"@type\":\"EntryPoint\",\"urlTemplate\":\"https:\/\/h2sys.fr\/?s={search_term_string}\"},\"query-input\":\"required name=search_term_string\"}],\"inLanguage\":\"de\"},{\"@type\":\"Organization\",\"@id\":\"https:\/\/h2sys.fr\/#organization\",\"name\":\"H2SYS\",\"url\":\"https:\/\/h2sys.fr\/\",\"logo\":{\"@type\":\"ImageObject\",\"inLanguage\":\"de\",\"@id\":\"https:\/\/h2sys.fr\/#\/schema\/logo\/image\/\",\"url\":\"https:\/\/h2sys.fr\/wp-content\/uploads\/2021\/08\/LOGO-FOOTER.png\",\"contentUrl\":\"https:\/\/h2sys.fr\/wp-content\/uploads\/2021\/08\/LOGO-FOOTER.png\",\"width\":311,\"height\":202,\"caption\":\"H2SYS\"},\"image\":{\"@id\":\"https:\/\/h2sys.fr\/#\/schema\/logo\/image\/\"}}]}<\/script>\n<!-- \/ Yoast SEO plugin. -->","yoast_head_json":{"title":"Impressum - H2SYS","robots":{"index":"index","follow":"follow","max-snippet":"max-snippet:-1","max-image-preview":"max-image-preview:large","max-video-preview":"max-video-preview:-1"},"canonical":"https:\/\/h2sys.fr\/impressum\/","og_locale":"de_DE","og_type":"article","og_title":"Impressum - H2SYS","og_description":"HERAUSGEBER DER WEBSITE H2SYS 19 rue Becquerel 90000 Belfort Tel. [...]","og_url":"https:\/\/h2sys.fr\/impressum\/","og_site_name":"H2SYS","twitter_card":"summary_large_image","twitter_misc":{"Gesch\u00e4tzte Lesezeit":"2\u00a0Minuten"},"schema":{"@context":"https:\/\/schema.org","@graph":[{"@type":"WebPage","@id":"https:\/\/h2sys.fr\/impressum\/","url":"https:\/\/h2sys.fr\/impressum\/","name":"Impressum - H2SYS","isPartOf":{"@id":"https:\/\/h2sys.fr\/#website"},"datePublished":"2022-08-30T07:27:11+00:00","dateModified":"2022-08-30T07:27:11+00:00","inLanguage":"de","potentialAction":[{"@type":"ReadAction","target":["https:\/\/h2sys.fr\/impressum\/"]}]},{"@type":"WebSite","@id":"https:\/\/h2sys.fr\/#website","url":"https:\/\/h2sys.fr\/","name":"H2SYS","description":"Un site utilisant WordPress","publisher":{"@id":"https:\/\/h2sys.fr\/#organization"},"potentialAction":[{"@type":"SearchAction","target":{"@type":"EntryPoint","urlTemplate":"https:\/\/h2sys.fr\/?s={search_term_string}"},"query-input":"required name=search_term_string"}],"inLanguage":"de"},{"@type":"Organization","@id":"https:\/\/h2sys.fr\/#organization","name":"H2SYS","url":"https:\/\/h2sys.fr\/","logo":{"@type":"ImageObject","inLanguage":"de","@id":"https:\/\/h2sys.fr\/#\/schema\/logo\/image\/","url":"https:\/\/h2sys.fr\/wp-content\/uploads\/2021\/08\/LOGO-FOOTER.png","contentUrl":"https:\/\/h2sys.fr\/wp-content\/uploads\/2021\/08\/LOGO-FOOTER.png","width":311,"height":202,"caption":"H2SYS"},"image":{"@id":"https:\/\/h2sys.fr\/#\/schema\/logo\/image\/"}}]}},"_links":{"self":[{"href":"https:\/\/h2sys.fr\/de\/wp-json\/wp\/v2\/pages\/17671","targetHints":{"allow":["GET"]}}],"collection":[{"href":"https:\/\/h2sys.fr\/de\/wp-json\/wp\/v2\/pages"}],"about":[{"href":"https:\/\/h2sys.fr\/de\/wp-json\/wp\/v2\/types\/page"}],"author":[{"embeddable":true,"href":"https:\/\/h2sys.fr\/de\/wp-json\/wp\/v2\/users\/1"}],"replies":[{"embeddable":true,"href":"https:\/\/h2sys.fr\/de\/wp-json\/wp\/v2\/comments?post=17671"}],"version-history":[{"count":0,"href":"https:\/\/h2sys.fr\/de\/wp-json\/wp\/v2\/pages\/17671\/revisions"}],"wp:attachment":[{"href":"https:\/\/h2sys.fr\/de\/wp-json\/wp\/v2\/media?parent=17671"}],"curies":[{"name":"wp","href":"https:\/\/api.w.org\/{rel}","templated":true}]}}