{"id":17670,"date":"2022-08-30T09:22:12","date_gmt":"2022-08-30T07:22:12","guid":{"rendered":"https:\/\/h2sys.fr\/datenschutzpolitik\/"},"modified":"2022-08-30T09:22:12","modified_gmt":"2022-08-30T07:22:12","slug":"datenschutzpolitik","status":"publish","type":"page","link":"https:\/\/h2sys.fr\/de\/datenschutzpolitik\/","title":{"rendered":"Datenschutzpolitik"},"content":{"rendered":"<p>Die von H2SYS implementierte Datenschutzrichtlinie ist von unserer Website aus von jeder Seite der Website <a href=\"http:\/\/www.h2sys.fr\">www.h2sys.fr<\/a> aus zug\u00e4nglich, indem du auf den Link Datenschutzrichtlinie am Ende der Seite klickst,<\/p>\n<h2><strong>1. Allgemeine Informationen<\/strong><\/h2>\n<p>H2SYS h\u00e4lt sich an die Bestimmungen der Europ\u00e4ischen Verordnung (2016\/679) vom 4. Mai 2016 zum Schutz nat\u00fcrlicher Personen bei der Verarbeitung personenbezogener Daten und zum freien Datenverkehr sowie an die Bestimmungen des franz\u00f6sischen Datenschutzgesetzes vom 6. Januar 1978 (in der Fassung vom 6. August 2004) (im Folgenden &#8222;Loi Informatique et Libert\u00e9s&#8220; genannt). So hat H2SYS die Sammlung und Verarbeitung Ihrer pers\u00f6nlichen Daten bei der Nationalen Kommission f\u00fcr Informatik und Freiheiten (CNIL) \u00fcber den Korrespondenten f\u00fcr Informatik und Freiheiten von H2SYS (im Folgenden der &#8222;Datenschutzbeauftragte oder &#8222;DPO&#8220;&#8220;) angemeldet. Der Datenschutzbeauftragte kann per Kontaktformular oder unter der folgenden Adresse kontaktiert werden:<\/p>\n<p>Abteilung Datenschutz<br \/>\nH2SYS<br \/>\n19 rue Becquerel<br \/>\n90000 Belfort<\/p>\n<p>Auf dieser Seite wird der Rahmen f\u00fcr die Aus\u00fcbung unserer Datenschutzpolitik detailliert erl\u00e4utert, indem wir Sie insbesondere \u00fcber folgende Themen informieren:<\/p>\n<p>Welcher Art sind die von H2SYS gesammelten personenbezogenen Daten?<br \/>\nAuf welche Weise werden Ihre pers\u00f6nlichen Daten gesammelt und welche Ma\u00dfnahmen ergreift H2SYS, um ihren Schutz zu gew\u00e4hrleisten?<br \/>\nF\u00fcr welche Zwecke sammelt H2SYS Ihre pers\u00f6nlichen Daten?<br \/>\nWer ist der Verantwortliche f\u00fcr die Verarbeitung Ihrer von H2SYS gesammelten pers\u00f6nlichen Daten?<br \/>\nWie k\u00f6nnen Sie Ihre Rechte in Bezug auf Ihre personenbezogenen Daten aus\u00fcben?<\/p>\n<h2>2. Pers\u00f6nliche Daten<\/h2>\n<p>Pers\u00f6nliche Daten&#8220; bezieht sich auf Informationen \u00fcber Sie als nat\u00fcrliche Person, die Sie freiwillig durch Ausf\u00fcllen eines Formulars auf der Website oder bei einem Telefonanruf \u00fcbermitteln oder die H2SYS im Rahmen Ihrer Navigation sammelt und die es H2SYS unabh\u00e4ngig von ihrer Art erm\u00f6glichen, Sie direkt oder indirekt zu identifizieren (es gen\u00fcgt, wenn Sie einfach identifizierbar sind). Personenbezogene Daten umfassen daher namentliche Daten (wie Ihren Namen, Vornamen, Ihre E-Mail-Adresse, Ihre Telefonnummer usw.) und elektronische Identifikationsdaten, die auf oder von Ihrem Endger\u00e4t (Computer, Smartphone oder Tablet) aus verf\u00fcgbar sind, wie &#8222;Cookies&#8220; oder &#8222;IP-Adressen&#8220;. Wir weisen Sie darauf hin, dass die elektronischen Identifikationsdaten es erm\u00f6glichen, Ihr Verbindungsterminal oder die Seiten, die Sie im Laufe Ihrer Navigation auf der Website aufgerufen haben, zu identifizieren, und im Allgemeinen allein nicht ausreichen, um Sie namentlich zu identifizieren.<\/p>\n<h2>3. Erhebung von Daten<\/h2>\n<p>Auf der Grundlage unserer Bed\u00fcrfnisse, um mit Ihnen zu kommunizieren, und unseres berechtigten Interesses sammeln wir Ihre personenbezogenen Daten, wenn: Sie auf den Seiten der H2SYS-Website surfen, Sie eine Kontaktanfrage stellen, Sie uns unter der Nummer +33 3 39 03 40 93 anrufen, H2SYS Informationen sammelt, die f\u00fcr die Beantwortung Ihrer Anfragen unerl\u00e4sslich sind. Sie sind auf den verschiedenen Seiten und Formularen der Website mit einem Sternchen gekennzeichnet. Andere Informationen sind fakultativ und erm\u00f6glichen es uns, Sie besser kennenzulernen und unsere Dienstleistungen und unseren Austausch zu verbessern. Zu den unumg\u00e4nglichen Informationen, die von H2SYS gesammelt werden, geh\u00f6ren insbesondere Ihr Name, Vorname, Ihre E-Mail-Adresse und Ihre Telefonnummer. Wenn Sie freiwillig pers\u00f6nliche Daten \u00fcber sich selbst angeben, insbesondere wenn es sich um Multimedia-Inhalte (Fotos, Videos usw.) handelt, verpflichten Sie sich, genaue Informationen zu \u00fcbermitteln, die die Interessen oder Rechte Dritter nicht beeintr\u00e4chtigen.<\/p>\n<h2>4. Cookies<\/h2>\n<p>Wenn Sie unsere Websites besuchen, werden Ihre pers\u00f6nlichen Daten mithilfe von Cookies gesammelt. Wir teilen sie in zwei Kategorien ein: &#8222;Interne&#8220; Cookies, die von H2SYS verwaltet werden, und &#8222;Drittanbieter&#8220;-Cookies, die von unseren Partnern und Dienstleistern bereitgestellt werden. Diese Cookies nehmen zwei Formen an: Textdateien, die vom Browser Ihres Endger\u00e4ts auf Anfrage unseres IT-Servers oder der Server unserer Partner und Dienstleister gespeichert werden. Bei diesen Cookies handelt es sich nicht um b\u00f6sartige Anwendungen. Sie erm\u00f6glichen es auch nicht, Sie namentlich zu identifizieren, sondern speichern Informationen \u00fcber Ihre Navigation (aufgerufene Seiten, Datum und Uhrzeit des Aufrufs, IP-Adresse usw.). Die Dauer der Speicherung dieser Cookies in Ihrem Endger\u00e4t ist je nach Bedarf unterschiedlich: vom sofortigen Ablauf nach dem Schlie\u00dfen Ihres Browsers bis zur gesetzlichen H\u00f6chstgrenze von 13 Monaten; Computer-Skripte (auch &#8222;Marker&#8220;, &#8222;Tags&#8220; oder &#8222;Pixel&#8220; genannt), die im Code jeder unserer Seiten hinterlegt werden, um Ihre Navigation zu verfolgen und Ihre pers\u00f6nlichen Daten zu sammeln. Wir weisen Sie jedoch darauf hin, dass wir, wenn Sie die Nutzung Ihres Terminals mit anderen Personen teilen, nicht sicher sein k\u00f6nnen, dass die gesammelten personenbezogenen Daten Ihrer eigenen Nutzung und nicht der Nutzung durch einen anderen Nutzer entsprechen.<\/p>\n<h2>5. Zweck, Verarbeitung und Dauer der Speicherung von Daten<\/h2>\n<h3>5.1. Verwendung von Cookies<\/h3>\n<p>Wir m\u00fcssen sicherstellen, dass Sie der Verwendung von Cookies zustimmen, wenn Sie auf den Websites surfen. Diese Wahl Ihrerseits erfolgt entweder durch Schlie\u00dfen des Cookie-Warnbanners, das auf der ersten Seite Ihres Besuchs angezeigt wird, oder durch Klicken auf die Schaltfl\u00e4che &#8222;Akzeptieren&#8220; im Banner der Website oder durch Fortsetzen Ihrer Navigation nach diesen Warnungen. Wir speichern Ihre Wahl 13 Monate lang.<\/p>\n<h3>5.2. Online-Dienste<\/h3>\n<h4>5.2.1. Videoinhalte<\/h4>\n<p>Wir verbreiten Videoinhalte, um f\u00fcr unser Unternehmen zu werben. YouTube ist ein Dienst des Unternehmens Google. Einige unserer Seiten nutzen den YouTube-Videoplayer, um unsere Videos zu verbreiten. Dieser Player kommuniziert mit den YouTube-Servern, die aufzeichnen, welche Seiten Sie besucht haben. Wenn Sie bei YouTube eingeloggt sind, werden Ihre Browserinformationen mit Ihrem pers\u00f6nlichen Profil verkn\u00fcpft. Sie k\u00f6nnen dem widersprechen, indem Sie sich zuvor aus Ihrem YouTube-Konto ausloggen. Wir haben keine Kontrolle \u00fcber den von Google verwendeten Prozess. Wir empfehlen Ihnen, die Datenschutzrichtlinie von Google zu lesen, um sich \u00fcber die Zwecke der Nutzung, einschlie\u00dflich Werbung, der Navigationsinformationen zu informieren, die Google aufgrund Ihrer Nutzung des YouTube-Players sammeln kann.<\/p>\n<h4>5.2.2. Teilen von Inhalten<\/h4>\n<p>Wir bieten Ihnen die M\u00f6glichkeit, Informationen \u00fcber unser Unternehmen mit Ihren Freunden und Verwandten zu teilen. Beim Teilen in sozialen Netzwerken werden keine pers\u00f6nlichen Daten zwischen H2SYS und den sozialen Netzwerken ausgetauscht. Ihre Verbindungsinformationen bleiben streng vertraulich und sind H2SYS nicht bekannt. Wir haben keine Kontrolle \u00fcber den Prozess, den soziale Netzwerke anwenden, um Informationen \u00fcber Ihr Surfen auf unserer Website zu sammeln und sie mit den ihnen zur Verf\u00fcgung stehenden pers\u00f6nlichen Daten zu verkn\u00fcpfen. Wir laden Sie ein, die Datenschutzrichtlinien dieser sozialen Netzwerke zu konsultieren, um sich \u00fcber die Zwecke der Nutzung, insbesondere der Werbung, der Navigationsinformationen zu informieren, die sie durch das Teilen von Seiten sammeln k\u00f6nnen. Diese Datenschutzrichtlinien sollen es Ihnen insbesondere erm\u00f6glichen, Ihre Wahlm\u00f6glichkeiten bei diesen sozialen Netzwerken auszu\u00fcben, insbesondere durch die Einstellung Ihrer Nutzungskonten in jedem dieser Netzwerke.<\/p>\n<h4>5.2.3. Navigation<\/h4>\n<p>Wir verpflichten uns, Ihnen die bestm\u00f6gliche Erfahrung auf unseren Websites zu garantieren. Um Ihre Browsersitzung technisch zu verfolgen und zu verwalten, wird Ihnen eine Besucher-ID zugeteilt und in Ihrem Terminal hinterlegt. Sie wird von den IT-Servern verwendet, um den reibungslosen Ablauf Ihres Besuchs auf den Websites zu gew\u00e4hrleisten. Das verwendete Cookie verf\u00e4llt, wenn Sie Ihren Browser schlie\u00dfen.<\/p>\n<h3>\n5.3. Messung des Publikums<\/h3>\n<p>Wir m\u00f6chten wissen, welche Seiten Sie am meisten interessieren und \u00fcber das Profil der Internetnutzer, die uns besuchen, informiert werden. Die Verfolgung Ihres Surfverhaltens auf unseren Websites erm\u00f6glicht die Erstellung von Verkehrsstatistiken (Besuche, aufgerufene Seiten, Navigationspfad, verbrachte Zeit, Browser, angeklickte Schaltfl\u00e4chen, ausgef\u00fcllte Formulare, Endger\u00e4t, Standort der Stadt, in der sich das Internet-Gateway Ihres Internetanbieters befindet usw.). Die zu diesem Zweck gesammelten Daten erm\u00f6glichen es uns nicht, Sie namentlich zu identifizieren oder Ihre Kontaktdaten zu erfahren. Sie erm\u00f6glichen uns, die allgemeine Leistung unserer Website im Rahmen unserer Marketing- und Werbeaktionen zu analysieren, auch zugunsten der Partner von H2SYS, die H2SYS bei diesem Thema begleiten, und zwar nur f\u00fcr diesen Zweck und auf streng vertrauliche Weise. Diese Daten werden von der Firma Manon Horlacher, freiberuflicher Webdesigner, mit der L\u00f6sung Analytics Suite &#8211; und von Google mit der L\u00f6sung Google Analytics &#8211; gesammelt. Manon Horlacher, freelance webdesigner speichert die Daten f\u00fcr 6 Monate. Die Berichte von Manon Horlacher, freelance webdesigner werden uns f\u00fcr die Dauer der Gesch\u00e4ftsbeziehung mit H2SYS zuz\u00fcglich 6 Monate zur Verf\u00fcgung gestellt. Google speichert diese Daten 18 Monate lang. Nach Ablauf dieser Frist werden sie &#8222;anonymisiert&#8220;. Die Publikumsberichte werden H2SYS \u00fcber eine sichere Verbindung zur Verf\u00fcgung gestellt.<\/p>\n<h2>6. \u00c4nderung Ihrer Cookie-Einstellungen<\/h2>\n<p>Die Speicherung eines Cookies bleibt von Ihrem Willen abh\u00e4ngig. Sie haben daher die M\u00f6glichkeit, Ihren Browser so zu konfigurieren, dass Sie die Speicherung von Cookies ganz oder teilweise (insbesondere je nach Sender) ablehnen k\u00f6nnen. Die Konfiguration bietet Ihnen auch die M\u00f6glichkeit, Cookies punktuell anzunehmen oder abzulehnen, bevor sie in Ihrem Terminal gespeichert werden. Angesichts der oben beschriebenen Zwecke von Cookies kann jede Einstellung, die darauf abzielt, die Speicherung von Cookies abzulehnen, Ihre Navigation und\/oder die Funktionen und Dienste sowie die Bedingungen f\u00fcr den Zugang zu bestimmten Diensten, die Cookies erfordern, ver\u00e4ndern. Sie haben auch die M\u00f6glichkeit, eine Drittanbieteranwendung (&#8222;Erweiterung&#8220; oder &#8222;Add-on&#8220;) auf Ihrem Browser zu installieren, mit der Sie Cookies blockieren k\u00f6nnen, die Ihr Surfverhalten zu Werbezwecken verfolgen.<\/p>\n<h3>6.1. \u00c4nderung Ihrer Pr\u00e4ferenzen in den Einstellungen Ihres Browsers.<\/h3>\n<p>Sie k\u00f6nnen Ihre W\u00fcnsche in Bezug auf Cookies \u00fcber die unten aufgef\u00fchrten Verfahren der wichtigsten Browser \u00e4ndern.<\/p>\n<p><strong>Google Chrome<\/strong><\/p>\n<p>Klicken Sie auf das Men\u00fc und dann auf &#8222;Einstellungen&#8220; und rufen Sie die erweiterten Einstellungen auf. Klicken Sie im Abschnitt &#8222;Datenschutz und Sicherheit&#8220; auf &#8222;Inhaltseinstellungen&#8220; und w\u00e4hlen Sie unter &#8222;Cookies&#8220; die gew\u00fcnschte Einstellung aus. Weitere Informationen finden Sie im Hilfebereich von Google Chrome.<\/p>\n<p><strong>Mozilla Firefox<\/strong><\/p>\n<p>\u00d6ffnen Sie das Men\u00fc &#8222;Extras&#8220; und dann &#8222;Optionen&#8220; und klicken Sie auf das Symbol &#8222;Privatsph\u00e4re und Sicherheit&#8220;. Aktivieren Sie in der Rubrik &#8222;Cookies und Websitedaten&#8220; die Cookies entsprechend Ihren Einstellungen oder deaktivieren Sie sie. Besuchen Sie den Supportbereich von Firefox, um weitere Informationen zu erhalten.<\/p>\n<p><strong>Microsoft Edge<\/strong><\/p>\n<p>Klicken Sie auf &#8222;Mehr&#8220; und w\u00e4hlen Sie &#8222;Einstellungen&#8220; und dann &#8222;Erweiterte Einstellungen anzeigen&#8220;. Unter &#8222;Datenschutz und Dienste &gt; Cookies&#8220; k\u00f6nnen Sie Cookies blockieren. Besuchen Sie die Microsoft-Website zum Thema Datenschutz, um weitere Informationen zu erhalten.<\/p>\n<p><strong>Opera<\/strong><\/p>\n<p>\u00d6ffnen Sie das Men\u00fc &#8222;Einstellungen &gt; Erweitert &gt; Cookies&#8220; und stellen Sie dort Ihre Pr\u00e4ferenzen ein. Besuchen Sie die Cookie-Seite von Opera, um weitere Informationen zu erhalten.<\/p>\n<p><strong>Safari<\/strong><\/p>\n<p>Rufen Sie das Men\u00fc &#8222;Einstellungen&#8220; auf, klicken Sie auf &#8222;Datenschutz&#8220; und w\u00e4hlen Sie dann Ihre Einstellungen aus. Besuchen Sie die Hilfeseite zur Verwaltung von Cookies mit Safari.<\/p>\n<h3>6.2 Installation einer Erweiterung zum Blockieren von Werbung.<\/h3>\n<p>Ihr Browser erm\u00f6glicht Ihnen die Installation von Erweiterungen, die Werbung blockieren, indem sie das Laden von Cookies verhindern, die Ihr Surfen auf Websites verfolgen. AdBlock und Ghostery geh\u00f6ren zu den am h\u00e4ufigsten verwendeten Erweiterungen.<\/p>\n<h2>7. Verantwortlicher f\u00fcr die Verarbeitung und Aus\u00fcbung Ihrer Rechte &#8222;Informatik und Freiheiten&#8220;<\/h2>\n<h3>7.1. Verantwortlicher f\u00fcr die Verarbeitung<\/h3>\n<p>Im Hinblick auf die im Kapitel &#8222;5. Zweck, Verarbeitung und Speicherdauer der Daten&#8220; beschriebenen Bestimmungen ist der Verantwortliche f\u00fcr die Verarbeitung die Kommunikationsabteilung von H2SYS. Die Anschrift des f\u00fcr die Verarbeitung Verantwortlichen lautet wie folgt:<\/p>\n<p>Abteilung Datenschutz<br \/>\nH2SYS<br \/>\n19 rue Becquerel<br \/>\n90000 Belfort<\/p>\n<h3>7.2. Aus\u00fcbung Ihrer Rechte &#8222;Informatik und Freiheiten&#8220;.<\/h3>\n<p>&nbsp;<\/p>\n<p>Sie haben ein allgemeines Recht auf Information, \u00dcberpr\u00fcfung, Berichtigung, Widerspruch und L\u00f6schung Ihrer personenbezogenen Daten, die auf den Websites gesammelt wurden. Sie k\u00f6nnen dieses Recht aus\u00fcben, indem Sie uns ein Formular f\u00fcr pers\u00f6nliche Daten auf dieser Seite oder per Post an die oben genannte Adresse senden. Damit wir diesem Antrag nachkommen k\u00f6nnen, m\u00fcssen Sie uns die zu Ihrer Identifizierung erforderlichen Elemente zusenden: Kopie eines Identit\u00e4tsnachweises, Name, Vorname, E-Mail und eventuell Ihre Postanschrift. Wir setzen uns daf\u00fcr ein, dass unsere Partner die Gesetze zum Schutz personenbezogener Daten einhalten, und \u00fcberwachen dies st\u00e4ndig. Wir haben jedoch keine Kontrolle dar\u00fcber, wie sie Ihre Daten sammeln und verarbeiten. Die Aus\u00fcbung Ihrer Rechte &#8222;Informatik und Freiheiten&#8220; erfolgt bei dem f\u00fcr die Verarbeitung Verantwortlichen jedes dieser Partner.<\/p>\n<h2>8. Weitergabe und Ver\u00f6ffentlichung von Daten<\/h2>\n<p>Die Gesellschaft H2SYS und &#8211; gegebenenfalls &#8211; ihre Rechtsnachfolger sind die Nutznie\u00dfer der auf den Websites gesammelten Daten. H2SYS gibt Ihre pers\u00f6nlichen Daten nur in den folgenden Situationen an Dritte weiter: um die Dienstleistungen zu erbringen, f\u00fcr die Sie uns anfragen oder die wir Ihnen anbieten, wie im Kapitel &#8222;3. Datenerfassung&#8220; und den Paragraphen &#8222;5.2. Online-Dienste&#8220;, um ihre legitimen Bed\u00fcrfnisse zu erf\u00fcllen, wie in Abschnitt &#8222;5.3. Messung des Publikums&#8220;, wenn H2SYS die Anfrage einer Justizbeh\u00f6rde oder einer gesetzlich befugten Verwaltungsbeh\u00f6rde erh\u00e4lt, die die Offenlegung dieser Informationen gem\u00e4\u00df den geltenden gesetzlichen Bestimmungen fordert. Dritte, die Daten empfangen, unterliegen den geltenden Gesetzen zum Schutz personenbezogener Daten. H2SYS und seine Partner geben Ihre personenbezogenen Daten weder kostenlos noch gegen Entgelt weiter.<\/p>\n<h2>9. Daten, die vom Internetnutzer ohne Aufforderung von H2SYS \u00fcbermittelt werden.<\/h2>\n<p>H2SYS bittet Sie, keine Inhalte zu \u00fcbermitteln, die nicht durch einen Fragebogen oder ein anderes Sammelformular angefordert werden, wie z. B. kommerzielle Informationen oder Angebote, Werbung, pers\u00f6nliche Kreationen, Ideen, Konzepte, Lebensl\u00e4ufe etc. Wenn Sie freiwillig pers\u00f6nliche Daten \u00fcber sich selbst zur Verf\u00fcgung stellen, insbesondere wenn es sich um Multimedia-Inhalte (Fotos, Videos usw.) handelt, verpflichten Sie sich, Informationen zu \u00fcbermitteln, die korrekt sind und die Interessen oder Rechte Dritter nicht beeintr\u00e4chtigen.<\/p>\n<h2>10. Sicherheitsma\u00dfnahmen<\/h2>\n<p>H2SYS unternimmt alle Anstrengungen, um Ihre pers\u00f6nlichen Daten vor Besch\u00e4digung, Verlust, Entwendung, Eindringen, Offenlegung, Ver\u00e4nderung oder Zerst\u00f6rung zu sch\u00fctzen. Die in Frankreich angesiedelten Computersysteme von H2SYS sind insbesondere mit einem Datenverschl\u00fcsselungssystem und einer Software-Schutzvorrichtung ausgestattet. Verfahren zur physischen und elektronischen Sicherung der auf der Website gesammelten Daten werden in \u00dcbereinstimmung mit den geltenden europ\u00e4ischen und franz\u00f6sischen Rechtsvorschriften zum Schutz personenbezogener Daten angewandt. Die Mitarbeiter von H2SYS, die aufgrund ihrer Funktion Zugang zu Ihren pers\u00f6nlichen Daten haben, verpflichten sich in dieser Hinsicht zur strengsten Vertraulichkeit. H2SYS hat jedoch nicht alle Risiken im Zusammenhang mit der Funktionsweise des Internets unter Kontrolle und weist Sie auf m\u00f6gliche Risiken im Hinblick auf punktuelle Datenverluste oder die Verletzung der Vertraulichkeit von Daten hin, die \u00fcber das Internet \u00fcbertragen werden. Die auf der Website angebotenen Informationen k\u00f6nnen aufgrund von h\u00f6herer Gewalt oder Ereignissen, die au\u00dferhalb des Einflussbereichs von H2SYS liegen, oder aufgrund von Ereignissen, die nicht in den Verantwortungsbereich von H2SYS fallen, unterbrochen werden.<\/p>\n<h2>11. Verwendung der Daten im Falle eines Wechsels der Kontrolle \u00fcber das Unternehmen<\/h2>\n<p>Die von H2SYS gesammelten Daten k\u00f6nnten im Rahmen eines Kontrollwechsels des Unternehmens, einer \u00dcbernahme, eines Kollektivverfahrens oder eines Verkaufs der Verm\u00f6genswerte des Unternehmens an Dritte weitergegeben werden.<\/p>\n<h2>12. Richtlinien zu personenbezogenen Daten von Minderj\u00e4hrigen<\/h2>\n<p>Die Website richtet sich nicht an Minderj\u00e4hrige unter 15 Jahren, die f\u00fcr den Besuch der Website die Zustimmung der Eltern ben\u00f6tigen. Der Zugang ist jedoch nicht auf Erwachsene beschr\u00e4nkt, da die Website keine Inhalte enth\u00e4lt, die f\u00fcr Minderj\u00e4hrige unter 18 Jahren verboten sind. Die Formulare und Frageb\u00f6gen auf der Website dienen nicht dazu, Informationen \u00fcber Minderj\u00e4hrige zu sammeln. Sollten \u00fcber die Website Informationen \u00fcber einen Minderj\u00e4hrigen gesammelt werden, hat der gesetzliche Vertreter des Minderj\u00e4hrigen die M\u00f6glichkeit, die Kommunikationsabteilung von H2SYS zu kontaktieren, um diese Informationen zu berichtigen, zu \u00e4ndern oder zu l\u00f6schen (siehe Abschnitt &#8222;7.2 Aus\u00fcbung Ihrer Rechte &#8222;Informatik und Freiheiten&#8220;&#8220;).<\/p>\n<h2>13. Aktualisierung der Datenschutzrichtlinie<\/h2>\n<p>H2SYS kann die Datenschutzrichtlinie \u00e4ndern. Wenn H2SYS Ihre pers\u00f6nlichen Daten auf eine andere Art und Weise verwenden m\u00f6chte, als in der zum Zeitpunkt der Erhebung g\u00fcltigen Datenschutzrichtlinie festgelegt, werden diese \u00c4nderungen sichtbar auf der Website bekannt gegeben und Sie werden auch per E-Mail benachrichtigt, wenn Sie dies mitgeteilt haben. Aufgrund der \u00c4nderungen, die an der Datenschutzrichtlinie vorgenommen werden k\u00f6nnen, empfehlen wir Ihnen, die Seite &#8222;Datenschutzrichtlinie&#8220; regelm\u00e4\u00dfig zu besuchen.<\/p>\n<h2>14. Fragen \/ Kontakt<\/h2>\n<p>Wenn Sie Fragen oder Kommentare zu den Datenschutzrichtlinien oder dazu haben, wie H2SYS Ihre Daten sammelt und verwendet, k\u00f6nnen Sie eine Nachricht per Kontaktformular oder per Post von H2SYS senden.<\/p>\n<p>&nbsp;<\/p>\n","protected":false},"excerpt":{"rendered":"<p>Die von H2SYS implementierte Datenschutzrichtlinie ist von unserer Website aus  [&#8230;]<\/p>\n","protected":false},"author":1,"featured_media":0,"parent":0,"menu_order":0,"comment_status":"closed","ping_status":"closed","template":"","meta":{"footnotes":""},"class_list":["post-17670","page","type-page","status-publish","hentry"],"yoast_head":"<!-- This site is optimized with the Yoast SEO plugin v20.5 - https:\/\/yoast.com\/wordpress\/plugins\/seo\/ -->\n<title>Datenschutzpolitik - H2SYS<\/title>\n<meta name=\"robots\" content=\"index, follow, max-snippet:-1, max-image-preview:large, max-video-preview:-1\" \/>\n<link rel=\"canonical\" href=\"https:\/\/h2sys.fr\/datenschutzpolitik\/\" \/>\n<meta property=\"og:locale\" content=\"de_DE\" \/>\n<meta property=\"og:type\" content=\"article\" \/>\n<meta property=\"og:title\" content=\"Datenschutzpolitik - H2SYS\" \/>\n<meta property=\"og:description\" content=\"Die von H2SYS implementierte Datenschutzrichtlinie ist von unserer Website aus [...]\" \/>\n<meta property=\"og:url\" content=\"https:\/\/h2sys.fr\/datenschutzpolitik\/\" \/>\n<meta property=\"og:site_name\" content=\"H2SYS\" \/>\n<meta name=\"twitter:card\" content=\"summary_large_image\" \/>\n<meta name=\"twitter:label1\" content=\"Gesch\u00e4tzte Lesezeit\" \/>\n\t<meta name=\"twitter:data1\" content=\"13\u00a0Minuten\" \/>\n<script type=\"application\/ld+json\" class=\"yoast-schema-graph\">{\"@context\":\"https:\/\/schema.org\",\"@graph\":[{\"@type\":\"WebPage\",\"@id\":\"https:\/\/h2sys.fr\/datenschutzpolitik\/\",\"url\":\"https:\/\/h2sys.fr\/datenschutzpolitik\/\",\"name\":\"Datenschutzpolitik - H2SYS\",\"isPartOf\":{\"@id\":\"https:\/\/h2sys.fr\/#website\"},\"datePublished\":\"2022-08-30T07:22:12+00:00\",\"dateModified\":\"2022-08-30T07:22:12+00:00\",\"inLanguage\":\"de\",\"potentialAction\":[{\"@type\":\"ReadAction\",\"target\":[\"https:\/\/h2sys.fr\/datenschutzpolitik\/\"]}]},{\"@type\":\"WebSite\",\"@id\":\"https:\/\/h2sys.fr\/#website\",\"url\":\"https:\/\/h2sys.fr\/\",\"name\":\"H2SYS\",\"description\":\"Un site utilisant WordPress\",\"publisher\":{\"@id\":\"https:\/\/h2sys.fr\/#organization\"},\"potentialAction\":[{\"@type\":\"SearchAction\",\"target\":{\"@type\":\"EntryPoint\",\"urlTemplate\":\"https:\/\/h2sys.fr\/?s={search_term_string}\"},\"query-input\":\"required name=search_term_string\"}],\"inLanguage\":\"de\"},{\"@type\":\"Organization\",\"@id\":\"https:\/\/h2sys.fr\/#organization\",\"name\":\"H2SYS\",\"url\":\"https:\/\/h2sys.fr\/\",\"logo\":{\"@type\":\"ImageObject\",\"inLanguage\":\"de\",\"@id\":\"https:\/\/h2sys.fr\/#\/schema\/logo\/image\/\",\"url\":\"https:\/\/h2sys.fr\/wp-content\/uploads\/2021\/08\/LOGO-FOOTER.png\",\"contentUrl\":\"https:\/\/h2sys.fr\/wp-content\/uploads\/2021\/08\/LOGO-FOOTER.png\",\"width\":311,\"height\":202,\"caption\":\"H2SYS\"},\"image\":{\"@id\":\"https:\/\/h2sys.fr\/#\/schema\/logo\/image\/\"}}]}<\/script>\n<!-- \/ Yoast SEO plugin. -->","yoast_head_json":{"title":"Datenschutzpolitik - H2SYS","robots":{"index":"index","follow":"follow","max-snippet":"max-snippet:-1","max-image-preview":"max-image-preview:large","max-video-preview":"max-video-preview:-1"},"canonical":"https:\/\/h2sys.fr\/datenschutzpolitik\/","og_locale":"de_DE","og_type":"article","og_title":"Datenschutzpolitik - H2SYS","og_description":"Die von H2SYS implementierte Datenschutzrichtlinie ist von unserer Website aus [...]","og_url":"https:\/\/h2sys.fr\/datenschutzpolitik\/","og_site_name":"H2SYS","twitter_card":"summary_large_image","twitter_misc":{"Gesch\u00e4tzte Lesezeit":"13\u00a0Minuten"},"schema":{"@context":"https:\/\/schema.org","@graph":[{"@type":"WebPage","@id":"https:\/\/h2sys.fr\/datenschutzpolitik\/","url":"https:\/\/h2sys.fr\/datenschutzpolitik\/","name":"Datenschutzpolitik - H2SYS","isPartOf":{"@id":"https:\/\/h2sys.fr\/#website"},"datePublished":"2022-08-30T07:22:12+00:00","dateModified":"2022-08-30T07:22:12+00:00","inLanguage":"de","potentialAction":[{"@type":"ReadAction","target":["https:\/\/h2sys.fr\/datenschutzpolitik\/"]}]},{"@type":"WebSite","@id":"https:\/\/h2sys.fr\/#website","url":"https:\/\/h2sys.fr\/","name":"H2SYS","description":"Un site utilisant WordPress","publisher":{"@id":"https:\/\/h2sys.fr\/#organization"},"potentialAction":[{"@type":"SearchAction","target":{"@type":"EntryPoint","urlTemplate":"https:\/\/h2sys.fr\/?s={search_term_string}"},"query-input":"required name=search_term_string"}],"inLanguage":"de"},{"@type":"Organization","@id":"https:\/\/h2sys.fr\/#organization","name":"H2SYS","url":"https:\/\/h2sys.fr\/","logo":{"@type":"ImageObject","inLanguage":"de","@id":"https:\/\/h2sys.fr\/#\/schema\/logo\/image\/","url":"https:\/\/h2sys.fr\/wp-content\/uploads\/2021\/08\/LOGO-FOOTER.png","contentUrl":"https:\/\/h2sys.fr\/wp-content\/uploads\/2021\/08\/LOGO-FOOTER.png","width":311,"height":202,"caption":"H2SYS"},"image":{"@id":"https:\/\/h2sys.fr\/#\/schema\/logo\/image\/"}}]}},"_links":{"self":[{"href":"https:\/\/h2sys.fr\/de\/wp-json\/wp\/v2\/pages\/17670","targetHints":{"allow":["GET"]}}],"collection":[{"href":"https:\/\/h2sys.fr\/de\/wp-json\/wp\/v2\/pages"}],"about":[{"href":"https:\/\/h2sys.fr\/de\/wp-json\/wp\/v2\/types\/page"}],"author":[{"embeddable":true,"href":"https:\/\/h2sys.fr\/de\/wp-json\/wp\/v2\/users\/1"}],"replies":[{"embeddable":true,"href":"https:\/\/h2sys.fr\/de\/wp-json\/wp\/v2\/comments?post=17670"}],"version-history":[{"count":0,"href":"https:\/\/h2sys.fr\/de\/wp-json\/wp\/v2\/pages\/17670\/revisions"}],"wp:attachment":[{"href":"https:\/\/h2sys.fr\/de\/wp-json\/wp\/v2\/media?parent=17670"}],"curies":[{"name":"wp","href":"https:\/\/api.w.org\/{rel}","templated":true}]}}